{"id":2465,"date":"2024-10-16T16:30:34","date_gmt":"2024-10-16T14:30:34","guid":{"rendered":"https:\/\/www.camping-closdelachaume.com\/peche-dans-les-vosges\/"},"modified":"2025-02-13T14:29:02","modified_gmt":"2025-02-13T13:29:02","slug":"angeln-in-den-vogesen","status":"publish","type":"page","link":"https:\/\/www.camping-closdelachaume.com\/de\/angeln-in-den-vogesen\/","title":{"rendered":"SEO Angeln in den Vogesen"},"content":{"rendered":"<div class=\"diaporama-header align-full\"><div class=\"gallery\"><figure class=\"gallery__item\"><picture><source srcset=\"https:\/\/www.camping-closdelachaume.com\/wp-content\/uploads\/2024\/10\/AdobeStock_113955616-2-850x501.jpg.webp\" media=\"(max-width: 420px)\"><source srcset=\"https:\/\/www.camping-closdelachaume.com\/wp-content\/uploads\/2024\/10\/AdobeStock_113955616-2-768x452.jpg.webp\" media=\"(max-width: 850px)\"><source srcset=\"https:\/\/www.camping-closdelachaume.com\/wp-content\/uploads\/2024\/10\/AdobeStock_113955616-2-1024x603.jpg.webp\" media=\"(max-width: 1024px)\"><source srcset=\"https:\/\/www.camping-closdelachaume.com\/wp-content\/uploads\/2024\/10\/AdobeStock_113955616-2.jpg.webp\" media=\"(min-width: 1025px)\"><img loading=\"lazy\" decoding=\"async\" src=\"https:\/\/www.camping-closdelachaume.com\/wp-content\/uploads\/2024\/10\/AdobeStock_113955616-2-600x353.jpg.webp\" width=\"420\" height=\"210\" alt=\"family camping and fishing, river and forest, summer season\" title=\"famille actitivte nature camping clos de la chaume\"><\/picture><\/figure><\/div><div class=\"diaporama-header__inner\"><div class=\"buttons display-flex \" style=\"justify-content:center;\"><span class=\"buttons__btn btn_resa is-style-resa\"><span class=\"fc-icon\"><svg xmlns=\"http:\/\/www.w3.org\/2000\/svg\"  viewBox=\"0 0 512 512\" width=\"16px\" height=\"16px\"><!--! Font Awesome Pro 6.4.2 by @fontawesome - https:\/\/fontawesome.com License - https:\/\/fontawesome.com\/license (Commercial License) Copyright 2023 Fonticons, Inc.--><path d=\"M224 0c-17.7 0-32 14.3-32 32V64H144c-26.5 0-48 21.5-48 48v48H512V112c0-26.5-21.5-48-48-48H416V32c0-17.7-14.3-32-32-32s-32 14.3-32 32V64H256V32c0-17.7-14.3-32-32-32zM96 192V368c0 26.5 21.5 48 48 48H464c26.5 0 48-21.5 48-48V192H96zm-48-8c0-13.3-10.7-24-24-24s-24 10.7-24 24V392c0 66.3 53.7 120 120 120H392c13.3 0 24-10.7 24-24s-10.7-24-24-24H120c-39.8 0-72-32.2-72-72V184z\"\/><\/svg><\/span>  Buchen Sie jetzt!<\/span><\/div><figure class=\"diaporama-header__deco\"><picture><source srcset=\"https:\/\/www.camping-closdelachaume.com\/wp-content\/uploads\/2024\/10\/vague-diapoheader.svg\" media=\"(max-width: 420px)\"><source srcset=\"https:\/\/www.camping-closdelachaume.com\/wp-content\/uploads\/2024\/10\/vague-diapoheader.svg\" media=\"(max-width: 850px)\"><source srcset=\"https:\/\/www.camping-closdelachaume.com\/wp-content\/uploads\/2024\/10\/vague-diapoheader.svg\" media=\"(max-width: 1024px)\"><source srcset=\"https:\/\/www.camping-closdelachaume.com\/wp-content\/uploads\/2024\/10\/vague-diapoheader.svg\" media=\"(min-width: 1025px)\"><img loading=\"lazy\" decoding=\"async\" src=\"https:\/\/www.camping-closdelachaume.com\/wp-content\/uploads\/2024\/10\/vague-diapoheader.svg\" width=\"420\" height=\"210\" title=\"vague-diapoheader\" alt=\"\"><\/picture><\/figure><\/div><\/div>\n\n<div class=\"columns sec-30\"><div class=\"columns__item fade-left\"><div class=\"gallery col-2 f-carousel fc-diapo-mob\"><figure class=\"gallery__item\"><picture><source srcset=\"https:\/\/www.camping-closdelachaume.com\/wp-content\/uploads\/2024\/10\/AdobeStock_53739642-850x567.jpg.webp\" media=\"(max-width: 420px)\"><source srcset=\"https:\/\/www.camping-closdelachaume.com\/wp-content\/uploads\/2024\/10\/AdobeStock_53739642-768x512.jpg.webp\" media=\"(max-width: 850px)\"><source srcset=\"https:\/\/www.camping-closdelachaume.com\/wp-content\/uploads\/2024\/10\/AdobeStock_53739642-1024x683.jpg.webp\" media=\"(max-width: 1024px)\"><source srcset=\"https:\/\/www.camping-closdelachaume.com\/wp-content\/uploads\/2024\/10\/AdobeStock_53739642.jpg.webp\" media=\"(min-width: 1025px)\"><img decoding=\"async\" src=\"https:\/\/www.camping-closdelachaume.com\/wp-content\/uploads\/2024\/10\/AdobeStock_53739642-600x400.jpg.webp\" width=\"420\" height=\"210\" alt=\"P\u00eacheurs au bord d'un lac de moyennes montagnes\" title=\"P\u00eacheurs au bord d&#8217;un lac de moyennes montagnes\" loading=\"lazy\"><\/picture><\/figure><figure class=\"gallery__item\"><picture><source srcset=\"https:\/\/www.camping-closdelachaume.com\/wp-content\/uploads\/2024\/10\/peche-1-850x546.jpg.webp\" media=\"(max-width: 420px)\"><source srcset=\"https:\/\/www.camping-closdelachaume.com\/wp-content\/uploads\/2024\/10\/peche-1-768x494.jpg.webp\" media=\"(max-width: 850px)\"><source srcset=\"https:\/\/www.camping-closdelachaume.com\/wp-content\/uploads\/2024\/10\/peche-1-1024x658.jpg.webp\" media=\"(max-width: 1024px)\"><source srcset=\"https:\/\/www.camping-closdelachaume.com\/wp-content\/uploads\/2024\/10\/peche-1.jpg.webp\" media=\"(min-width: 1025px)\"><img decoding=\"async\" src=\"https:\/\/www.camping-closdelachaume.com\/wp-content\/uploads\/2024\/10\/peche-1-600x386.jpg.webp\" width=\"420\" height=\"210\" alt=\"|k\" title=\"peche dans les vosges\" loading=\"lazy\"><\/picture><\/figure><figure class=\"gallery__item\"><picture><source srcset=\"https:\/\/www.camping-closdelachaume.com\/wp-content\/uploads\/2024\/10\/AdobeStock_14392847-850x565.jpg.webp\" media=\"(max-width: 420px)\"><source srcset=\"https:\/\/www.camping-closdelachaume.com\/wp-content\/uploads\/2024\/10\/AdobeStock_14392847-768x511.jpg.webp\" media=\"(max-width: 850px)\"><source srcset=\"https:\/\/www.camping-closdelachaume.com\/wp-content\/uploads\/2024\/10\/AdobeStock_14392847-1024x681.jpg.webp\" media=\"(max-width: 1024px)\"><source srcset=\"https:\/\/www.camping-closdelachaume.com\/wp-content\/uploads\/2024\/10\/AdobeStock_14392847.jpg.webp\" media=\"(min-width: 1025px)\"><img decoding=\"async\" src=\"https:\/\/www.camping-closdelachaume.com\/wp-content\/uploads\/2024\/10\/AdobeStock_14392847-600x399.jpg.webp\" width=\"420\" height=\"210\" alt=\"p\u00eacheur\" title=\"p\u00eacheur camping clos de la chaume\" loading=\"lazy\"><\/picture><\/figure><\/div><figure class=\"deco deco--2\"><picture><source srcset=\"https:\/\/www.camping-closdelachaume.com\/wp-content\/uploads\/2024\/10\/herbe3.svg\" media=\"(max-width: 420px)\"><source srcset=\"https:\/\/www.camping-closdelachaume.com\/wp-content\/uploads\/2024\/10\/herbe3.svg\" media=\"(max-width: 850px)\"><source srcset=\"https:\/\/www.camping-closdelachaume.com\/wp-content\/uploads\/2024\/10\/herbe3.svg\" media=\"(max-width: 1024px)\"><source srcset=\"https:\/\/www.camping-closdelachaume.com\/wp-content\/uploads\/2024\/10\/herbe3.svg\" media=\"(min-width: 1025px)\"><img decoding=\"async\" src=\"https:\/\/www.camping-closdelachaume.com\/wp-content\/uploads\/2024\/10\/herbe3.svg\" width=\"420\" height=\"210\" title=\"herbe3\" loading=\"lazy\" alt=\"\"><\/picture><\/figure><\/div><div class=\"columns__item texte fade-up\"><h1>Wo kann man <span class=\"fc-span\">in den Vogesen w\u00e4hrend seines Urlaubs<\/span> angeln?<\/h1><p    >Die Vogesen sind eine ideale Region, um einen erholsamen Urlaub mit Freunden oder der Familie zu verbringen. Die Luft ist zu jeder Jahreszeit rein und belebend, die Landschaft wundersch\u00f6n und die Spazierg\u00e4nge idyllisch. F\u00fcr diejenigen, die Ruhe und Angeln lieben, gibt es viele M\u00f6glichkeiten, diese Sportart auszu\u00fcben! Und nicht weit von G\u00e9rardmer gibt es einen Campingplatz, der ideal f\u00fcr einen erholsamen und entspannenden Aufenthalt ist.   <\/p><\/div><\/div>\n\n<div class=\"columns\"><div class=\"columns__item fade-up\"><h2>G\u00e9rardmer und seine Angelpl\u00e4tze<\/h2><p    ><strong>G\u00e9rardmer<\/strong> ist ein symboltr\u00e4chtiger Ort in den Hautes-Vosges und hat viele Facetten. Neben seinem gro\u00dfen, familienfreundlichen Skigebiet hat es diese Bergstadt geschafft, authentisch zu bleiben. Spazierg\u00e4nge in den W\u00e4ldern sind besonders angenehm. Es gibt viele Seen und Wasserf\u00e4lle, die zum Flanieren, sportlichen Wandern oder, warum nicht, zum gemeinsamen Angeln mit Freunden einladen.   <\/p><p   id=\"2637\" >Der <a href=\"https:\/\/www.camping-closdelachaume.com\/de\/alentours\/lake-of-gerardmer\/\" data-type=\"alentours\" data-id=\"2637\">See von G\u00e9rardmer<\/a> ist <strong>der gr\u00f6\u00dfte nat\u00fcrliche See in der Region<\/strong> <strong>Elsass-Lothringen und den Vogesen<\/strong>. Er liegt 660 Meter \u00fcber dem Meeresspiegel und bietet einen Wanderweg und die M\u00f6glichkeit, an sch\u00f6nen Tagen zu baden, wobei den ganzen Sommer \u00fcber verschiedene Wassersportarten angeboten werden. Nicht weit entfernt liegt <strong>der Lac de Longemer<\/strong>, der ebenfalls aus der Gletscherzeit stammt und zu jeder Tageszeit ein anderes Licht bietet. Auf dem Wanderweg kann man eine Stunde lang spazieren gehen. Es wird gesagt, dass der See ein Paradies f\u00fcr Angler ist!<\/p><\/div><div class=\"columns__item fade-right\"><div class=\"gallery height-adapt\"><figure class=\"gallery__item\"><picture><source srcset=\"https:\/\/www.camping-closdelachaume.com\/wp-content\/uploads\/2024\/10\/AdobeStock_99708912-2-850x591.jpg.webp\" media=\"(max-width: 420px)\"><source srcset=\"https:\/\/www.camping-closdelachaume.com\/wp-content\/uploads\/2024\/10\/AdobeStock_99708912-2-768x534.jpg.webp\" media=\"(max-width: 850px)\"><source srcset=\"https:\/\/www.camping-closdelachaume.com\/wp-content\/uploads\/2024\/10\/AdobeStock_99708912-2-1024x713.jpg.webp\" media=\"(max-width: 1024px)\"><source srcset=\"https:\/\/www.camping-closdelachaume.com\/wp-content\/uploads\/2024\/10\/AdobeStock_99708912-2.jpg.webp\" media=\"(min-width: 1025px)\"><img decoding=\"async\" src=\"https:\/\/www.camping-closdelachaume.com\/wp-content\/uploads\/2024\/10\/AdobeStock_99708912-2-600x418.jpg.webp\" width=\"420\" height=\"210\" alt=\"Beautiful summer lake in french mountains\" title=\"lac et montagne dans les vosges\" loading=\"lazy\"><\/picture><\/figure><\/div><figure class=\"deco deco--3\"><picture><source srcset=\"https:\/\/www.camping-closdelachaume.com\/wp-content\/uploads\/2024\/10\/herbe2.svg\" media=\"(max-width: 420px)\"><source srcset=\"https:\/\/www.camping-closdelachaume.com\/wp-content\/uploads\/2024\/10\/herbe2.svg\" media=\"(max-width: 850px)\"><source srcset=\"https:\/\/www.camping-closdelachaume.com\/wp-content\/uploads\/2024\/10\/herbe2.svg\" media=\"(max-width: 1024px)\"><source srcset=\"https:\/\/www.camping-closdelachaume.com\/wp-content\/uploads\/2024\/10\/herbe2.svg\" media=\"(min-width: 1025px)\"><img decoding=\"async\" src=\"https:\/\/www.camping-closdelachaume.com\/wp-content\/uploads\/2024\/10\/herbe2.svg\" width=\"420\" height=\"210\" title=\"herbe2\" loading=\"lazy\" alt=\"\"><\/picture><\/figure><\/div><\/div>\n\n<div class=\"columns\"><div class=\"columns__item fade-right\"><div class=\"gallery height-adapt\"><figure class=\"gallery__item\"><picture><source srcset=\"https:\/\/www.camping-closdelachaume.com\/wp-content\/uploads\/2024\/10\/AdobeStock_113955616-2-850x501.jpg.webp\" media=\"(max-width: 420px)\"><source srcset=\"https:\/\/www.camping-closdelachaume.com\/wp-content\/uploads\/2024\/10\/AdobeStock_113955616-2-768x452.jpg.webp\" media=\"(max-width: 850px)\"><source srcset=\"https:\/\/www.camping-closdelachaume.com\/wp-content\/uploads\/2024\/10\/AdobeStock_113955616-2-1024x603.jpg.webp\" media=\"(max-width: 1024px)\"><source srcset=\"https:\/\/www.camping-closdelachaume.com\/wp-content\/uploads\/2024\/10\/AdobeStock_113955616-2.jpg.webp\" media=\"(min-width: 1025px)\"><img decoding=\"async\" src=\"https:\/\/www.camping-closdelachaume.com\/wp-content\/uploads\/2024\/10\/AdobeStock_113955616-2-600x353.jpg.webp\" width=\"420\" height=\"210\" alt=\"family camping and fishing, river and forest, summer season\" title=\"famille actitivte nature camping clos de la chaume\" loading=\"lazy\"><\/picture><\/figure><\/div><figure class=\"deco deco--3\"><picture><source srcset=\"https:\/\/www.camping-closdelachaume.com\/wp-content\/uploads\/2024\/10\/herbe2.svg\" media=\"(max-width: 420px)\"><source srcset=\"https:\/\/www.camping-closdelachaume.com\/wp-content\/uploads\/2024\/10\/herbe2.svg\" media=\"(max-width: 850px)\"><source srcset=\"https:\/\/www.camping-closdelachaume.com\/wp-content\/uploads\/2024\/10\/herbe2.svg\" media=\"(max-width: 1024px)\"><source srcset=\"https:\/\/www.camping-closdelachaume.com\/wp-content\/uploads\/2024\/10\/herbe2.svg\" media=\"(min-width: 1025px)\"><img decoding=\"async\" src=\"https:\/\/www.camping-closdelachaume.com\/wp-content\/uploads\/2024\/10\/herbe2.svg\" width=\"420\" height=\"210\" title=\"herbe2\" loading=\"lazy\" alt=\"\"><\/picture><\/figure><\/div><div class=\"columns__item fade-up\"><h3>Kann man legal angeln?<\/h3><p    >In diesem <strong>Tal der Seen<\/strong> ist das Angeln in Seen und B\u00e4chen jeden Tag w\u00e4hrend der gesetzlichen \u00d6ffnungszeiten erlaubt. Um angeln zu k\u00f6nnen, ben\u00f6tigen Sie nat\u00fcrlich eine g\u00fcltige Karte. Hier ist es m\u00f6glich, eine &#8222;Ferienerlaubnis&#8220; zu erhalten.  <\/p><h3>Was kann man angeln?<\/h3><p    >In diesen Seen k\u00f6nnen Sie <strong>Hecht und Schleie<\/strong> <strong>, Barsch, Forelle, Pl\u00f6tze und Karpfen<\/strong> angeln! Die Karten sind entweder f\u00fcr einen Tag, eine Woche oder ein Jahr erh\u00e4ltlich. Auf der Website des <a rel=\"noreferrer noopener\" href=\"https:\/\/gerardmer.net\/peche.php\" target=\"_blank\">Fremdenverkehrsamtes von Gerardmer<\/a> finden Sie alle Informationen zu diesem Thema. Es ist auch m\u00f6glich, ein Boot zu mieten.  <\/p><\/div><\/div>\n\n<figure class=\"deco-vague deco-vague-haut\"><picture><source srcset=\"https:\/\/www.camping-closdelachaume.com\/wp-content\/uploads\/2024\/10\/vague-droite-haut.svg\" media=\"(max-width: 420px)\"><source srcset=\"https:\/\/www.camping-closdelachaume.com\/wp-content\/uploads\/2024\/10\/vague-droite-haut.svg\" media=\"(max-width: 850px)\"><source srcset=\"https:\/\/www.camping-closdelachaume.com\/wp-content\/uploads\/2024\/10\/vague-droite-haut.svg\" media=\"(max-width: 1024px)\"><source srcset=\"https:\/\/www.camping-closdelachaume.com\/wp-content\/uploads\/2024\/10\/vague-droite-haut.svg\" media=\"(min-width: 1025px)\"><img decoding=\"async\" src=\"https:\/\/www.camping-closdelachaume.com\/wp-content\/uploads\/2024\/10\/vague-droite-haut.svg\" width=\"420\" height=\"210\" title=\"vague-droite-haut\" loading=\"lazy\" alt=\"\"><\/picture><\/figure>\n\n<div class=\"group sec-50 align-full has-background\" style=\"background-color:var(--vert-clair);\"><div class=\"columns\"><div class=\"columns__item texte fade-up\"><h2>Andere Seen und Teiche in den Vogesen<\/h2><p    >In den Vogesen gibt es viele Sehensw\u00fcrdigkeiten zu entdecken. Von G\u00e9rardmer aus k\u00f6nnen Sie auch <strong>Saint-Di\u00e9-des-Vosges<\/strong>mit seinen Museen und der Kathedrale entdecken. Hier k\u00f6nnen Sie in Teichen und Seen nach den gleichen Prinzipien angeln.  <\/p><p    >Auf dem Weg nach Raon-l&#8217;\u00c9tape finden Sie auch den sch\u00f6nen <strong>See Lac de la Plaine<\/strong> in Celles-sur-Plaine. In diesem See der 2. Kategorie werden Raubfische <strong>wie Hecht, Zander und Barsch<\/strong> geangelt. Auch hier ist es am besten, wenn Sie mit dem Boot angeln!  <\/p><p    >Sie k\u00f6nnen auch<strong> am Lac de Bouzey angeln<\/strong>, der etwas weiter westlich in der N\u00e4he der Stadt \u00c9pinal liegt. Dies ist der gr\u00f6\u00dfte Binnensee der zweiten Kategorie in der Region. Hier ist <strong>das Nachtangeln auf Karpfen<\/strong> der K\u00f6nig.  <\/p><\/div><div class=\"columns__item fade-right\"><div class=\"gallery height-adapt\"><figure class=\"gallery__item\"><picture><source srcset=\"https:\/\/www.camping-closdelachaume.com\/wp-content\/uploads\/2024\/10\/xonrupt-longemer-2-850x478.webp\" media=\"(max-width: 420px)\"><source srcset=\"https:\/\/www.camping-closdelachaume.com\/wp-content\/uploads\/2024\/10\/xonrupt-longemer-2-768x432.webp\" media=\"(max-width: 850px)\"><source srcset=\"https:\/\/www.camping-closdelachaume.com\/wp-content\/uploads\/2024\/10\/xonrupt-longemer-2-1024x576.webp\" media=\"(max-width: 1024px)\"><source srcset=\"https:\/\/www.camping-closdelachaume.com\/wp-content\/uploads\/2024\/10\/xonrupt-longemer-2.webp\" media=\"(min-width: 1025px)\"><img decoding=\"async\" src=\"https:\/\/www.camping-closdelachaume.com\/wp-content\/uploads\/2024\/10\/xonrupt-longemer-2-600x338.webp\" width=\"420\" height=\"210\" title=\"xonrupt-longemer-2\" loading=\"lazy\" alt=\"\"><\/picture><\/figure><\/div><\/div><\/div><\/div>\n\n<figure class=\"deco-vague deco-vague-bas\"><picture><source srcset=\"https:\/\/www.camping-closdelachaume.com\/wp-content\/uploads\/2024\/10\/vague-gauche-bas.svg\" media=\"(max-width: 420px)\"><source srcset=\"https:\/\/www.camping-closdelachaume.com\/wp-content\/uploads\/2024\/10\/vague-gauche-bas.svg\" media=\"(max-width: 850px)\"><source srcset=\"https:\/\/www.camping-closdelachaume.com\/wp-content\/uploads\/2024\/10\/vague-gauche-bas.svg\" media=\"(max-width: 1024px)\"><source srcset=\"https:\/\/www.camping-closdelachaume.com\/wp-content\/uploads\/2024\/10\/vague-gauche-bas.svg\" media=\"(min-width: 1025px)\"><img decoding=\"async\" src=\"https:\/\/www.camping-closdelachaume.com\/wp-content\/uploads\/2024\/10\/vague-gauche-bas.svg\" width=\"420\" height=\"210\" title=\"vague-gauche-bas\" loading=\"lazy\" alt=\"\"><\/picture><\/figure>\n\n<div class=\"columns column-reverse\"><div class=\"columns__item fade-left\"><div class=\"gallery height-adapt\"><figure class=\"gallery__item\"><picture><source srcset=\"https:\/\/www.camping-closdelachaume.com\/wp-content\/uploads\/2024\/10\/chalet-cosy-camping-vosges-au-clos-de-la-chaume-850x366.jpg.webp\" media=\"(max-width: 420px)\"><source srcset=\"https:\/\/www.camping-closdelachaume.com\/wp-content\/uploads\/2024\/10\/chalet-cosy-camping-vosges-au-clos-de-la-chaume-768x330.jpg.webp\" media=\"(max-width: 850px)\"><source srcset=\"https:\/\/www.camping-closdelachaume.com\/wp-content\/uploads\/2024\/10\/chalet-cosy-camping-vosges-au-clos-de-la-chaume-1024x441.jpg.webp\" media=\"(max-width: 1024px)\"><source srcset=\"https:\/\/www.camping-closdelachaume.com\/wp-content\/uploads\/2024\/10\/chalet-cosy-camping-vosges-au-clos-de-la-chaume.jpg.webp\" media=\"(min-width: 1025px)\"><img decoding=\"async\" src=\"https:\/\/www.camping-closdelachaume.com\/wp-content\/uploads\/2024\/10\/chalet-cosy-camping-vosges-au-clos-de-la-chaume-600x258.jpg.webp\" width=\"420\" height=\"210\" title=\"chalet-cosy-camping-vosges-au-clos-de-la-chaume\" loading=\"lazy\" alt=\"\"><\/picture><\/figure><\/div><\/div><div class=\"columns__item texte fade-up\"><h2>Aufenthalt auf dem Campingplatz <span class=\"fc-span\">Le Clos de la Chaume in den Vogesen<\/span><\/h2><p    >Dieser <strong>3-Sterne-Campingplatz in den Vogesen<\/strong> ist ideal gelegen, damit Sie Ihrem Lieblingshobby nachgehen k\u00f6nnen.<br>Er befindet sich in <strong>Corcieux<\/strong> und ist so konzipiert, dass Sie in vollem Kontakt mit der Natur leben k\u00f6nnen.<br>Dieser Ferienort ist als <strong>&#8222;Sites &amp; Paysages<\/strong>&#8220; klassifiziert und liegt <strong>10 Minuten von G\u00e9rardmer und dem Tal der Seen entfernt<\/strong>.<\/p><p    >Hier k\u00f6nnen Sie <strong>komfortable Mobilheime, Chalets oder Zelte mieten<\/strong>.<br>Die <strong>Stellpl\u00e4tze<\/strong> sind gro\u00df (ca. 100 m\u00b2) und schattig. Sie k\u00f6nnen auch mit Ihrem Wohnwagen anreisen und von 140 m\u00b2 Platz profitieren. <\/p><div class=\"lireplus fc-desk\"><p    >Lesen Sie mehr<\/p><div class=\"group\"><p   id=\"2392\" >Auf unserem <a href=\"https:\/\/www.camping-closdelachaume.com\/de\/camping-natur-vogesen\/\" data-type=\"page\" data-id=\"2392\">Naturcampingplatz in den Vogesen<\/a> k\u00f6nnen Sie in <strong>einem kleinen Wald mit einem Bach<\/strong> spazieren gehen und sich im Zen-Bereich mit Liegest\u00fchlen und H\u00e4ngematten erholen. Der Campingplatz verf\u00fcgt \u00fcber einen <strong>beheizten und \u00fcberdachten Pool<\/strong> mit einem Entspannungsbereich.<\/p><p    >Die Einrichtungen des Campingplatzes sind zahlreich: Spielplatz, Boulespiel, Tischtennis, Volleyball und Multisportplatz. Genie\u00dfen Sie Aktivit\u00e4ten aller Art <strong>im<\/strong> Wasser oder an Land, mit der Familie oder in Begleitung unserer Animateure in einer <strong>wundersch\u00f6nen, bewaldeten Umgebung<\/strong> in der <strong>N\u00e4he der Vogesenseen<\/strong>. <\/p><\/div><\/div><div class=\"buttons\"><a href=\"https:\/\/www.camping-closdelachaume.com\/de\/ferienwohnungen-vogesen\/\" rel=\"noreferrer noopener\" class=\"buttons__btn\">Sehen Sie sich unsere Ferienh\u00e4user an<\/a><\/div><\/div><\/div>","protected":false},"excerpt":{"rendered":"<p>Wo kann man in den Vogesen w\u00e4hrend seines Urlaubs angeln? Die Vogesen sind eine ideale Region, um einen erholsamen Urlaub mit Freunden oder der Familie zu verbringen. Die Luft ist zu jeder Jahreszeit rein und belebend, die Landschaft wundersch\u00f6n und die Spazierg\u00e4nge idyllisch. F\u00fcr diejenigen, die Ruhe und Angeln lieben, gibt es viele M\u00f6glichkeiten, diese [&hellip;]<\/p>\n","protected":false},"author":1,"featured_media":0,"parent":0,"menu_order":0,"comment_status":"open","ping_status":"open","template":"","meta":{"_acf_changed":false,"footnotes":""},"acf":[],"_links":{"self":[{"href":"https:\/\/www.camping-closdelachaume.com\/de\/wp-json\/wp\/v2\/pages\/2465"}],"collection":[{"href":"https:\/\/www.camping-closdelachaume.com\/de\/wp-json\/wp\/v2\/pages"}],"about":[{"href":"https:\/\/www.camping-closdelachaume.com\/de\/wp-json\/wp\/v2\/types\/page"}],"author":[{"embeddable":true,"href":"https:\/\/www.camping-closdelachaume.com\/de\/wp-json\/wp\/v2\/users\/1"}],"replies":[{"embeddable":true,"href":"https:\/\/www.camping-closdelachaume.com\/de\/wp-json\/wp\/v2\/comments?post=2465"}],"version-history":[{"count":4,"href":"https:\/\/www.camping-closdelachaume.com\/de\/wp-json\/wp\/v2\/pages\/2465\/revisions"}],"predecessor-version":[{"id":3030,"href":"https:\/\/www.camping-closdelachaume.com\/de\/wp-json\/wp\/v2\/pages\/2465\/revisions\/3030"}],"wp:attachment":[{"href":"https:\/\/www.camping-closdelachaume.com\/de\/wp-json\/wp\/v2\/media?parent=2465"}],"curies":[{"name":"wp","href":"https:\/\/api.w.org\/{rel}","templated":true}]}}