{"id":2451,"date":"2024-10-16T16:30:34","date_gmt":"2024-10-16T14:30:34","guid":{"rendered":"https:\/\/www.camping-closdelachaume.com\/services\/"},"modified":"2026-02-19T11:19:37","modified_gmt":"2026-02-19T10:19:37","slug":"dienstleistungen","status":"publish","type":"page","link":"https:\/\/www.camping-closdelachaume.com\/de\/dienstleistungen\/","title":{"rendered":"Dienste"},"content":{"rendered":"<div class=\"diaporama-header align-full\"><div class=\"gallery f-carousel fc-diapo\"><figure class=\"gallery__item\"><picture><source srcset=\"https:\/\/www.camping-closdelachaume.com\/wp-content\/uploads\/2025\/01\/camping-vosges-camping-au-clos-de-la-chaume-sanitaires-1920-850x367.jpg.webp\" media=\"(max-width: 420px)\"><source srcset=\"https:\/\/www.camping-closdelachaume.com\/wp-content\/uploads\/2025\/01\/camping-vosges-camping-au-clos-de-la-chaume-sanitaires-1920-768x331.jpg.webp\" media=\"(max-width: 850px)\"><source srcset=\"https:\/\/www.camping-closdelachaume.com\/wp-content\/uploads\/2025\/01\/camping-vosges-camping-au-clos-de-la-chaume-sanitaires-1920-1024x442.jpg.webp\" media=\"(max-width: 1024px)\"><source srcset=\"https:\/\/www.camping-closdelachaume.com\/wp-content\/uploads\/2025\/01\/camping-vosges-camping-au-clos-de-la-chaume-sanitaires-1920.jpg.webp\" media=\"(min-width: 1025px)\"><img loading=\"lazy\" decoding=\"async\" src=\"https:\/\/www.camping-closdelachaume.com\/wp-content\/uploads\/2025\/01\/camping-vosges-camping-au-clos-de-la-chaume-sanitaires-1920-600x259.jpg.webp\" width=\"420\" height=\"210\" title=\"camping vosges camping au clos de la chaume sanitaires\" alt=\"\"><\/picture><\/figure><figure class=\"gallery__item\"><picture><source srcset=\"https:\/\/www.camping-closdelachaume.com\/wp-content\/uploads\/2024\/10\/poulets-rotis-haute-saison-camping-au-clos-de-la-chaume-850x366.jpg.webp\" media=\"(max-width: 420px)\"><source srcset=\"https:\/\/www.camping-closdelachaume.com\/wp-content\/uploads\/2024\/10\/poulets-rotis-haute-saison-camping-au-clos-de-la-chaume-768x330.jpg.webp\" media=\"(max-width: 850px)\"><source srcset=\"https:\/\/www.camping-closdelachaume.com\/wp-content\/uploads\/2024\/10\/poulets-rotis-haute-saison-camping-au-clos-de-la-chaume-1024x441.jpg.webp\" media=\"(max-width: 1024px)\"><source srcset=\"https:\/\/www.camping-closdelachaume.com\/wp-content\/uploads\/2024\/10\/poulets-rotis-haute-saison-camping-au-clos-de-la-chaume.jpg.webp\" media=\"(min-width: 1025px)\"><img loading=\"lazy\" decoding=\"async\" src=\"https:\/\/www.camping-closdelachaume.com\/wp-content\/uploads\/2024\/10\/poulets-rotis-haute-saison-camping-au-clos-de-la-chaume-600x258.jpg.webp\" width=\"420\" height=\"210\" title=\"poulets-rotis-haute-saison-camping-au-clos-de-la-chaume\" alt=\"\"><\/picture><\/figure><figure class=\"gallery__item\"><picture><source srcset=\"https:\/\/www.camping-closdelachaume.com\/wp-content\/uploads\/2025\/01\/emplacement-bord-de-ruisseau-camping-nature-camping-au-clos-de-la-chaume-1920-850x367.jpg.webp\" media=\"(max-width: 420px)\"><source srcset=\"https:\/\/www.camping-closdelachaume.com\/wp-content\/uploads\/2025\/01\/emplacement-bord-de-ruisseau-camping-nature-camping-au-clos-de-la-chaume-1920-768x331.jpg.webp\" media=\"(max-width: 850px)\"><source srcset=\"https:\/\/www.camping-closdelachaume.com\/wp-content\/uploads\/2025\/01\/emplacement-bord-de-ruisseau-camping-nature-camping-au-clos-de-la-chaume-1920-1024x442.jpg.webp\" media=\"(max-width: 1024px)\"><source srcset=\"https:\/\/www.camping-closdelachaume.com\/wp-content\/uploads\/2025\/01\/emplacement-bord-de-ruisseau-camping-nature-camping-au-clos-de-la-chaume-1920.jpg.webp\" media=\"(min-width: 1025px)\"><img loading=\"lazy\" decoding=\"async\" src=\"https:\/\/www.camping-closdelachaume.com\/wp-content\/uploads\/2025\/01\/emplacement-bord-de-ruisseau-camping-nature-camping-au-clos-de-la-chaume-1920-600x259.jpg.webp\" width=\"420\" height=\"210\" title=\"emplacement bord de ruisseau camping nature camping au clos de la chaume\" alt=\"\"><\/picture><\/figure><\/div><div class=\"diaporama-header__inner\"><div class=\"buttons display-flex \" style=\"justify-content:center;\"><span class=\"buttons__btn btn_resa is-style-resa\"><span class=\"fc-icon\"><svg xmlns=\"http:\/\/www.w3.org\/2000\/svg\"  viewBox=\"0 0 512 512\" width=\"16px\" height=\"16px\"><!--! Font Awesome Pro 6.4.2 by @fontawesome - https:\/\/fontawesome.com License - https:\/\/fontawesome.com\/license (Commercial License) Copyright 2023 Fonticons, Inc.--><path d=\"M224 0c-17.7 0-32 14.3-32 32V64H144c-26.5 0-48 21.5-48 48v48H512V112c0-26.5-21.5-48-48-48H416V32c0-17.7-14.3-32-32-32s-32 14.3-32 32V64H256V32c0-17.7-14.3-32-32-32zM96 192V368c0 26.5 21.5 48 48 48H464c26.5 0 48-21.5 48-48V192H96zm-48-8c0-13.3-10.7-24-24-24s-24 10.7-24 24V392c0 66.3 53.7 120 120 120H392c13.3 0 24-10.7 24-24s-10.7-24-24-24H120c-39.8 0-72-32.2-72-72V184z\"\/><\/svg><\/span>  Buchen Sie jetzt!<\/span><\/div><figure class=\"diaporama-header__deco\"><picture><source srcset=\"https:\/\/www.camping-closdelachaume.com\/wp-content\/uploads\/2024\/10\/vague-diapoheader.svg\" media=\"(max-width: 420px)\"><source srcset=\"https:\/\/www.camping-closdelachaume.com\/wp-content\/uploads\/2024\/10\/vague-diapoheader.svg\" media=\"(max-width: 850px)\"><source srcset=\"https:\/\/www.camping-closdelachaume.com\/wp-content\/uploads\/2024\/10\/vague-diapoheader.svg\" media=\"(max-width: 1024px)\"><source srcset=\"https:\/\/www.camping-closdelachaume.com\/wp-content\/uploads\/2024\/10\/vague-diapoheader.svg\" media=\"(min-width: 1025px)\"><img loading=\"lazy\" decoding=\"async\" src=\"https:\/\/www.camping-closdelachaume.com\/wp-content\/uploads\/2024\/10\/vague-diapoheader.svg\" width=\"420\" height=\"210\" title=\"vague-diapoheader\" alt=\"\"><\/picture><\/figure><\/div><\/div>\n\n<div class=\"columns sec-35\"><div class=\"columns__item texte fade-up\"><h1><span class=\"fc-span\">3-Sterne-Campingplatz in den Vogesen <\/span>mit hochwertigen Dienstleistungen<\/h1><p    >Um die Organisation Ihres <strong>Campingurlaubs in den Vogesen<\/strong> zu erleichtern, k\u00f6nnen Sie auf den 3-Sterne-Service von Le Clos de la Chaume z\u00e4hlen.<\/p><h2 class=\"h4\">Die vielf\u00e4ltigen Dienstleistungen unseres Familiencampingplatzes in den Vogesen<\/h2><p   id=\"2500\" >Ihr <strong>Campingplatz in den Vogesen<\/strong>, Au Clos de la Chaume, \u00f6ffnet seine T\u00fcren vom 18. April bis zum 20. September f\u00fcr <a href=\"https:\/\/www.camping-closdelachaume.com\/de\/ferienwohnungen-vogesen\/\" data-type=\"page\" data-id=\"2500\">Mietunterk\u00fcnfte<\/a> und <a href=\"https:\/\/www.camping-closdelachaume.com\/de\/camping-vogesen\/\" data-type=\"page\" data-id=\"2376\">Campingpl\u00e4tze<\/a>.<\/p><p    >Die <strong>Rezeption <\/strong>des Campingplatzes ist in der <strong>Hochsaison<\/strong> (Juli und August) t\u00e4glich von <strong>08.30 bis 12.00 Uhr und von 13.30 bis 19.00 Uhr<\/strong> ge\u00f6ffnet. (In der <strong>Nebensaison<\/strong> sind die \u00d6ffnungszeiten eingeschr\u00e4nkt: <strong>09.00-12.00 Uhr, 14.00-19.00 Uhr<\/strong>). <\/p><div class=\"lireplus fc-desk\"><p    >Lesen Sie mehr<\/p><div class=\"group\"><p   id=\"2438\" >Hier finden Sie eine umfangreiche und vielf\u00e4ltige Dokumentation \u00fcber die <a href=\"https:\/\/www.camping-closdelachaume.com\/de\/tourismus\/\" data-type=\"page\" data-id=\"2438\">Umgebung des Campingplatzes<\/a>. Wir freuen uns, Ihnen unser Wissen \u00fcber die Region zu vermitteln: Sehensw\u00fcrdigkeiten, Natursch\u00f6nheiten, Wanderwege, Mountainbikes, Fahrr\u00e4der, Holz, Wasser, Geschichte &#8230;.bref alle unsere guten Tipps!)<\/p><\/div><\/div><\/div><div class=\"columns__item fade-right\"><div class=\"gallery height-adapt col-2 f-carousel fc-diapo-mob\"><figure class=\"gallery__item\"><picture><source srcset=\"https:\/\/www.camping-closdelachaume.com\/wp-content\/uploads\/2026\/02\/camping-famillial-camping-au-clos-de-la-chaume-Vosges-Copie-850x565.webp\" media=\"(max-width: 420px)\"><source srcset=\"https:\/\/www.camping-closdelachaume.com\/wp-content\/uploads\/2026\/02\/camping-famillial-camping-au-clos-de-la-chaume-Vosges-Copie-768x511.webp\" media=\"(max-width: 850px)\"><source srcset=\"https:\/\/www.camping-closdelachaume.com\/wp-content\/uploads\/2026\/02\/camping-famillial-camping-au-clos-de-la-chaume-Vosges-Copie-1024x681.webp\" media=\"(max-width: 1024px)\"><source srcset=\"https:\/\/www.camping-closdelachaume.com\/wp-content\/uploads\/2026\/02\/camping-famillial-camping-au-clos-de-la-chaume-Vosges-Copie.webp\" media=\"(min-width: 1025px)\"><img decoding=\"async\" src=\"https:\/\/www.camping-closdelachaume.com\/wp-content\/uploads\/2026\/02\/camping-famillial-camping-au-clos-de-la-chaume-Vosges-Copie-600x399.webp\" width=\"420\" height=\"210\" title=\"camping-famillial-camping-au-clos-de-la-chaume-Vosges-Copie\" loading=\"lazy\" alt=\"\"><\/picture><\/figure><figure class=\"gallery__item\"><picture><source srcset=\"https:\/\/www.camping-closdelachaume.com\/wp-content\/uploads\/2024\/10\/service-pizzas-camping-vosges-850x638.jpg.webp\" media=\"(max-width: 420px)\"><source srcset=\"https:\/\/www.camping-closdelachaume.com\/wp-content\/uploads\/2024\/10\/service-pizzas-camping-vosges-768x576.jpg.webp\" media=\"(max-width: 850px)\"><source srcset=\"https:\/\/www.camping-closdelachaume.com\/wp-content\/uploads\/2024\/10\/service-pizzas-camping-vosges.jpg.webp\" media=\"(max-width: 1024px)\"><source srcset=\"https:\/\/www.camping-closdelachaume.com\/wp-content\/uploads\/2024\/10\/service-pizzas-camping-vosges.jpg.webp\" media=\"(min-width: 1025px)\"><img decoding=\"async\" src=\"https:\/\/www.camping-closdelachaume.com\/wp-content\/uploads\/2024\/10\/service-pizzas-camping-vosges-600x450.jpg.webp\" width=\"420\" height=\"210\" title=\"service-pizzas-camping-vosges\" loading=\"lazy\" alt=\"\"><\/picture><\/figure><figure class=\"gallery__item\"><picture><source srcset=\"https:\/\/www.camping-closdelachaume.com\/wp-content\/uploads\/2025\/01\/min-camping-pres-de-gerardmer-camping-au-clos-de-la-chaume-reception-566x850.jpg.webp\" media=\"(max-width: 420px)\"><source srcset=\"https:\/\/www.camping-closdelachaume.com\/wp-content\/uploads\/2025\/01\/min-camping-pres-de-gerardmer-camping-au-clos-de-la-chaume-reception-768x1154.jpg.webp\" media=\"(max-width: 850px)\"><source srcset=\"https:\/\/www.camping-closdelachaume.com\/wp-content\/uploads\/2025\/01\/min-camping-pres-de-gerardmer-camping-au-clos-de-la-chaume-reception-682x1024.jpg.webp\" media=\"(max-width: 1024px)\"><source srcset=\"https:\/\/www.camping-closdelachaume.com\/wp-content\/uploads\/2025\/01\/min-camping-pres-de-gerardmer-camping-au-clos-de-la-chaume-reception.jpg.webp\" media=\"(min-width: 1025px)\"><img decoding=\"async\" src=\"https:\/\/www.camping-closdelachaume.com\/wp-content\/uploads\/2025\/01\/min-camping-pres-de-gerardmer-camping-au-clos-de-la-chaume-reception-399x600.jpg.webp\" width=\"420\" height=\"210\" title=\"camping pres de gerardmer camping au clos de la chaume reception\" loading=\"lazy\" alt=\"\"><\/picture><\/figure><figure class=\"gallery__item\"><picture><source srcset=\"https:\/\/www.camping-closdelachaume.com\/wp-content\/uploads\/2025\/01\/van-life-camping-vogezen-camping-au-clos-de-la-chaume-850x565.jpg.webp\" media=\"(max-width: 420px)\"><source srcset=\"https:\/\/www.camping-closdelachaume.com\/wp-content\/uploads\/2025\/01\/van-life-camping-vogezen-camping-au-clos-de-la-chaume-768x511.jpg.webp\" media=\"(max-width: 850px)\"><source srcset=\"https:\/\/www.camping-closdelachaume.com\/wp-content\/uploads\/2025\/01\/van-life-camping-vogezen-camping-au-clos-de-la-chaume-1024x681.jpg.webp\" media=\"(max-width: 1024px)\"><source srcset=\"https:\/\/www.camping-closdelachaume.com\/wp-content\/uploads\/2025\/01\/van-life-camping-vogezen-camping-au-clos-de-la-chaume.jpg.webp\" media=\"(min-width: 1025px)\"><img decoding=\"async\" src=\"https:\/\/www.camping-closdelachaume.com\/wp-content\/uploads\/2025\/01\/van-life-camping-vogezen-camping-au-clos-de-la-chaume-600x399.jpg.webp\" width=\"420\" height=\"210\" title=\"van life camping vogezen camping au clos de la chaume\" loading=\"lazy\" alt=\"\"><\/picture><\/figure><\/div><figure class=\"deco deco--1\"><picture><source srcset=\"https:\/\/www.camping-closdelachaume.com\/wp-content\/uploads\/2024\/10\/herbe1.svg\" media=\"(max-width: 420px)\"><source srcset=\"https:\/\/www.camping-closdelachaume.com\/wp-content\/uploads\/2024\/10\/herbe1.svg\" media=\"(max-width: 850px)\"><source srcset=\"https:\/\/www.camping-closdelachaume.com\/wp-content\/uploads\/2024\/10\/herbe1.svg\" media=\"(max-width: 1024px)\"><source srcset=\"https:\/\/www.camping-closdelachaume.com\/wp-content\/uploads\/2024\/10\/herbe1.svg\" media=\"(min-width: 1025px)\"><img decoding=\"async\" src=\"https:\/\/www.camping-closdelachaume.com\/wp-content\/uploads\/2024\/10\/herbe1.svg\" width=\"420\" height=\"210\" title=\"herbe1\" loading=\"lazy\" alt=\"\"><\/picture><\/figure><\/div><\/div>\n\n<div class=\"columns\"><div class=\"columns__item fade-left\"><div class=\"gallery height-adapt\"><figure class=\"gallery__item\"><picture><source srcset=\"https:\/\/www.camping-closdelachaume.com\/wp-content\/uploads\/2025\/01\/min-espace-zen-avec-etang-et-hamacs-camping-au-clos-de-la-chaume-850x638.jpg.webp\" media=\"(max-width: 420px)\"><source srcset=\"https:\/\/www.camping-closdelachaume.com\/wp-content\/uploads\/2025\/01\/min-espace-zen-avec-etang-et-hamacs-camping-au-clos-de-la-chaume-768x576.jpg.webp\" media=\"(max-width: 850px)\"><source srcset=\"https:\/\/www.camping-closdelachaume.com\/wp-content\/uploads\/2025\/01\/min-espace-zen-avec-etang-et-hamacs-camping-au-clos-de-la-chaume-1024x768.jpg.webp\" media=\"(max-width: 1024px)\"><source srcset=\"https:\/\/www.camping-closdelachaume.com\/wp-content\/uploads\/2025\/01\/min-espace-zen-avec-etang-et-hamacs-camping-au-clos-de-la-chaume.jpg.webp\" media=\"(min-width: 1025px)\"><img decoding=\"async\" src=\"https:\/\/www.camping-closdelachaume.com\/wp-content\/uploads\/2025\/01\/min-espace-zen-avec-etang-et-hamacs-camping-au-clos-de-la-chaume-600x450.jpg.webp\" width=\"420\" height=\"210\" title=\"espace zen avec \u00e9tang et hamacs camping au clos de la chaume\" loading=\"lazy\" alt=\"\"><\/picture><\/figure><\/div><figure class=\"deco deco--3\"><picture><source srcset=\"https:\/\/www.camping-closdelachaume.com\/wp-content\/uploads\/2024\/10\/herbe2.svg\" media=\"(max-width: 420px)\"><source srcset=\"https:\/\/www.camping-closdelachaume.com\/wp-content\/uploads\/2024\/10\/herbe2.svg\" media=\"(max-width: 850px)\"><source srcset=\"https:\/\/www.camping-closdelachaume.com\/wp-content\/uploads\/2024\/10\/herbe2.svg\" media=\"(max-width: 1024px)\"><source srcset=\"https:\/\/www.camping-closdelachaume.com\/wp-content\/uploads\/2024\/10\/herbe2.svg\" media=\"(min-width: 1025px)\"><img decoding=\"async\" src=\"https:\/\/www.camping-closdelachaume.com\/wp-content\/uploads\/2024\/10\/herbe2.svg\" width=\"420\" height=\"210\" title=\"herbe2\" loading=\"lazy\" alt=\"\"><\/picture><\/figure><\/div><div class=\"columns__item fade-up\"><h2>Verbringen Sie einen ruhigen Aufenthalt <span class=\"fc-span\">auf einem 3-Sterne-Campingplatz in der N\u00e4he von G\u00e9rardmer.<\/span><\/h2><p    >Der Campingplatz liegt am Eingang des Dorfes Corcieux. In 500 Metern Entfernung finden Sie in unserem kleinen Dorf <strong>alle Annehmlichkeiten<\/strong>: Restaurants, Snacks, Bar, alle Gesch\u00e4fte, Tourismusb\u00fcro, Presse, Boutiquen&#8230; <\/p><p    >Ihr <strong>3-Sterne-Campingplatz in den Vogesen mit Hallenbad<\/strong> bietet Ihnen die ganze Woche \u00fcber <strong>gute Tipps<\/strong> und l\u00e4dt Sie ein, sich in den <strong>Partnerrestaurants <\/strong>im Dorf (Restaurant le Commerce, Auberge Au Grain de Sel und Snack le Forfelet), 500m entfernt, verw\u00f6hnen zu lassen. Sie k\u00f6nnen auch ein leckeres <strong>Eis<\/strong> auf dem Campingplatz essen oder Ihren Durst in der <strong>Bar<\/strong> des Dorfes l\u00f6schen! <\/p><div class=\"lireplus fc-desk\"><p    >Lesen Sie mehr<\/p><div class=\"group\"><p    >M\u00f6chten Sie lieber in Ruhe auf Ihrem Stellplatz essen? Bestellen Sie eine Pizza! In der Hochsaison kommt zweimal pro Woche ein <strong>Pizzawagen<\/strong> auf den Campingplatz (9\/07 bis 23\/08). Ein Wagen mit Brath\u00e4hnchen und Bratkartoffeln kommt ebenfalls einmal pro Woche (07\/07 bis 25\/08).   <\/p><p    >F\u00fcr Ihren Komfort gibt es<strong> im Juli und August t\u00e4glich<\/strong><strong> frische Baguettes und Croissants<\/strong> an der Rezeption Ihres Campingplatzes Corcieux. Au\u00dferdem gibt es Eis und <strong>Gasflaschen<\/strong> zu kaufen. <\/p><\/div><\/div><\/div><\/div>\n\n<figure class=\"deco-vague deco-vague-haut\"><picture><source srcset=\"https:\/\/www.camping-closdelachaume.com\/wp-content\/uploads\/2024\/10\/vague-droite-haut.svg\" media=\"(max-width: 420px)\"><source srcset=\"https:\/\/www.camping-closdelachaume.com\/wp-content\/uploads\/2024\/10\/vague-droite-haut.svg\" media=\"(max-width: 850px)\"><source srcset=\"https:\/\/www.camping-closdelachaume.com\/wp-content\/uploads\/2024\/10\/vague-droite-haut.svg\" media=\"(max-width: 1024px)\"><source srcset=\"https:\/\/www.camping-closdelachaume.com\/wp-content\/uploads\/2024\/10\/vague-droite-haut.svg\" media=\"(min-width: 1025px)\"><img decoding=\"async\" src=\"https:\/\/www.camping-closdelachaume.com\/wp-content\/uploads\/2024\/10\/vague-droite-haut.svg\" width=\"420\" height=\"210\" title=\"vague-droite-haut\" loading=\"lazy\" alt=\"\"><\/picture><\/figure>\n\n<div class=\"group sec-50 align-full has-background\" style=\"background-color:var(--vert-clair);\"><div class=\"columns column-reverse\"><div class=\"columns__item texte fade-up\"><h2><span class=\"fc-span\">Qualitativ hochwertige Dienstleistungen f\u00fcr<\/span> einen gelungenen Campingurlaub vor den Toren des Elsass<\/h2><p    >Es gibt einen <strong>Waschsalon<\/strong>, der Ihnen zur Verf\u00fcgung steht. Sie k\u00f6nnen dort auf Anfrage an der Rezeption Waschmaschinen mieten. Der Waschsalon ist t\u00e4glich von 08:30 bis 12:00 Uhr und von 13:30 bis 19:00 Uhr ge\u00f6ffnet.  <\/p><\/div><div class=\"columns__item fade-left\"><div class=\"gallery height-adapt\"><figure class=\"gallery__item\"><picture><source srcset=\"https:\/\/www.camping-closdelachaume.com\/wp-content\/uploads\/2025\/01\/camping-vosges-camping-au-clos-de-la-chaume-sanitaires-850x565.jpg.webp\" media=\"(max-width: 420px)\"><source srcset=\"https:\/\/www.camping-closdelachaume.com\/wp-content\/uploads\/2025\/01\/camping-vosges-camping-au-clos-de-la-chaume-sanitaires-768x511.jpg.webp\" media=\"(max-width: 850px)\"><source srcset=\"https:\/\/www.camping-closdelachaume.com\/wp-content\/uploads\/2025\/01\/camping-vosges-camping-au-clos-de-la-chaume-sanitaires-1024x681.jpg.webp\" media=\"(max-width: 1024px)\"><source srcset=\"https:\/\/www.camping-closdelachaume.com\/wp-content\/uploads\/2025\/01\/camping-vosges-camping-au-clos-de-la-chaume-sanitaires.jpg.webp\" media=\"(min-width: 1025px)\"><img decoding=\"async\" src=\"https:\/\/www.camping-closdelachaume.com\/wp-content\/uploads\/2025\/01\/camping-vosges-camping-au-clos-de-la-chaume-sanitaires-600x399.jpg.webp\" width=\"420\" height=\"210\" title=\"camping vosges camping au clos de la chaume sanitaires\" loading=\"lazy\" alt=\"\"><\/picture><\/figure><\/div><\/div><\/div><\/div>\n\n<figure class=\"deco-vague deco-vague-bas\"><picture><source srcset=\"https:\/\/www.camping-closdelachaume.com\/wp-content\/uploads\/2024\/10\/vague-gauche-bas.svg\" media=\"(max-width: 420px)\"><source srcset=\"https:\/\/www.camping-closdelachaume.com\/wp-content\/uploads\/2024\/10\/vague-gauche-bas.svg\" media=\"(max-width: 850px)\"><source srcset=\"https:\/\/www.camping-closdelachaume.com\/wp-content\/uploads\/2024\/10\/vague-gauche-bas.svg\" media=\"(max-width: 1024px)\"><source srcset=\"https:\/\/www.camping-closdelachaume.com\/wp-content\/uploads\/2024\/10\/vague-gauche-bas.svg\" media=\"(min-width: 1025px)\"><img decoding=\"async\" src=\"https:\/\/www.camping-closdelachaume.com\/wp-content\/uploads\/2024\/10\/vague-gauche-bas.svg\" width=\"420\" height=\"210\" style=\"object-fit:cover;\" title=\"vague-gauche-bas\" loading=\"lazy\" alt=\"\"><\/picture><\/figure>\n\n<div class=\"columns\"><div class=\"columns__item fade-right\"><div class=\"gallery height-adapt\"><figure class=\"gallery__item\"><picture><source srcset=\"https:\/\/www.camping-closdelachaume.com\/wp-content\/uploads\/2025\/01\/location-draps-clos-de-la-chaume-850x476.jpeg.webp\" media=\"(max-width: 420px)\"><source srcset=\"https:\/\/www.camping-closdelachaume.com\/wp-content\/uploads\/2025\/01\/location-draps-clos-de-la-chaume-768x430.jpeg.webp\" media=\"(max-width: 850px)\"><source srcset=\"https:\/\/www.camping-closdelachaume.com\/wp-content\/uploads\/2025\/01\/location-draps-clos-de-la-chaume-1024x574.jpeg.webp\" media=\"(max-width: 1024px)\"><source srcset=\"https:\/\/www.camping-closdelachaume.com\/wp-content\/uploads\/2025\/01\/location-draps-clos-de-la-chaume.jpeg.webp\" media=\"(min-width: 1025px)\"><img decoding=\"async\" src=\"https:\/\/www.camping-closdelachaume.com\/wp-content\/uploads\/2025\/01\/location-draps-clos-de-la-chaume-600x336.jpeg.webp\" width=\"420\" height=\"210\" title=\"location draps clos de la chaume\" loading=\"lazy\" alt=\"\"><\/picture><\/figure><\/div><figure class=\"deco deco--3\"><picture><source srcset=\"https:\/\/www.camping-closdelachaume.com\/wp-content\/uploads\/2024\/10\/herbe2.svg\" media=\"(max-width: 420px)\"><source srcset=\"https:\/\/www.camping-closdelachaume.com\/wp-content\/uploads\/2024\/10\/herbe2.svg\" media=\"(max-width: 850px)\"><source srcset=\"https:\/\/www.camping-closdelachaume.com\/wp-content\/uploads\/2024\/10\/herbe2.svg\" media=\"(max-width: 1024px)\"><source srcset=\"https:\/\/www.camping-closdelachaume.com\/wp-content\/uploads\/2024\/10\/herbe2.svg\" media=\"(min-width: 1025px)\"><img decoding=\"async\" src=\"https:\/\/www.camping-closdelachaume.com\/wp-content\/uploads\/2024\/10\/herbe2.svg\" width=\"420\" height=\"210\" title=\"herbe2\" loading=\"lazy\" alt=\"\"><\/picture><\/figure><\/div><div class=\"columns__item fade-up\"><p    ><strong>Decken<\/strong> und <strong>Kopfkissen<\/strong> sind in allen Unterk\u00fcnften vorhanden und <strong>Bettw\u00e4sche <\/strong>kann optional <strong>gemietet <\/strong>werden. Wir befinden uns in den Bergen, manchmal sind die N\u00e4chte k\u00fchl&#8230; <\/p><p   id=\"2506\" >F\u00fcr die Dauer Ihres Urlaubs in einem <strong><a href=\"https:\/\/www.camping-closdelachaume.com\/de\/\" data-type=\"page\" data-id=\"2506\">Camping in den Vogesen<\/a><\/strong> Bleiben Sie mit Ihren Lieben in Verbindung! NEUES System: Eine <strong>Wifi-Internetverbindung<\/strong> ist auf dem gesamten Campingplatz verf\u00fcgbar. Sie ist kostenlos in einem begrenzten Bereich des Campingplatzes (Spielplatz\/Schwimmbad\/Spielzimmer) f\u00fcr eine halbe Stunde alle 6 Stunden und unbegrenzt auf allen Stellpl\u00e4tzen\/Vermietungen des Campingplatzes verf\u00fcgbar (kostenpflichtig, funktioniert auf 2 Ger\u00e4ten nicht gleichzeitig). Sie k\u00f6nnen Ihre Wifi-Codes rund um die Uhr online oder an der Rezeption Ihres Campingplatzes Corcieux kaufen.<\/p><div class=\"lireplus fc-desk\"><p    >Lesen Sie mehr<\/p><div class=\"group\"><p    >Einige unserer Stellpl\u00e4tze befinden sich in der N\u00e4he der Sanit\u00e4ranlagen und der PMR-Sanit\u00e4ranlagen. Z\u00f6gern Sie also nicht, uns zu fragen, ob dies f\u00fcr Sie hilfreich sein kann, insbesondere f\u00fcr Personen mit eingeschr\u00e4nkter Mobilit\u00e4t. <\/p><\/div><\/div><\/div><\/div>","protected":false},"excerpt":{"rendered":"<p>3-Sterne-Campingplatz in den Vogesen mit hochwertigen Dienstleistungen Um die Organisation Ihres Campingurlaubs in den Vogesen zu erleichtern, k\u00f6nnen Sie auf den 3-Sterne-Service von Le Clos de la Chaume z\u00e4hlen. Die vielf\u00e4ltigen Dienstleistungen unseres Familiencampingplatzes in den Vogesen Ihr Campingplatz in den Vogesen, Au Clos de la Chaume, \u00f6ffnet seine T\u00fcren vom 18. April bis zum [&hellip;]<\/p>\n","protected":false},"author":1,"featured_media":0,"parent":0,"menu_order":0,"comment_status":"open","ping_status":"open","template":"","meta":{"_acf_changed":false,"footnotes":""},"acf":[],"_links":{"self":[{"href":"https:\/\/www.camping-closdelachaume.com\/de\/wp-json\/wp\/v2\/pages\/2451"}],"collection":[{"href":"https:\/\/www.camping-closdelachaume.com\/de\/wp-json\/wp\/v2\/pages"}],"about":[{"href":"https:\/\/www.camping-closdelachaume.com\/de\/wp-json\/wp\/v2\/types\/page"}],"author":[{"embeddable":true,"href":"https:\/\/www.camping-closdelachaume.com\/de\/wp-json\/wp\/v2\/users\/1"}],"replies":[{"embeddable":true,"href":"https:\/\/www.camping-closdelachaume.com\/de\/wp-json\/wp\/v2\/comments?post=2451"}],"version-history":[{"count":5,"href":"https:\/\/www.camping-closdelachaume.com\/de\/wp-json\/wp\/v2\/pages\/2451\/revisions"}],"predecessor-version":[{"id":4002,"href":"https:\/\/www.camping-closdelachaume.com\/de\/wp-json\/wp\/v2\/pages\/2451\/revisions\/4002"}],"wp:attachment":[{"href":"https:\/\/www.camping-closdelachaume.com\/de\/wp-json\/wp\/v2\/media?parent=2451"}],"curies":[{"name":"wp","href":"https:\/\/api.w.org\/{rel}","templated":true}]}}