{"id":2442,"date":"2024-10-16T16:30:34","date_gmt":"2024-10-16T14:30:34","guid":{"rendered":"https:\/\/www.camping-closdelachaume.com\/randonnees-corcieux-vosges\/"},"modified":"2025-02-11T11:07:55","modified_gmt":"2025-02-11T10:07:55","slug":"wanderungen-corcieux-vogesen","status":"publish","type":"page","link":"https:\/\/www.camping-closdelachaume.com\/de\/wanderungen-corcieux-vogesen\/","title":{"rendered":"SEO Wanderungen rund um Corcieux"},"content":{"rendered":"<div class=\"diaporama-header align-full\"><div class=\"gallery\"><figure class=\"gallery__item\"><picture><source srcset=\"https:\/\/www.camping-closdelachaume.com\/wp-content\/uploads\/2024\/10\/AdobeStock_132689194-850x567.jpg.webp\" media=\"(max-width: 420px)\"><source srcset=\"https:\/\/www.camping-closdelachaume.com\/wp-content\/uploads\/2024\/10\/AdobeStock_132689194-768x512.jpg.webp\" media=\"(max-width: 850px)\"><source srcset=\"https:\/\/www.camping-closdelachaume.com\/wp-content\/uploads\/2024\/10\/AdobeStock_132689194-1024x683.jpg.webp\" media=\"(max-width: 1024px)\"><source srcset=\"https:\/\/www.camping-closdelachaume.com\/wp-content\/uploads\/2024\/10\/AdobeStock_132689194.jpg.webp\" media=\"(min-width: 1025px)\"><img loading=\"lazy\" decoding=\"async\" src=\"https:\/\/www.camping-closdelachaume.com\/wp-content\/uploads\/2024\/10\/AdobeStock_132689194-600x400.jpg.webp\" width=\"420\" height=\"210\" alt=\"Vue sur les Vosges et le territoire de Belfort 2\" title=\"Vue sur les Vosges et le territoire de Belfort 2\"><\/picture><\/figure><\/div><div class=\"diaporama-header__inner\"><div class=\"buttons display-flex \" style=\"justify-content:center;\"><span class=\"buttons__btn btn_resa is-style-resa\"><span class=\"fc-icon\"><svg xmlns=\"http:\/\/www.w3.org\/2000\/svg\"  viewBox=\"0 0 512 512\" width=\"16px\" height=\"16px\"><!--! Font Awesome Pro 6.4.2 by @fontawesome - https:\/\/fontawesome.com License - https:\/\/fontawesome.com\/license (Commercial License) Copyright 2023 Fonticons, Inc.--><path d=\"M224 0c-17.7 0-32 14.3-32 32V64H144c-26.5 0-48 21.5-48 48v48H512V112c0-26.5-21.5-48-48-48H416V32c0-17.7-14.3-32-32-32s-32 14.3-32 32V64H256V32c0-17.7-14.3-32-32-32zM96 192V368c0 26.5 21.5 48 48 48H464c26.5 0 48-21.5 48-48V192H96zm-48-8c0-13.3-10.7-24-24-24s-24 10.7-24 24V392c0 66.3 53.7 120 120 120H392c13.3 0 24-10.7 24-24s-10.7-24-24-24H120c-39.8 0-72-32.2-72-72V184z\"\/><\/svg><\/span>  Buchen Sie jetzt!<\/span><\/div><figure class=\"diaporama-header__deco\"><picture><source srcset=\"https:\/\/www.camping-closdelachaume.com\/wp-content\/uploads\/2024\/10\/vague-diapoheader.svg\" media=\"(max-width: 420px)\"><source srcset=\"https:\/\/www.camping-closdelachaume.com\/wp-content\/uploads\/2024\/10\/vague-diapoheader.svg\" media=\"(max-width: 850px)\"><source srcset=\"https:\/\/www.camping-closdelachaume.com\/wp-content\/uploads\/2024\/10\/vague-diapoheader.svg\" media=\"(max-width: 1024px)\"><source srcset=\"https:\/\/www.camping-closdelachaume.com\/wp-content\/uploads\/2024\/10\/vague-diapoheader.svg\" media=\"(min-width: 1025px)\"><img loading=\"lazy\" decoding=\"async\" src=\"https:\/\/www.camping-closdelachaume.com\/wp-content\/uploads\/2024\/10\/vague-diapoheader.svg\" width=\"420\" height=\"210\" title=\"vague-diapoheader\" alt=\"\"><\/picture><\/figure><\/div><\/div>\n\n<div class=\"columns\"><div class=\"columns__item fade-up\"><h1>Wanderungen <span class=\"fc-span\">rund um Corcieux<\/span><\/h1><p   id=\"https:\/\/www.camping-closdelachaume.com\/de\/alentours\/besuch-corcieux\/\" ><a href=\"https:\/\/www.camping-closdelachaume.com\/de\/alentours\/besuch-corcieux\/\" data-type=\"link\" data-id=\"https:\/\/www.camping-closdelachaume.com\/de\/alentours\/besuch-corcieux\/\">Corcieux<\/a> ist ein ideales Basislager f\u00fcr Naturliebhaber. Ideal zwischen <strong>Saint-Di\u00e9-des-Vosges<\/strong> und <strong>G\u00e9rardmer<\/strong> gelegen, bietet dieser Teil des <a href=\"https:\/\/www.camping-closdelachaume.com\/de\/tourisme\/\" data-type=\"page\" data-id=\"246\">Departements Vosges<\/a> eine gro\u00dfe Auswahl an Wanderwegen. Von Familienausfl\u00fcgen bis hin zu sportlichen Wanderungen: f\u00fcr jeden Geschmack ist etwas dabei!<\/p><h2>Corcieux: eine privilegierte Lage <span class=\"fc-span\">im Herzen der Ballons des Vosges<\/span><\/h2><p   id=\"https:\/\/www.camping-closdelachaume.com\/de\/alentours\/regionaler-naturpark-der-ballons-des-vosges\/\" >Der <a href=\"https:\/\/www.camping-closdelachaume.com\/de\/alentours\/regionaler-naturpark-der-ballons-des-vosges\/\" data-type=\"link\" data-id=\"https:\/\/www.camping-closdelachaume.com\/de\/alentours\/regionaler-naturpark-der-ballons-des-vosges\/\">Parc Naturel R\u00e9gional des Ballons des Vosges<\/a> erstreckt sich \u00fcber 4 Departements in den Regionen Grand-Est und Bourgogne-Franche-Comt\u00e9 und bietet Wanderern jeden Alters und Niveaus eine Menge zu entdecken. Das <strong>Vogesenmassiv und seine Ballons<\/strong> stellen selbst die anspruchsvollsten Wanderer zufrieden. Die T\u00e4ler und die markierten Wanderwege auf den Gipfeln sind f\u00fcr die ganze Familie geeignet.<\/p><div class=\"lireplus fc-desk\"><p    >Lesen Sie mehr<\/p><div class=\"group\"><p    >Jeder Ausflug ins Freie bietet die Gelegenheit zum Wandern, der K\u00f6nigin der Aktivit\u00e4ten, um sich in Form zu halten. Auf dem Weg werden Sie eine <strong>gro\u00dfe Vielfalt an Landschaften <\/strong>(Wasserf\u00e4lle, Seen, Gipfel, Panoramablicke), aber auch eine vielf\u00e4ltige Flora und Fauna entdecken. Es ist eine gute Idee, ein Fernglas in den Rucksack zu packen. Nordluchs und Grauwolf sind sicherlich sehr schwer zu entdecken. G\u00e4msen lassen sich jedoch in den fr\u00fchen Morgenstunden bewundern. Wie w\u00e4re es mit einer fr\u00fchen Wanderung?     <\/p><p    >Unser <strong>Campingplatz in Corcieux<\/strong>, Au Clos de la Chaume, ist mit dem <strong>Gr\u00fcnen Schl\u00fcssel und dem LPO<\/strong> (Liga f\u00fcr den Schutz von V\u00f6geln) ausgezeichnet. So k\u00f6nnen Sie auch an Ihrem Ruhetag die Natur und die lokale Vogelwelt genie\u00dfen! <\/p><\/div><\/div><\/div><div class=\"columns__item fade-right\"><div class=\"gallery height-adapt\"><figure class=\"gallery__item\"><picture><source srcset=\"https:\/\/www.camping-closdelachaume.com\/wp-content\/uploads\/2024\/10\/montagnes-lac-850x403.webp\" media=\"(max-width: 420px)\"><source srcset=\"https:\/\/www.camping-closdelachaume.com\/wp-content\/uploads\/2024\/10\/montagnes-lac-768x364.webp\" media=\"(max-width: 850px)\"><source srcset=\"https:\/\/www.camping-closdelachaume.com\/wp-content\/uploads\/2024\/10\/montagnes-lac-1024x486.webp\" media=\"(max-width: 1024px)\"><source srcset=\"https:\/\/www.camping-closdelachaume.com\/wp-content\/uploads\/2024\/10\/montagnes-lac.webp\" media=\"(min-width: 1025px)\"><img decoding=\"async\" src=\"https:\/\/www.camping-closdelachaume.com\/wp-content\/uploads\/2024\/10\/montagnes-lac-600x285.webp\" width=\"420\" height=\"210\" title=\"montagnes-lac dans les vosges\" loading=\"lazy\" alt=\"\"><\/picture><\/figure><\/div><figure class=\"deco deco--3\"><picture><source srcset=\"https:\/\/www.camping-closdelachaume.com\/wp-content\/uploads\/2024\/10\/herbe2.svg\" media=\"(max-width: 420px)\"><source srcset=\"https:\/\/www.camping-closdelachaume.com\/wp-content\/uploads\/2024\/10\/herbe2.svg\" media=\"(max-width: 850px)\"><source srcset=\"https:\/\/www.camping-closdelachaume.com\/wp-content\/uploads\/2024\/10\/herbe2.svg\" media=\"(max-width: 1024px)\"><source srcset=\"https:\/\/www.camping-closdelachaume.com\/wp-content\/uploads\/2024\/10\/herbe2.svg\" media=\"(min-width: 1025px)\"><img decoding=\"async\" src=\"https:\/\/www.camping-closdelachaume.com\/wp-content\/uploads\/2024\/10\/herbe2.svg\" width=\"420\" height=\"210\" title=\"herbe2\" loading=\"lazy\" alt=\"\"><\/picture><\/figure><\/div><\/div>\n\n<figure class=\"deco-vague deco-vague-haut\"><picture><source srcset=\"https:\/\/www.camping-closdelachaume.com\/wp-content\/uploads\/2024\/10\/vague-gauche-haut.svg\" media=\"(max-width: 420px)\"><source srcset=\"https:\/\/www.camping-closdelachaume.com\/wp-content\/uploads\/2024\/10\/vague-gauche-haut.svg\" media=\"(max-width: 850px)\"><source srcset=\"https:\/\/www.camping-closdelachaume.com\/wp-content\/uploads\/2024\/10\/vague-gauche-haut.svg\" media=\"(max-width: 1024px)\"><source srcset=\"https:\/\/www.camping-closdelachaume.com\/wp-content\/uploads\/2024\/10\/vague-gauche-haut.svg\" media=\"(min-width: 1025px)\"><img decoding=\"async\" src=\"https:\/\/www.camping-closdelachaume.com\/wp-content\/uploads\/2024\/10\/vague-gauche-haut.svg\" width=\"420\" height=\"210\" title=\"vague-gauche-haut\" loading=\"lazy\" alt=\"\"><\/picture><\/figure>\n\n<div class=\"group sec-55 align-full has-background\" style=\"background-color:var(--vert-clair);\"><h2 style=\"text-align: center;\">Wanderungen <span class=\"fc-span\">in Corcieux und Umgebung<\/span><\/h2><p   id=\"https:\/\/www.camping-closdelachaume.com\/de\/alentours\/lake-of-gerardmer\/\" >F\u00fcr Familienwanderungen ist <strong>das Tal der Seen <\/strong>sehr gut geeignet. Die Umrundung des <a href=\"https:\/\/www.camping-closdelachaume.com\/de\/alentours\/lake-of-gerardmer\/\" data-type=\"link\" data-id=\"https:\/\/www.camping-closdelachaume.com\/de\/alentours\/lake-of-gerardmer\/\">Sees von G\u00e9rardmer<\/a> ist mit Kindern leicht zu bew\u00e4ltigen, ebenso wie die Wanderungen um die Wasserfl\u00e4chen von <strong>Longemer<\/strong> und <strong>Retournemer<\/strong>.<\/p><p  style=\"text-align: center;\"  >Hier finden Sie einige Wanderwege, die f\u00fcr die ganze Familie geeignet sind, vorausgesetzt, Sie haben gutes Schuhwerk.<br>&#8211; La <strong>cascade du Saut de la Bourrique<\/strong>: 5 km, positiver H\u00f6henunterschied 80 m. Dieser Weg ist im Sommer sehr erfrischend mit seinen Stegen und der Holztreppe, von der aus man einen guten Blick auf den Wasserfall hat. Ein Erfolg mit den Kindern!<br>&#8211; Ein kleiner Rundweg in <strong>Champ des Roches<\/strong>: 6,7 km und 167 m H\u00f6henunterschied. Er bietet einen sch\u00f6nen Blick auf das Tal von Corcieux.<br>&#8211; Der Col <strong>de la Croix de l&#8217;Ormeau<\/strong> von <strong>Viserny<\/strong> aus: Kurzer Spaziergang (1,7 km), aber es geht bergauf mit 184 m positivem H\u00f6henunterschied.   <\/p><div class=\"lireplus fc-desk\"><p  style=\"text-align: center;\"  >Lesen Sie mehr  <span class=\"fc-icon\"><svg xmlns=\"http:\/\/www.w3.org\/2000\/svg\" viewBox=\"0 0 384 512\"><!--!Font Awesome Free 6.6.0 by @fontawesome - https:\/\/fontawesome.com License - https:\/\/fontawesome.com\/license\/free Copyright 2024 Fonticons, Inc.--><path d=\"M169.4 470.6c12.5 12.5 32.8 12.5 45.3 0l160-160c12.5-12.5 12.5-32.8 0-45.3s-32.8-12.5-45.3 0L224 370.8 224 64c0-17.7-14.3-32-32-32s-32 14.3-32 32l0 306.7L54.6 265.4c-12.5-12.5-32.8-12.5-45.3 0s-12.5 32.8 0 45.3l160 160z\"\/><\/svg><\/span><\/p><div class=\"group\"><p  style=\"text-align: center;\"  >F\u00fcr<strong> Bergwanderungen<\/strong> auf Wegen mit gr\u00f6\u00dferem H\u00f6henunterschied gibt es l\u00e4ngere und steilere Strecken. Topoguides sind im Tourismusb\u00fcro von Corcieux erh\u00e4ltlich. Das Fremdenverkehrsamt liegt weniger als einen Kilometer vom Campingplatz entfernt.  <\/p><ul><li>\n<\/li><\/ul><\/div><\/div><div class=\"gallery fade-up f-carousel fc-diapo-mob\"><figure class=\"gallery__item\"><picture><source srcset=\"https:\/\/www.camping-closdelachaume.com\/wp-content\/uploads\/2024\/10\/vd004375-edited.jpg\" media=\"(max-width: 420px)\"><source srcset=\"https:\/\/www.camping-closdelachaume.com\/wp-content\/uploads\/2024\/10\/vd004375-edited.jpg\" media=\"(max-width: 850px)\"><source srcset=\"https:\/\/www.camping-closdelachaume.com\/wp-content\/uploads\/2024\/10\/vd004375-edited.jpg\" media=\"(max-width: 1024px)\"><source srcset=\"https:\/\/www.camping-closdelachaume.com\/wp-content\/uploads\/2024\/10\/vd004375-edited.jpg\" media=\"(min-width: 1025px)\"><img decoding=\"async\" src=\"https:\/\/www.camping-closdelachaume.com\/wp-content\/uploads\/2024\/10\/vd004375-edited-420x405.jpg\" width=\"420\" height=\"210\" title=\"randonnes nature vosges\" loading=\"lazy\" alt=\"\"><\/picture><\/figure><figure class=\"gallery__item\"><picture><source srcset=\"https:\/\/www.camping-closdelachaume.com\/wp-content\/uploads\/2024\/10\/balade-nature-en-famille-accompagnee-au-camping-au-clos-de-la-chaume-850x365.jpg.webp\" media=\"(max-width: 420px)\"><source srcset=\"https:\/\/www.camping-closdelachaume.com\/wp-content\/uploads\/2024\/10\/balade-nature-en-famille-accompagnee-au-camping-au-clos-de-la-chaume-768x330.jpg.webp\" media=\"(max-width: 850px)\"><source srcset=\"https:\/\/www.camping-closdelachaume.com\/wp-content\/uploads\/2024\/10\/balade-nature-en-famille-accompagnee-au-camping-au-clos-de-la-chaume-1024x440.jpg.webp\" media=\"(max-width: 1024px)\"><source srcset=\"https:\/\/www.camping-closdelachaume.com\/wp-content\/uploads\/2024\/10\/balade-nature-en-famille-accompagnee-au-camping-au-clos-de-la-chaume.jpg.webp\" media=\"(min-width: 1025px)\"><img decoding=\"async\" src=\"https:\/\/www.camping-closdelachaume.com\/wp-content\/uploads\/2024\/10\/balade-nature-en-famille-accompagnee-au-camping-au-clos-de-la-chaume-600x258.jpg.webp\" width=\"420\" height=\"210\" title=\"balade-nature-en-famille-accompagnee-au-camping-au-clos-de-la-chaume\" loading=\"lazy\" alt=\"\"><\/picture><\/figure><figure class=\"gallery__item\"><picture><source srcset=\"https:\/\/www.camping-closdelachaume.com\/wp-content\/uploads\/2024\/10\/AdobeStock_496001176-850x564.jpg.webp\" media=\"(max-width: 420px)\"><source srcset=\"https:\/\/www.camping-closdelachaume.com\/wp-content\/uploads\/2024\/10\/AdobeStock_496001176-768x510.jpg.webp\" media=\"(max-width: 850px)\"><source srcset=\"https:\/\/www.camping-closdelachaume.com\/wp-content\/uploads\/2024\/10\/AdobeStock_496001176-1024x680.jpg.webp\" media=\"(max-width: 1024px)\"><source srcset=\"https:\/\/www.camping-closdelachaume.com\/wp-content\/uploads\/2024\/10\/AdobeStock_496001176.jpg.webp\" media=\"(min-width: 1025px)\"><img decoding=\"async\" src=\"https:\/\/www.camping-closdelachaume.com\/wp-content\/uploads\/2024\/10\/AdobeStock_496001176-600x398.jpg.webp\" width=\"420\" height=\"210\" alt=\"L&#039;Arboretum de la for\u00eat d&#039;\u00c9pinal View From The Le Grand Ballon Mountain To The Lake Lac Du Ballon Vosges Mountains France On A Beautiful Sunny Spring Day\" loading=\"lazy\" title=\"\"><\/picture><\/figure><\/div><\/div>\n\n<figure class=\"deco-vague deco-vague-bas\"><picture><source srcset=\"https:\/\/www.camping-closdelachaume.com\/wp-content\/uploads\/2024\/10\/vague-droite-bas.svg\" media=\"(max-width: 420px)\"><source srcset=\"https:\/\/www.camping-closdelachaume.com\/wp-content\/uploads\/2024\/10\/vague-droite-bas.svg\" media=\"(max-width: 850px)\"><source srcset=\"https:\/\/www.camping-closdelachaume.com\/wp-content\/uploads\/2024\/10\/vague-droite-bas.svg\" media=\"(max-width: 1024px)\"><source srcset=\"https:\/\/www.camping-closdelachaume.com\/wp-content\/uploads\/2024\/10\/vague-droite-bas.svg\" media=\"(min-width: 1025px)\"><img decoding=\"async\" src=\"https:\/\/www.camping-closdelachaume.com\/wp-content\/uploads\/2024\/10\/vague-droite-bas.svg\" width=\"420\" height=\"210\" title=\"vague-droite-bas\" loading=\"lazy\" alt=\"\"><\/picture><\/figure>\n\n<div class=\"columns sec-35\"><div class=\"columns__item texte fade-up\"><h2>Natur- <span class=\"fc-span\">und Familienaktivit\u00e4ten<\/span><\/h2><p    >Vom Zentrum von Corcieux aus bietet <strong>der Pfad &#8222;Les Gravi\u00e8res de Grandes Nolles&#8220;<\/strong> die Gelegenheit, die Spuren der Biber in ihrer Umgebung zu beobachten. Bewundern Sie ihren Lebensraum und ihre geschickten Bauten auf den Wasserfl\u00e4chen, es ist faszinierend! Die p\u00e4dagogischen Schilder entlang des Weges erm\u00f6glichen es Ihnen, die Region gr\u00fcndlich zu erkunden. Eine Aktivit\u00e4t, die die ganze Familie begeistern wird.   <\/p><p   id=\"228\" > <a href=\"https:\/\/www.camping-closdelachaume.com\/de\/camping-nature-vosges\/\" data-type=\"page\" data-id=\"228\">Im kleinen Wald des Campingplatzes<\/a> bietet ein Bergf\u00fchrer Aktivit\u00e4ten f\u00fcr die Urlauber an. Barfu\u00df durch den Wald wandern oder die Sterne entdecken &#8211; ein tolles Programm! In der Umgebung k\u00f6nnen Sie auch einen Familienausflug in einen Freizeitpark oder ein Reservat machen. Es gibt eine gro\u00dfe Auswahl an Hochseilg\u00e4rten und Tierparks.   <\/p><div class=\"lireplus fc-desk\"><p    >Lesen Sie mehr<\/p><div class=\"group\"><p   id=\"247\" >Von <strong>Corcieux<\/strong> aus sollten Sie auch einen Tag f\u00fcr einen Roadtrip auf <strong>der Route des Cr\u00eates<\/strong> einplanen, um die Gipfel der Vogesen zu entdecken. Auf der Strecke liegt der h\u00f6chste Gipfel, <strong>der Grand Ballon<\/strong>, aber auch der Markstein und das Hohneck. Und wer m\u00f6chte, kann sich mit dem Fahrrad auf einen der zahlreichen <a href=\"https:\/\/www.camping-closdelachaume.com\/de\/velo-alsace-lorraine\/\" data-type=\"page\" data-id=\"247\">Mountainbikewege in Elsass-Lothringen<\/a> begeben. Zwischen Seen, W\u00e4ldern und Panoramen verspricht dieser Tag herrliche Erinnerungen.   <\/p><\/div><\/div><\/div><div class=\"columns__item fade-right\"><div class=\"gallery col-2 f-carousel fc-diapo-mob\"><figure class=\"gallery__item\"><picture><source srcset=\"https:\/\/www.camping-closdelachaume.com\/wp-content\/uploads\/2024\/10\/animation-autour-des-etoiles-1-850x478.jpg.webp\" media=\"(max-width: 420px)\"><source srcset=\"https:\/\/www.camping-closdelachaume.com\/wp-content\/uploads\/2024\/10\/animation-autour-des-etoiles-1-768x432.jpg.webp\" media=\"(max-width: 850px)\"><source srcset=\"https:\/\/www.camping-closdelachaume.com\/wp-content\/uploads\/2024\/10\/animation-autour-des-etoiles-1-1024x576.jpg.webp\" media=\"(max-width: 1024px)\"><source srcset=\"https:\/\/www.camping-closdelachaume.com\/wp-content\/uploads\/2024\/10\/animation-autour-des-etoiles-1.jpg.webp\" media=\"(min-width: 1025px)\"><img decoding=\"async\" src=\"https:\/\/www.camping-closdelachaume.com\/wp-content\/uploads\/2024\/10\/animation-autour-des-etoiles-1-600x338.jpg.webp\" width=\"420\" height=\"210\" title=\"animation-autour-des-etoiles dans les vosges\" loading=\"lazy\" alt=\"\"><\/picture><\/figure><figure class=\"gallery__item\"><picture><source srcset=\"https:\/\/www.camping-closdelachaume.com\/wp-content\/uploads\/2024\/10\/ruisseau-camping-sites-et-paysages-au-clos-de-la-chaume-camping-vosges-camping-lorraine-camping-alsace-2-850x567.jpg.webp\" media=\"(max-width: 420px)\"><source srcset=\"https:\/\/www.camping-closdelachaume.com\/wp-content\/uploads\/2024\/10\/ruisseau-camping-sites-et-paysages-au-clos-de-la-chaume-camping-vosges-camping-lorraine-camping-alsace-2-768x512.jpg.webp\" media=\"(max-width: 850px)\"><source srcset=\"https:\/\/www.camping-closdelachaume.com\/wp-content\/uploads\/2024\/10\/ruisseau-camping-sites-et-paysages-au-clos-de-la-chaume-camping-vosges-camping-lorraine-camping-alsace-2.jpg.webp\" media=\"(max-width: 1024px)\"><source srcset=\"https:\/\/www.camping-closdelachaume.com\/wp-content\/uploads\/2024\/10\/ruisseau-camping-sites-et-paysages-au-clos-de-la-chaume-camping-vosges-camping-lorraine-camping-alsace-2.jpg.webp\" media=\"(min-width: 1025px)\"><img decoding=\"async\" src=\"https:\/\/www.camping-closdelachaume.com\/wp-content\/uploads\/2024\/10\/ruisseau-camping-sites-et-paysages-au-clos-de-la-chaume-camping-vosges-camping-lorraine-camping-alsace-2-600x400.jpg.webp\" width=\"420\" height=\"210\" title=\"ruisseau-camping-sites-et-paysages-au-clos-de-la-chaume-camping-vosges-camping-lorraine-camping-alsace-2\" loading=\"lazy\" alt=\"\"><\/picture><\/figure><figure class=\"gallery__item\"><picture><source srcset=\"https:\/\/www.camping-closdelachaume.com\/wp-content\/uploads\/2024\/10\/200727_camping-clos-de-la-chaume_hd-20-850x567.jpg.webp\" media=\"(max-width: 420px)\"><source srcset=\"https:\/\/www.camping-closdelachaume.com\/wp-content\/uploads\/2024\/10\/200727_camping-clos-de-la-chaume_hd-20-768x512.jpg.webp\" media=\"(max-width: 850px)\"><source srcset=\"https:\/\/www.camping-closdelachaume.com\/wp-content\/uploads\/2024\/10\/200727_camping-clos-de-la-chaume_hd-20.jpg.webp\" media=\"(max-width: 1024px)\"><source srcset=\"https:\/\/www.camping-closdelachaume.com\/wp-content\/uploads\/2024\/10\/200727_camping-clos-de-la-chaume_hd-20.jpg.webp\" media=\"(min-width: 1025px)\"><img decoding=\"async\" src=\"https:\/\/www.camping-closdelachaume.com\/wp-content\/uploads\/2024\/10\/200727_camping-clos-de-la-chaume_hd-20-600x400.jpg.webp\" width=\"420\" height=\"210\" title=\"ruisseau_camping-clos-de-la-chaume_hd-20\" loading=\"lazy\" alt=\"\"><\/picture><\/figure><\/div><figure class=\"deco deco--1\"><picture><source srcset=\"https:\/\/www.camping-closdelachaume.com\/wp-content\/uploads\/2024\/10\/herbe1.svg\" media=\"(max-width: 420px)\"><source srcset=\"https:\/\/www.camping-closdelachaume.com\/wp-content\/uploads\/2024\/10\/herbe1.svg\" media=\"(max-width: 850px)\"><source srcset=\"https:\/\/www.camping-closdelachaume.com\/wp-content\/uploads\/2024\/10\/herbe1.svg\" media=\"(max-width: 1024px)\"><source srcset=\"https:\/\/www.camping-closdelachaume.com\/wp-content\/uploads\/2024\/10\/herbe1.svg\" media=\"(min-width: 1025px)\"><img decoding=\"async\" src=\"https:\/\/www.camping-closdelachaume.com\/wp-content\/uploads\/2024\/10\/herbe1.svg\" width=\"420\" height=\"210\" title=\"herbe1\" loading=\"lazy\" alt=\"\"><\/picture><\/figure><\/div><\/div>","protected":false},"excerpt":{"rendered":"<p>Wanderungen rund um Corcieux Corcieux ist ein ideales Basislager f\u00fcr Naturliebhaber. Ideal zwischen Saint-Di\u00e9-des-Vosges und G\u00e9rardmer gelegen, bietet dieser Teil des Departements Vosges eine gro\u00dfe Auswahl an Wanderwegen. Von Familienausfl\u00fcgen bis hin zu sportlichen Wanderungen: f\u00fcr jeden Geschmack ist etwas dabei! Corcieux: eine privilegierte Lage im Herzen der Ballons des Vosges Der Parc Naturel R\u00e9gional [&hellip;]<\/p>\n","protected":false},"author":1,"featured_media":0,"parent":0,"menu_order":0,"comment_status":"open","ping_status":"open","template":"","meta":{"_acf_changed":false,"footnotes":""},"acf":[],"_links":{"self":[{"href":"https:\/\/www.camping-closdelachaume.com\/de\/wp-json\/wp\/v2\/pages\/2442"}],"collection":[{"href":"https:\/\/www.camping-closdelachaume.com\/de\/wp-json\/wp\/v2\/pages"}],"about":[{"href":"https:\/\/www.camping-closdelachaume.com\/de\/wp-json\/wp\/v2\/types\/page"}],"author":[{"embeddable":true,"href":"https:\/\/www.camping-closdelachaume.com\/de\/wp-json\/wp\/v2\/users\/1"}],"replies":[{"embeddable":true,"href":"https:\/\/www.camping-closdelachaume.com\/de\/wp-json\/wp\/v2\/comments?post=2442"}],"version-history":[{"count":3,"href":"https:\/\/www.camping-closdelachaume.com\/de\/wp-json\/wp\/v2\/pages\/2442\/revisions"}],"predecessor-version":[{"id":2974,"href":"https:\/\/www.camping-closdelachaume.com\/de\/wp-json\/wp\/v2\/pages\/2442\/revisions\/2974"}],"wp:attachment":[{"href":"https:\/\/www.camping-closdelachaume.com\/de\/wp-json\/wp\/v2\/media?parent=2442"}],"curies":[{"name":"wp","href":"https:\/\/api.w.org\/{rel}","templated":true}]}}