{"id":2421,"date":"2024-10-16T16:30:32","date_gmt":"2024-10-16T14:30:32","guid":{"rendered":"https:\/\/www.camping-closdelachaume.com\/camping-en-alsace\/"},"modified":"2025-02-10T15:14:46","modified_gmt":"2025-02-10T14:14:46","slug":"camping-im-elsass","status":"publish","type":"page","link":"https:\/\/www.camping-closdelachaume.com\/de\/camping-im-elsass\/","title":{"rendered":"SEO Caming im Elsass"},"content":{"rendered":"<div class=\"diaporama-header align-full\"><div class=\"gallery\"><figure class=\"gallery__item\"><picture><source srcset=\"https:\/\/www.camping-closdelachaume.com\/wp-content\/uploads\/2024\/10\/Clos-AdobeStock_433502161-850x569.jpg.webp\" media=\"(max-width: 420px)\"><source srcset=\"https:\/\/www.camping-closdelachaume.com\/wp-content\/uploads\/2024\/10\/Clos-AdobeStock_433502161-768x514.jpg.webp\" media=\"(max-width: 850px)\"><source srcset=\"https:\/\/www.camping-closdelachaume.com\/wp-content\/uploads\/2024\/10\/Clos-AdobeStock_433502161-1024x685.jpg.webp\" media=\"(max-width: 1024px)\"><source srcset=\"https:\/\/www.camping-closdelachaume.com\/wp-content\/uploads\/2024\/10\/Clos-AdobeStock_433502161.jpg.webp\" media=\"(min-width: 1025px)\"><img loading=\"lazy\" decoding=\"async\" src=\"https:\/\/www.camping-closdelachaume.com\/wp-content\/uploads\/2024\/10\/Clos-AdobeStock_433502161-600x402.jpg.webp\" width=\"420\" height=\"210\" alt=\"Sc\u00e8ne urbaine dans la ville de Colmar , Alsace (Fr).\" title=\"ville de Colmar , Alsace , camping au clos de la chaume\"><\/picture><\/figure><\/div><div class=\"diaporama-header__inner\"><div class=\"buttons display-flex \" style=\"justify-content:center;\"><span class=\"buttons__btn btn_resa is-style-resa\"><span class=\"fc-icon\"><svg xmlns=\"http:\/\/www.w3.org\/2000\/svg\"  viewBox=\"0 0 512 512\" width=\"16px\" height=\"16px\"><!--! Font Awesome Pro 6.4.2 by @fontawesome - https:\/\/fontawesome.com License - https:\/\/fontawesome.com\/license (Commercial License) Copyright 2023 Fonticons, Inc.--><path d=\"M224 0c-17.7 0-32 14.3-32 32V64H144c-26.5 0-48 21.5-48 48v48H512V112c0-26.5-21.5-48-48-48H416V32c0-17.7-14.3-32-32-32s-32 14.3-32 32V64H256V32c0-17.7-14.3-32-32-32zM96 192V368c0 26.5 21.5 48 48 48H464c26.5 0 48-21.5 48-48V192H96zm-48-8c0-13.3-10.7-24-24-24s-24 10.7-24 24V392c0 66.3 53.7 120 120 120H392c13.3 0 24-10.7 24-24s-10.7-24-24-24H120c-39.8 0-72-32.2-72-72V184z\"\/><\/svg><\/span>  Buchen Sie jetzt!<\/span><\/div><figure class=\"diaporama-header__deco\"><picture><source srcset=\"https:\/\/www.camping-closdelachaume.com\/wp-content\/uploads\/2024\/10\/vague-diapoheader.svg\" media=\"(max-width: 420px)\"><source srcset=\"https:\/\/www.camping-closdelachaume.com\/wp-content\/uploads\/2024\/10\/vague-diapoheader.svg\" media=\"(max-width: 850px)\"><source srcset=\"https:\/\/www.camping-closdelachaume.com\/wp-content\/uploads\/2024\/10\/vague-diapoheader.svg\" media=\"(max-width: 1024px)\"><source srcset=\"https:\/\/www.camping-closdelachaume.com\/wp-content\/uploads\/2024\/10\/vague-diapoheader.svg\" media=\"(min-width: 1025px)\"><img loading=\"lazy\" decoding=\"async\" src=\"https:\/\/www.camping-closdelachaume.com\/wp-content\/uploads\/2024\/10\/vague-diapoheader.svg\" width=\"420\" height=\"210\" title=\"vague-diapoheader\" alt=\"\"><\/picture><\/figure><\/div><\/div><div class=\"columns sec-00\" style=\"align-items:center;\"><div class=\"columns__item texte fade-up\" style=\"align-self:center;\"><h1>Campingplatz im Elsass<\/h1><p   id=\"226\" >Das Elsass ist eine Region in Frankreich, die an <a href=\"https:\/\/www.camping-closdelachaume.com\/de\/camping-lorraine\/\" data-type=\"page\" data-id=\"226\">Lothringen<\/a>, die Schweiz und Deutschland grenzt. Es besteht aus den beiden Departements Haut-Rhin und Bas-Rhin und seine Hauptstadt ist die Stadt <strong>Stra\u00dfburg<\/strong>. Das Symbol des Elsass ist ein Vogel, der Wei\u00dfstorch, den die Els\u00e4sser als ihren Gl\u00fccksbringer betrachten.  <\/p><p    >Aufgrund seiner Vergangenheit, seiner geographischen Lage, seiner Kultur und seiner Traditionen ist diese Region mit einer Fl\u00e4che von 8800 km\u00b2 und zwei Millionen Einwohnern (2.003.217 im Jahr 2010) ein sehr wichtiger <strong>Touristenmagnet<\/strong>. <strong>Was gibt es im Elsass zu sehen und zu tun?<\/strong><\/p><\/div><div class=\"columns__item fade-right\" style=\"align-self:center;\"><div class=\"gallery col-2 f-carousel fc-diapo-mob\"><figure class=\"gallery__item\"><picture><source srcset=\"https:\/\/www.camping-closdelachaume.com\/wp-content\/uploads\/2024\/10\/ville-alsace-850x576.webp\" media=\"(max-width: 420px)\"><source srcset=\"https:\/\/www.camping-closdelachaume.com\/wp-content\/uploads\/2024\/10\/ville-alsace-768x520.webp\" media=\"(max-width: 850px)\"><source srcset=\"https:\/\/www.camping-closdelachaume.com\/wp-content\/uploads\/2024\/10\/ville-alsace-1024x693.webp\" media=\"(max-width: 1024px)\"><source srcset=\"https:\/\/www.camping-closdelachaume.com\/wp-content\/uploads\/2024\/10\/ville-alsace.webp\" media=\"(min-width: 1025px)\"><img decoding=\"async\" src=\"https:\/\/www.camping-closdelachaume.com\/wp-content\/uploads\/2024\/10\/ville-alsace-600x406.webp\" width=\"420\" height=\"210\" title=\"ville-alsace\" loading=\"lazy\" alt=\"\"><\/picture><\/figure><figure class=\"gallery__item\"><picture><source srcset=\"https:\/\/www.camping-closdelachaume.com\/wp-content\/uploads\/2024\/10\/chateau-alsace-haut-koenigsbourg-2-850x567.webp\" media=\"(max-width: 420px)\"><source srcset=\"https:\/\/www.camping-closdelachaume.com\/wp-content\/uploads\/2024\/10\/chateau-alsace-haut-koenigsbourg-2-768x512.webp\" media=\"(max-width: 850px)\"><source srcset=\"https:\/\/www.camping-closdelachaume.com\/wp-content\/uploads\/2024\/10\/chateau-alsace-haut-koenigsbourg-2-1024x683.webp\" media=\"(max-width: 1024px)\"><source srcset=\"https:\/\/www.camping-closdelachaume.com\/wp-content\/uploads\/2024\/10\/chateau-alsace-haut-koenigsbourg-2.webp\" media=\"(min-width: 1025px)\"><img decoding=\"async\" src=\"https:\/\/www.camping-closdelachaume.com\/wp-content\/uploads\/2024\/10\/chateau-alsace-haut-koenigsbourg-2-600x400.webp\" width=\"420\" height=\"210\" title=\"chateau-alsace-haut-koenigsbourg-2\" loading=\"lazy\" alt=\"\"><\/picture><\/figure><figure class=\"gallery__item\"><picture><source srcset=\"https:\/\/www.camping-closdelachaume.com\/wp-content\/uploads\/2024\/10\/route-des-vins-alsace-8-850x567.webp\" media=\"(max-width: 420px)\"><source srcset=\"https:\/\/www.camping-closdelachaume.com\/wp-content\/uploads\/2024\/10\/route-des-vins-alsace-8-768x512.webp\" media=\"(max-width: 850px)\"><source srcset=\"https:\/\/www.camping-closdelachaume.com\/wp-content\/uploads\/2024\/10\/route-des-vins-alsace-8-1024x683.webp\" media=\"(max-width: 1024px)\"><source srcset=\"https:\/\/www.camping-closdelachaume.com\/wp-content\/uploads\/2024\/10\/route-des-vins-alsace-8.webp\" media=\"(min-width: 1025px)\"><img decoding=\"async\" src=\"https:\/\/www.camping-closdelachaume.com\/wp-content\/uploads\/2024\/10\/route-des-vins-alsace-8-600x400.webp\" width=\"420\" height=\"210\" title=\"route-des-vins-alsace-8\" loading=\"lazy\" alt=\"\"><\/picture><\/figure><figure class=\"gallery__item\"><picture><source srcset=\"https:\/\/www.camping-closdelachaume.com\/wp-content\/uploads\/2024\/10\/AdobeStock_196512717-850x403.jpg.webp\" media=\"(max-width: 420px)\"><source srcset=\"https:\/\/www.camping-closdelachaume.com\/wp-content\/uploads\/2024\/10\/AdobeStock_196512717-768x364.jpg.webp\" media=\"(max-width: 850px)\"><source srcset=\"https:\/\/www.camping-closdelachaume.com\/wp-content\/uploads\/2024\/10\/AdobeStock_196512717-1024x486.jpg.webp\" media=\"(max-width: 1024px)\"><source srcset=\"https:\/\/www.camping-closdelachaume.com\/wp-content\/uploads\/2024\/10\/AdobeStock_196512717.jpg.webp\" media=\"(min-width: 1025px)\"><img decoding=\"async\" src=\"https:\/\/www.camping-closdelachaume.com\/wp-content\/uploads\/2024\/10\/AdobeStock_196512717-600x285.jpg.webp\" width=\"420\" height=\"210\" alt=\"Lac du Ballon, a lake in the Vosges mountains - Haut-Rhin, France Lac du Ballon, a lake in the Vosges mountains - Alsace, France\" title=\"Lac du Ballon, a lake in the Vosges mountains &#8211; Haut-Rhin, France\" loading=\"lazy\"><\/picture><\/figure><\/div><figure class=\"deco decou002du002d1\"><picture><source srcset=\"https:\/\/www.camping-closdelachaume.com\/wp-content\/uploads\/2024\/10\/herbe1.svg\" media=\"(max-width: 420px)\"><source srcset=\"https:\/\/www.camping-closdelachaume.com\/wp-content\/uploads\/2024\/10\/herbe1.svg\" media=\"(max-width: 850px)\"><source srcset=\"https:\/\/www.camping-closdelachaume.com\/wp-content\/uploads\/2024\/10\/herbe1.svg\" media=\"(max-width: 1024px)\"><source srcset=\"https:\/\/www.camping-closdelachaume.com\/wp-content\/uploads\/2024\/10\/herbe1.svg\" media=\"(min-width: 1025px)\"><img decoding=\"async\" src=\"https:\/\/www.camping-closdelachaume.com\/wp-content\/uploads\/2024\/10\/herbe1.svg\" width=\"420\" height=\"210\" title=\"herbe1\" loading=\"lazy\" alt=\"\"><\/picture><\/figure><\/div><\/div><figure class=\"deco-vague deco-vague-haut\"><picture><source srcset=\"https:\/\/www.camping-closdelachaume.com\/wp-content\/uploads\/2024\/10\/vague-droite-haut.svg\" media=\"(max-width: 420px)\"><source srcset=\"https:\/\/www.camping-closdelachaume.com\/wp-content\/uploads\/2024\/10\/vague-droite-haut.svg\" media=\"(max-width: 850px)\"><source srcset=\"https:\/\/www.camping-closdelachaume.com\/wp-content\/uploads\/2024\/10\/vague-droite-haut.svg\" media=\"(max-width: 1024px)\"><source srcset=\"https:\/\/www.camping-closdelachaume.com\/wp-content\/uploads\/2024\/10\/vague-droite-haut.svg\" media=\"(min-width: 1025px)\"><img decoding=\"async\" src=\"https:\/\/www.camping-closdelachaume.com\/wp-content\/uploads\/2024\/10\/vague-droite-haut.svg\" width=\"420\" height=\"210\" title=\"vague-droite-haut\" loading=\"lazy\" alt=\"\"><\/picture><\/figure><div class=\"group sec-10 align-full has-background\" style=\"background-color:var(--vert-clair);\"><h2 style=\"text-align: center;\">Tourismus Elsass: <span class=\"fc-span\">das Beste, was das Elsass zu bieten hat!<\/span><\/h2><p  style=\"text-align: center;\"  >Was sind die beliebtesten <strong>Sehensw\u00fcrdigkeiten<\/strong>und Wahrzeichen in Elsass, in deren N\u00e4he Sie unbedingt einen Besuch abstatten sollten?<\/p><p  style=\"text-align: center;\"  >Das Stra\u00dfburger M\u00fcnster: Es wird jedes Jahr von fast 4 Millionen Menschen <strong>besucht<\/strong> und war 227 Jahre lang das h\u00f6chste Geb\u00e4ude der Welt. <a href=\"https:\/\/www.visitstrasbourg.fr\/a-voir-a-faire-strasbourg\/culture\/sites-a-visiter\/autres-lieux-de-visite\/f223007613_l-horloge-astronomique-strasbourg\/\" rel=\"noopener\">Die astronomische Uhr<\/a> des <a href=\"https:\/\/www.visitstrasbourg.fr\/a-voir-a-faire-strasbourg\/culture\/sites-a-visiter\/autres-lieux-de-visite\/f223007613_l-horloge-astronomique-strasbourg\/\" rel=\"noopener\">M\u00fcnsters<\/a> ist eine Sehensw\u00fcrdigkeit f\u00fcr sich. Sie wurde 1574 geschaffen und ist ein Meisterwerk der Uhrmacherei und Mathematik der Renaissance, das immer wieder durch seine technischen Leistungen und seine Feinheit \u00fcberrascht. Die Uhr ist mit einem ewigen Kalender ausgestattet, der die Bewegung der Planeten auf einem Astrolabium anzeigt. Um die Augen voll zu bekommen, sollten Sie um 12:30 Uhr kommen, wenn nach dem L\u00e4uten eines Engels alle Automaten zum Leben erweckt werden, was f\u00fcr Gro\u00df und Klein ein wahrhaft magisches Erlebnis ist. Alle Apostel ziehen an Christus vorbei und gr\u00fc\u00dfen ihn, die vier Lebensalter ziehen am Tod vorbei.    <\/p><ul><li>Das Kloster Mont Sainte Odile: Es empf\u00e4ngt 1,3 Millionen Besucher pro Jahr.\n<\/li><li>Das historische Stadtzentrum von Stra\u00dfburg: Das malerische Viertel La Petite France steht seit 1988 auf der Liste des UNESCO-Weltkulturerbes.\n<\/li><\/ul><div class=\"gallery fade-right col-2 f-carousel fc-diapo\"><figure class=\"gallery__item\"><picture><source srcset=\"https:\/\/www.camping-closdelachaume.com\/wp-content\/uploads\/2024\/10\/AdobeStock_320312981-clos-850x603.jpg.webp\" media=\"(max-width: 420px)\"><source srcset=\"https:\/\/www.camping-closdelachaume.com\/wp-content\/uploads\/2024\/10\/AdobeStock_320312981-clos-768x545.jpg.webp\" media=\"(max-width: 850px)\"><source srcset=\"https:\/\/www.camping-closdelachaume.com\/wp-content\/uploads\/2024\/10\/AdobeStock_320312981-clos-1024x727.jpg.webp\" media=\"(max-width: 1024px)\"><source srcset=\"https:\/\/www.camping-closdelachaume.com\/wp-content\/uploads\/2024\/10\/AdobeStock_320312981-clos.jpg.webp\" media=\"(min-width: 1025px)\"><img decoding=\"async\" src=\"https:\/\/www.camping-closdelachaume.com\/wp-content\/uploads\/2024\/10\/AdobeStock_320312981-clos-600x426.jpg.webp\" width=\"420\" height=\"210\" alt=\"Houses in Strasbourg Picturesque district Petite France in Strasbourg, houses on river\" title=\"visites traditionnelles camping au clos de la chaume\" loading=\"lazy\"><\/picture><\/figure><figure class=\"gallery__item\"><picture><source srcset=\"https:\/\/www.camping-closdelachaume.com\/wp-content\/uploads\/2024\/10\/chateau-alsace-haut-koenigsbourg-4-850x478.webp\" media=\"(max-width: 420px)\"><source srcset=\"https:\/\/www.camping-closdelachaume.com\/wp-content\/uploads\/2024\/10\/chateau-alsace-haut-koenigsbourg-4-768x432.webp\" media=\"(max-width: 850px)\"><source srcset=\"https:\/\/www.camping-closdelachaume.com\/wp-content\/uploads\/2024\/10\/chateau-alsace-haut-koenigsbourg-4-1024x576.webp\" media=\"(max-width: 1024px)\"><source srcset=\"https:\/\/www.camping-closdelachaume.com\/wp-content\/uploads\/2024\/10\/chateau-alsace-haut-koenigsbourg-4.webp\" media=\"(min-width: 1025px)\"><img decoding=\"async\" src=\"https:\/\/www.camping-closdelachaume.com\/wp-content\/uploads\/2024\/10\/chateau-alsace-haut-koenigsbourg-4-600x338.webp\" width=\"420\" height=\"210\" title=\"chateau-alsace-haut-koenigsbourg-4\" loading=\"lazy\" alt=\"\"><\/picture><\/figure><figure class=\"gallery__item\"><picture><source srcset=\"https:\/\/www.camping-closdelachaume.com\/wp-content\/uploads\/2024\/10\/route-des-vins-alsace-5-850x567.webp\" media=\"(max-width: 420px)\"><source srcset=\"https:\/\/www.camping-closdelachaume.com\/wp-content\/uploads\/2024\/10\/route-des-vins-alsace-5-768x512.webp\" media=\"(max-width: 850px)\"><source srcset=\"https:\/\/www.camping-closdelachaume.com\/wp-content\/uploads\/2024\/10\/route-des-vins-alsace-5-1024x683.webp\" media=\"(max-width: 1024px)\"><source srcset=\"https:\/\/www.camping-closdelachaume.com\/wp-content\/uploads\/2024\/10\/route-des-vins-alsace-5.webp\" media=\"(min-width: 1025px)\"><img decoding=\"async\" src=\"https:\/\/www.camping-closdelachaume.com\/wp-content\/uploads\/2024\/10\/route-des-vins-alsace-5-600x400.webp\" width=\"420\" height=\"210\" title=\"route-des-vins-alsace-5\" loading=\"lazy\" alt=\"\"><\/picture><\/figure><figure class=\"gallery__item\"><picture><source srcset=\"https:\/\/www.camping-closdelachaume.com\/wp-content\/uploads\/2024\/10\/route-des-vins-alsace-2-850x523.webp\" media=\"(max-width: 420px)\"><source srcset=\"https:\/\/www.camping-closdelachaume.com\/wp-content\/uploads\/2024\/10\/route-des-vins-alsace-2-768x472.webp\" media=\"(max-width: 850px)\"><source srcset=\"https:\/\/www.camping-closdelachaume.com\/wp-content\/uploads\/2024\/10\/route-des-vins-alsace-2-1024x630.webp\" media=\"(max-width: 1024px)\"><source srcset=\"https:\/\/www.camping-closdelachaume.com\/wp-content\/uploads\/2024\/10\/route-des-vins-alsace-2.webp\" media=\"(min-width: 1025px)\"><img decoding=\"async\" src=\"https:\/\/www.camping-closdelachaume.com\/wp-content\/uploads\/2024\/10\/route-des-vins-alsace-2-600x369.webp\" width=\"420\" height=\"210\" title=\"route-des-vins-alsace-2\" loading=\"lazy\" alt=\"\"><\/picture><\/figure><\/div><\/div><figure class=\"deco-vague deco-vague-bas\"><picture><source srcset=\"https:\/\/www.camping-closdelachaume.com\/wp-content\/uploads\/2024\/10\/vague-gauche-bas.svg\" media=\"(max-width: 420px)\"><source srcset=\"https:\/\/www.camping-closdelachaume.com\/wp-content\/uploads\/2024\/10\/vague-gauche-bas.svg\" media=\"(max-width: 850px)\"><source srcset=\"https:\/\/www.camping-closdelachaume.com\/wp-content\/uploads\/2024\/10\/vague-gauche-bas.svg\" media=\"(max-width: 1024px)\"><source srcset=\"https:\/\/www.camping-closdelachaume.com\/wp-content\/uploads\/2024\/10\/vague-gauche-bas.svg\" media=\"(min-width: 1025px)\"><img decoding=\"async\" src=\"https:\/\/www.camping-closdelachaume.com\/wp-content\/uploads\/2024\/10\/vague-gauche-bas.svg\" width=\"420\" height=\"210\" title=\"vague-gauche-bas\" loading=\"lazy\" alt=\"\"><\/picture><\/figure><div class=\"columns sec-30\"><div class=\"columns__item fade-left\"><div class=\"gallery col-2 f-carousel fc-diapo-mob\"><figure class=\"gallery__item\"><picture><source srcset=\"https:\/\/www.camping-closdelachaume.com\/wp-content\/uploads\/2024\/10\/AdobeStock_186985097-clos-850x567.jpg.webp\" media=\"(max-width: 420px)\"><source srcset=\"https:\/\/www.camping-closdelachaume.com\/wp-content\/uploads\/2024\/10\/AdobeStock_186985097-clos-768x512.jpg.webp\" media=\"(max-width: 850px)\"><source srcset=\"https:\/\/www.camping-closdelachaume.com\/wp-content\/uploads\/2024\/10\/AdobeStock_186985097-clos-1024x683.jpg.webp\" media=\"(max-width: 1024px)\"><source srcset=\"https:\/\/www.camping-closdelachaume.com\/wp-content\/uploads\/2024\/10\/AdobeStock_186985097-clos.jpg.webp\" media=\"(min-width: 1025px)\"><img decoding=\"async\" src=\"https:\/\/www.camping-closdelachaume.com\/wp-content\/uploads\/2024\/10\/AdobeStock_186985097-clos-600x400.jpg.webp\" width=\"420\" height=\"210\" alt=\"Colmar, France. Colmar, Alsace, France. Petit Venice, water canal and traditional half timbered houses.\" title=\"Colmar, France. pr\u00e8s camping au clos de la chaume\" loading=\"lazy\"><\/picture><\/figure><figure class=\"gallery__item\"><picture><source srcset=\"https:\/\/www.camping-closdelachaume.com\/wp-content\/uploads\/2024\/10\/AdobeStock_451975552-clos-850x638.jpg.webp\" media=\"(max-width: 420px)\"><source srcset=\"https:\/\/www.camping-closdelachaume.com\/wp-content\/uploads\/2024\/10\/AdobeStock_451975552-clos-768x576.jpg.webp\" media=\"(max-width: 850px)\"><source srcset=\"https:\/\/www.camping-closdelachaume.com\/wp-content\/uploads\/2024\/10\/AdobeStock_451975552-clos-1024x768.jpg.webp\" media=\"(max-width: 1024px)\"><source srcset=\"https:\/\/www.camping-closdelachaume.com\/wp-content\/uploads\/2024\/10\/AdobeStock_451975552-clos.jpg.webp\" media=\"(min-width: 1025px)\"><img decoding=\"async\" src=\"https:\/\/www.camping-closdelachaume.com\/wp-content\/uploads\/2024\/10\/AdobeStock_451975552-clos-600x450.jpg.webp\" width=\"420\" height=\"210\" alt=\"Street with colorful traditional french houses in Eguisheim, France Street with colorful traditional french houses in Eguisheim town of Alsace region, France\" title=\"Eguisheim camping au clos de la chaume\" loading=\"lazy\"><\/picture><\/figure><figure class=\"gallery__item\"><picture><source srcset=\"https:\/\/www.camping-closdelachaume.com\/wp-content\/uploads\/2024\/10\/AdobeStock_294233191-850x567.webp\" media=\"(max-width: 420px)\"><source srcset=\"https:\/\/www.camping-closdelachaume.com\/wp-content\/uploads\/2024\/10\/AdobeStock_294233191-768x512.webp\" media=\"(max-width: 850px)\"><source srcset=\"https:\/\/www.camping-closdelachaume.com\/wp-content\/uploads\/2024\/10\/AdobeStock_294233191-1024x683.webp\" media=\"(max-width: 1024px)\"><source srcset=\"https:\/\/www.camping-closdelachaume.com\/wp-content\/uploads\/2024\/10\/AdobeStock_294233191.webp\" media=\"(min-width: 1025px)\"><img decoding=\"async\" src=\"https:\/\/www.camping-closdelachaume.com\/wp-content\/uploads\/2024\/10\/AdobeStock_294233191-600x400.webp\" width=\"420\" height=\"210\" alt=\"butterfly on flower\" title=\"butterfly on flower\" loading=\"lazy\"><\/picture><\/figure><\/div><figure class=\"deco decou002du002d2\"><picture><source srcset=\"https:\/\/www.camping-closdelachaume.com\/wp-content\/uploads\/2024\/10\/herbe3.svg\" media=\"(max-width: 420px)\"><source srcset=\"https:\/\/www.camping-closdelachaume.com\/wp-content\/uploads\/2024\/10\/herbe3.svg\" media=\"(max-width: 850px)\"><source srcset=\"https:\/\/www.camping-closdelachaume.com\/wp-content\/uploads\/2024\/10\/herbe3.svg\" media=\"(max-width: 1024px)\"><source srcset=\"https:\/\/www.camping-closdelachaume.com\/wp-content\/uploads\/2024\/10\/herbe3.svg\" media=\"(min-width: 1025px)\"><img decoding=\"async\" src=\"https:\/\/www.camping-closdelachaume.com\/wp-content\/uploads\/2024\/10\/herbe3.svg\" width=\"420\" height=\"210\" title=\"herbe3\" loading=\"lazy\" alt=\"\"><\/picture><\/figure><\/div><div class=\"columns__item texte fade-up\"><h2>Ihr Urlaub auf einem Campingplatz <span class=\"fc-span\">im Elsass<\/span><\/h2><p   id=\"233\" >Um die Sehensw\u00fcrdigkeiten dieser historischen Region im Nordosten Frankreichs zu genie\u00dfen, gibt es nichts Besseres als einen Aufenthalt <a href=\"https:\/\/www.camping-closdelachaume.com\/de\/camping-vosges-piscine\/\" data-type=\"page\" data-id=\"233\">auf einem Campingplatz im Elsass mit Swimmingpool<\/a>. Der<strong> Campingplatz Au Clos de la Chaume<\/strong> in G\u00e9rardmer ist daf\u00fcr der ideale Ort. Viele Sehensw\u00fcrdigkeiten liegen in der N\u00e4he und Sie haben alle Annehmlichkeiten, die Sie f\u00fcr einen angenehmen Urlaub auf einem Familiencampingplatz im Elsass ben\u00f6tigen.  <\/p><p    ><strong>Einige der sch\u00f6nsten D\u00f6rfer Frankreichs<\/strong><\/p><p    >Mehrere D\u00f6rfer im Elsass z\u00e4hlen zu <strong>den sch\u00f6nsten in Frankreich<\/strong>. Dazu geh\u00f6ren : <\/p><ul><li>Eguisheim, die Stra\u00dfe der Stadtmauer, der Platz des Schlosses&#8230;\n<\/li><li>Kaysersberg und Riquewihr geh\u00f6ren zu den sch\u00f6nsten malerischen D\u00f6rfern Frankreichs!\n<\/li><li>Colmar, Klein Venedig, das Unterlinden-Museum, die Osterm\u00e4rkte usw.\n<\/li><li>Mittelbergheim (bekanntes gastronomisches Relais mit seltener Lage und architektonischem Erbe);\n<\/li><li>Hunawihr und sein NaturOparC und Schmetterlingsgarten&#8230;\n<\/li><\/ul><div class=\"lireplus fc-desk\"><p    >Lesen Sie mehr<\/p><div class=\"group\"><p    >Vergessen wir auf keinen Fall diese els\u00e4ssischen Sehensw\u00fcrdigkeiten&#8230;<\/p><p   id=\"247\" >Ein Besuch im Elsass w\u00e4re sinnlos, wenn Sie nicht die <strong>Els\u00e4ssische Weinstra\u00dfe<\/strong>, die Adlerwarte, den Storchen- und Otterpark in Hunawihr, <strong>die Schl\u00f6sser Haut-Koenigsbourg<\/strong> und Fleckenstein sowie <strong>Weinbauorte<\/strong> wie <strong>Guebwiller<\/strong> oder Riquewihr besuchen w\u00fcrden. <a href=\"https:\/\/www.camping-closdelachaume.com\/de\/fahrrad-elsass-lothringen\/\" data-type=\"page\" data-id=\"247\">Zahlreiche gr\u00fcne Wege im Elsass<\/a> f\u00fchren durch charakteristische D\u00f6rfer und die els\u00e4ssischen Weinberge. Sie sind f\u00fcr jeden Fahrradliebhaber geeignet, egal ob Anf\u00e4nger oder Profi! Im Elsass gibt es auch <strong>Skigebiete<\/strong> (Hochvogesen) und <strong>Kurorte<\/strong>.   <\/p><\/div><\/div><\/div><\/div>","protected":false},"excerpt":{"rendered":"<p>Campingplatz im Elsass Das Elsass ist eine Region in Frankreich, die an Lothringen, die Schweiz und Deutschland grenzt. Es besteht aus den beiden Departements Haut-Rhin und Bas-Rhin und seine Hauptstadt ist die Stadt Stra\u00dfburg. Das Symbol des Elsass ist ein Vogel, der Wei\u00dfstorch, den die Els\u00e4sser als ihren Gl\u00fccksbringer betrachten. Aufgrund seiner Vergangenheit, seiner geographischen [&hellip;]<\/p>\n","protected":false},"author":1,"featured_media":0,"parent":0,"menu_order":0,"comment_status":"open","ping_status":"open","template":"","meta":{"_acf_changed":false,"footnotes":""},"acf":[],"_links":{"self":[{"href":"https:\/\/www.camping-closdelachaume.com\/de\/wp-json\/wp\/v2\/pages\/2421"}],"collection":[{"href":"https:\/\/www.camping-closdelachaume.com\/de\/wp-json\/wp\/v2\/pages"}],"about":[{"href":"https:\/\/www.camping-closdelachaume.com\/de\/wp-json\/wp\/v2\/types\/page"}],"author":[{"embeddable":true,"href":"https:\/\/www.camping-closdelachaume.com\/de\/wp-json\/wp\/v2\/users\/1"}],"replies":[{"embeddable":true,"href":"https:\/\/www.camping-closdelachaume.com\/de\/wp-json\/wp\/v2\/comments?post=2421"}],"version-history":[{"count":2,"href":"https:\/\/www.camping-closdelachaume.com\/de\/wp-json\/wp\/v2\/pages\/2421\/revisions"}],"predecessor-version":[{"id":2544,"href":"https:\/\/www.camping-closdelachaume.com\/de\/wp-json\/wp\/v2\/pages\/2421\/revisions\/2544"}],"wp:attachment":[{"href":"https:\/\/www.camping-closdelachaume.com\/de\/wp-json\/wp\/v2\/media?parent=2421"}],"curies":[{"name":"wp","href":"https:\/\/api.w.org\/{rel}","templated":true}]}}