{"id":2408,"date":"2024-10-16T16:30:32","date_gmt":"2024-10-16T14:30:32","guid":{"rendered":"https:\/\/www.camping-closdelachaume.com\/camping-la-bresse\/"},"modified":"2025-02-10T15:14:46","modified_gmt":"2025-02-10T14:14:46","slug":"camping-la-bresse","status":"publish","type":"page","link":"https:\/\/www.camping-closdelachaume.com\/de\/camping-la-bresse\/","title":{"rendered":"SEO Campingplatz la Bresse"},"content":{"rendered":"<div class=\"diaporama-header align-full\"><div class=\"gallery\"><figure class=\"gallery__item\"><picture><source srcset=\"https:\/\/www.camping-closdelachaume.com\/wp-content\/uploads\/2024\/10\/bresse-lac-850x567.webp\" media=\"(max-width: 420px)\"><source srcset=\"https:\/\/www.camping-closdelachaume.com\/wp-content\/uploads\/2024\/10\/bresse-lac-768x512.webp\" media=\"(max-width: 850px)\"><source srcset=\"https:\/\/www.camping-closdelachaume.com\/wp-content\/uploads\/2024\/10\/bresse-lac-1024x683.webp\" media=\"(max-width: 1024px)\"><source srcset=\"https:\/\/www.camping-closdelachaume.com\/wp-content\/uploads\/2024\/10\/bresse-lac.webp\" media=\"(min-width: 1025px)\"><img loading=\"lazy\" decoding=\"async\" src=\"https:\/\/www.camping-closdelachaume.com\/wp-content\/uploads\/2024\/10\/bresse-lac-600x400.webp\" width=\"420\" height=\"210\" title=\"bresse-lac\" alt=\"\"><\/picture><\/figure><\/div><div class=\"diaporama-header__inner\"><div class=\"buttons display-flex \" style=\"justify-content:center;\"><span class=\"buttons__btn btn_resa is-style-resa\"><span class=\"fc-icon\"><svg xmlns=\"http:\/\/www.w3.org\/2000\/svg\"  viewBox=\"0 0 512 512\" width=\"16px\" height=\"16px\"><!--! Font Awesome Pro 6.4.2 by @fontawesome - https:\/\/fontawesome.com License - https:\/\/fontawesome.com\/license (Commercial License) Copyright 2023 Fonticons, Inc.--><path d=\"M224 0c-17.7 0-32 14.3-32 32V64H144c-26.5 0-48 21.5-48 48v48H512V112c0-26.5-21.5-48-48-48H416V32c0-17.7-14.3-32-32-32s-32 14.3-32 32V64H256V32c0-17.7-14.3-32-32-32zM96 192V368c0 26.5 21.5 48 48 48H464c26.5 0 48-21.5 48-48V192H96zm-48-8c0-13.3-10.7-24-24-24s-24 10.7-24 24V392c0 66.3 53.7 120 120 120H392c13.3 0 24-10.7 24-24s-10.7-24-24-24H120c-39.8 0-72-32.2-72-72V184z\"\/><\/svg><\/span>  Buchen Sie jetzt!<\/span><\/div><figure class=\"diaporama-header__deco\"><picture><source srcset=\"https:\/\/www.camping-closdelachaume.com\/wp-content\/uploads\/2024\/10\/vague-diapoheader.svg\" media=\"(max-width: 420px)\"><source srcset=\"https:\/\/www.camping-closdelachaume.com\/wp-content\/uploads\/2024\/10\/vague-diapoheader.svg\" media=\"(max-width: 850px)\"><source srcset=\"https:\/\/www.camping-closdelachaume.com\/wp-content\/uploads\/2024\/10\/vague-diapoheader.svg\" media=\"(max-width: 1024px)\"><source srcset=\"https:\/\/www.camping-closdelachaume.com\/wp-content\/uploads\/2024\/10\/vague-diapoheader.svg\" media=\"(min-width: 1025px)\"><img loading=\"lazy\" decoding=\"async\" src=\"https:\/\/www.camping-closdelachaume.com\/wp-content\/uploads\/2024\/10\/vague-diapoheader.svg\" width=\"420\" height=\"210\" title=\"vague-diapoheader\" alt=\"\"><\/picture><\/figure><\/div><\/div><div class=\"columns sec-40\" style=\"align-items:center;\"><div class=\"columns__item fade-up\" style=\"align-self:center;\"><h1>La Bresse <span class=\"fc-span\">in den Vogesen<\/span><\/h1><p    >M\u00f6chten Sie w\u00e4hrend Ihres n\u00e4chsten Urlaubs das Departement Vosges besuchen? Dann entscheiden Sie sich doch f\u00fcr einen Campingplatz in der N\u00e4he von La Bresse und seinen Skigebieten. <\/p><h2>Ihr Urlaub auf einem Campingplatz in <span class=\"fc-span\">der N\u00e4he von La Bresse<\/span><\/h2><p   id=\"73\" >Au Clos de la Chaume, ist ein Campingplatz in der N\u00e4he der Stadt. <strong><a href=\"https:\/\/www.camping-closdelachaume.com\/de\/\" data-type=\"page\" data-id=\"73\">Campingplatz in den Vogesen<\/a><\/strong> Der 3-Sterne Campingplatz liegt in Corcieux, <strong>ganz in der N\u00e4he der Skigebiete der Vogesen in La Bresse<\/strong>. Hier k\u00f6nnen Sie einen sch\u00f6nen <strong>Urlaub in den Bergen im Herzen der Vogesen<\/strong> verbringen. Er ist nur im Sommer ge\u00f6ffnet, so dass Sie die Ruhe der Berge und die vielen Aktivit\u00e4ten mit der Familie oder Freunden genie\u00dfen k\u00f6nnen: Bergwanderungen, Paragliding, Mountainbiking, Ultraleichtflugzeuge&#8230; Er verf\u00fcgt \u00fcber ein gro\u00dfes Gel\u00e4nde f\u00fcr Wohnmobile und Zelte im Sommer. Er bietet auch <a href=\"https:\/\/www.camping-closdelachaume.com\/de\/ferienwohnungen-vogesen\/\" data-type=\"page\" data-id=\"241\"><strong>Mobilheime und Chalets<\/strong> zur Vermietung in den Vogesen<\/a> an. Es liegt nur 30 Minuten vom Skiort La Bresse entfernt und ist der beste Ort f\u00fcr Ihren Aufenthalt in den Ballons des Vosges.    <\/p><div class=\"buttons\"><span class=\"buttons__btn btn_resa is-style-resa\"><span class=\"fc-icon\"><svg xmlns=\"http:\/\/www.w3.org\/2000\/svg\"  viewBox=\"0 0 512 512\" width=\"16px\" height=\"16px\"><!--! Font Awesome Pro 6.4.2 by @fontawesome - https:\/\/fontawesome.com License - https:\/\/fontawesome.com\/license (Commercial License) Copyright 2023 Fonticons, Inc.--><path d=\"M224 0c-17.7 0-32 14.3-32 32V64H144c-26.5 0-48 21.5-48 48v48H512V112c0-26.5-21.5-48-48-48H416V32c0-17.7-14.3-32-32-32s-32 14.3-32 32V64H256V32c0-17.7-14.3-32-32-32zM96 192V368c0 26.5 21.5 48 48 48H464c26.5 0 48-21.5 48-48V192H96zm-48-8c0-13.3-10.7-24-24-24s-24 10.7-24 24V392c0 66.3 53.7 120 120 120H392c13.3 0 24-10.7 24-24s-10.7-24-24-24H120c-39.8 0-72-32.2-72-72V184z\"\/><\/svg><\/span>  Buchen Sie jetzt!<\/span><\/div><\/div><div class=\"columns__item fade-right\" style=\"align-self:center;\"><div class=\"gallery col-2 f-carousel fc-diapo-mob\"><figure class=\"gallery__item\"><picture><source srcset=\"https:\/\/www.camping-closdelachaume.com\/wp-content\/uploads\/2024\/10\/ville-bresse-ski-850x328.webp\" media=\"(max-width: 420px)\"><source srcset=\"https:\/\/www.camping-closdelachaume.com\/wp-content\/uploads\/2024\/10\/ville-bresse-ski-768x296.webp\" media=\"(max-width: 850px)\"><source srcset=\"https:\/\/www.camping-closdelachaume.com\/wp-content\/uploads\/2024\/10\/ville-bresse-ski-1024x395.webp\" media=\"(max-width: 1024px)\"><source srcset=\"https:\/\/www.camping-closdelachaume.com\/wp-content\/uploads\/2024\/10\/ville-bresse-ski.webp\" media=\"(min-width: 1025px)\"><img decoding=\"async\" src=\"https:\/\/www.camping-closdelachaume.com\/wp-content\/uploads\/2024\/10\/ville-bresse-ski-600x231.webp\" width=\"420\" height=\"210\" title=\"ville-bresse-ski\" loading=\"lazy\" alt=\"\"><\/picture><\/figure><figure class=\"gallery__item\"><picture><source srcset=\"https:\/\/www.camping-closdelachaume.com\/wp-content\/uploads\/2024\/10\/bresse-lac-850x567.webp\" media=\"(max-width: 420px)\"><source srcset=\"https:\/\/www.camping-closdelachaume.com\/wp-content\/uploads\/2024\/10\/bresse-lac-768x512.webp\" media=\"(max-width: 850px)\"><source srcset=\"https:\/\/www.camping-closdelachaume.com\/wp-content\/uploads\/2024\/10\/bresse-lac-1024x683.webp\" media=\"(max-width: 1024px)\"><source srcset=\"https:\/\/www.camping-closdelachaume.com\/wp-content\/uploads\/2024\/10\/bresse-lac.webp\" media=\"(min-width: 1025px)\"><img decoding=\"async\" src=\"https:\/\/www.camping-closdelachaume.com\/wp-content\/uploads\/2024\/10\/bresse-lac-600x400.webp\" width=\"420\" height=\"210\" title=\"bresse-lac\" loading=\"lazy\" alt=\"\"><\/picture><\/figure><figure class=\"gallery__item\"><picture><source srcset=\"https:\/\/www.camping-closdelachaume.com\/wp-content\/uploads\/2024\/10\/lac-montagne-clos-chaume-bresse-850x567.webp\" media=\"(max-width: 420px)\"><source srcset=\"https:\/\/www.camping-closdelachaume.com\/wp-content\/uploads\/2024\/10\/lac-montagne-clos-chaume-bresse-768x512.webp\" media=\"(max-width: 850px)\"><source srcset=\"https:\/\/www.camping-closdelachaume.com\/wp-content\/uploads\/2024\/10\/lac-montagne-clos-chaume-bresse-1024x683.webp\" media=\"(max-width: 1024px)\"><source srcset=\"https:\/\/www.camping-closdelachaume.com\/wp-content\/uploads\/2024\/10\/lac-montagne-clos-chaume-bresse.webp\" media=\"(min-width: 1025px)\"><img decoding=\"async\" src=\"https:\/\/www.camping-closdelachaume.com\/wp-content\/uploads\/2024\/10\/lac-montagne-clos-chaume-bresse-600x400.webp\" width=\"420\" height=\"210\" title=\"lac-montagne-clos-chaume-bresse\" loading=\"lazy\" alt=\"\"><\/picture><\/figure><\/div><figure class=\"deco decou002du002d3\"><picture><source srcset=\"https:\/\/www.camping-closdelachaume.com\/wp-content\/uploads\/2024\/10\/herbe2.svg\" media=\"(max-width: 420px)\"><source srcset=\"https:\/\/www.camping-closdelachaume.com\/wp-content\/uploads\/2024\/10\/herbe2.svg\" media=\"(max-width: 850px)\"><source srcset=\"https:\/\/www.camping-closdelachaume.com\/wp-content\/uploads\/2024\/10\/herbe2.svg\" media=\"(max-width: 1024px)\"><source srcset=\"https:\/\/www.camping-closdelachaume.com\/wp-content\/uploads\/2024\/10\/herbe2.svg\" media=\"(min-width: 1025px)\"><img decoding=\"async\" src=\"https:\/\/www.camping-closdelachaume.com\/wp-content\/uploads\/2024\/10\/herbe2.svg\" width=\"420\" height=\"210\" title=\"herbe2\" loading=\"lazy\" alt=\"\"><\/picture><\/figure><\/div><\/div><div class=\"cover sec-20\"><picture class=\"cover__img\"><source srcset=\"https:\/\/www.camping-closdelachaume.com\/wp-content\/uploads\/2024\/10\/lac-bresse-600x400.webp\" media=\"(max-width: 210px)\"><source srcset=\"https:\/\/www.camping-closdelachaume.com\/wp-content\/uploads\/2024\/10\/lac-bresse-850x567.webp\" media=\"(max-width: 420px)\"><source srcset=\"https:\/\/www.camping-closdelachaume.com\/wp-content\/uploads\/2024\/10\/lac-bresse-768x512.webp\" media=\"(max-width: 850px)\"><source srcset=\"https:\/\/www.camping-closdelachaume.com\/wp-content\/uploads\/2024\/10\/lac-bresse-1024x683.webp\" media=\"(max-width: 1024px)\"><source srcset=\"https:\/\/www.camping-closdelachaume.com\/wp-content\/uploads\/2024\/10\/lac-bresse.webp\" media=\"(min-width: 1536px)\"><img decoding=\"async\" src=\"https:\/\/www.camping-closdelachaume.com\/wp-content\/uploads\/2024\/10\/lac-bresse-600x400.webp\" width=\"420\" height=\"210\" title=\"lac-bresse\" loading=\"lazy\" alt=\"\"><\/picture><div class=\"cover__inner\"><div class=\"group sec-20__top-right fade-right has-background\" style=\"background-color:var(--vert-clair);\"><h2>Sommeraktivit\u00e4ten <span class=\"fc-span\">auf dem Campingplatz la Bresse<\/span><\/h2><p    >W\u00e4hrend Ihres Sommerurlaubs in einem Ferienort in den Vogesen in der N\u00e4he von La Bresse haben Sie eine gro\u00dfe Auswahl an Aktivit\u00e4ten. Sie k\u00f6nnen mit der Familie oder mit Freunden einen Tag am See verbringen. Besuchen Sie die Orte, die die Region pr\u00e4gen. Besuchen Sie die Restaurants in der Umgebung, um die vogesische Gastronomie zu genie\u00dfen. Nicht zu vergessen die Extremsportarten wie Bungee-Jumping oder der Abenteuerparcours. Das Fremdenverkehrsamt von La Bresse liegt inmitten von Seen und Bergen und bietet im Sommer zahlreiche Aktivit\u00e4ten f\u00fcr Touristen an, damit diese ihren Aufenthalt im Herzen der Vogesen voll und ganz genie\u00dfen k\u00f6nnen.     <\/p><\/div><div class=\"lireplus fc-mob\"><p  style=\"text-align: center;\"  >Lesen Sie mehr  <span class=\"fc-icon\"><svg xmlns=\"http:\/\/www.w3.org\/2000\/svg\" viewBox=\"0 0 384 512\"><!--!Font Awesome Free 6.6.0 by @fontawesome - https:\/\/fontawesome.com License - https:\/\/fontawesome.com\/license\/free Copyright 2024 Fonticons, Inc.--><path d=\"M169.4 470.6c12.5 12.5 32.8 12.5 45.3 0l160-160c12.5-12.5 12.5-32.8 0-45.3s-32.8-12.5-45.3 0L224 370.8 224 64c0-17.7-14.3-32-32-32s-32 14.3-32 32l0 306.7L54.6 265.4c-12.5-12.5-32.8-12.5-45.3 0s-12.5 32.8 0 45.3l160 160z\"\/><\/svg><\/span><\/p><div class=\"group\"><div class=\"columns\"><div class=\"columns__item texte fade-up\" style=\"flex-basis:65%;\"><div class=\"group has-background\" style=\"background-color:var(--vert-clair);\"><h2><span class=\"fc-span\">Winteraktivit\u00e4ten<\/span> im Skigebiet la bresse hohneck<\/h2><p    >Mit seinen gro\u00dfen Bergmassiven ist La station Bresse ein idealer Ort zum Skifahren im Winter. Mit seinen 220 Hektar ist das Skigebiet von La Bresse das gr\u00f6\u00dfte in Nordostfrankreich. Mit der Vielfalt der Bergmassive und den Seen werden Sie nur starke und unvergessliche Eindr\u00fccke haben. Dieses Skigebiet in den Vogesen ist von 6:00 bis 21:45 Uhr ge\u00f6ffnet. Das Skigebiet La Bresse Hohneck bietet Ihnen eine Vielzahl von M\u00f6glichkeiten f\u00fcr Ihr Vergn\u00fcgen. Mit seinen 34 Pisten, 10 Skiliften und 6 Sesselliften haben Sie genug M\u00f6glichkeiten, um Ihren Tag zu verbringen. Nicht zu vergessen das fantastische Opoaland, das f\u00fcr Kinder reserviert ist. Sie werden sich mit Opoual dem Yeti und den verschiedenen Aktivit\u00e4ten am\u00fcsieren. Dieser Skiort Vosges ist f\u00fcr alle geeignet.        <\/p><\/div><\/div><div class=\"columns__item\"><p class=\"figcaption\"   ><\/p><\/div><\/div><\/div><\/div><figure class=\"deco decou002du002d3\"><picture><source srcset=\"https:\/\/www.camping-closdelachaume.com\/wp-content\/uploads\/2024\/10\/herbe2.svg\" media=\"(max-width: 420px)\"><source srcset=\"https:\/\/www.camping-closdelachaume.com\/wp-content\/uploads\/2024\/10\/herbe2.svg\" media=\"(max-width: 850px)\"><source srcset=\"https:\/\/www.camping-closdelachaume.com\/wp-content\/uploads\/2024\/10\/herbe2.svg\" media=\"(max-width: 1024px)\"><source srcset=\"https:\/\/www.camping-closdelachaume.com\/wp-content\/uploads\/2024\/10\/herbe2.svg\" media=\"(min-width: 1025px)\"><img decoding=\"async\" src=\"https:\/\/www.camping-closdelachaume.com\/wp-content\/uploads\/2024\/10\/herbe2.svg\" width=\"420\" height=\"210\" title=\"herbe2\" loading=\"lazy\" alt=\"\"><\/picture><\/figure><\/div><\/div>","protected":false},"excerpt":{"rendered":"<p>La Bresse in den Vogesen M\u00f6chten Sie w\u00e4hrend Ihres n\u00e4chsten Urlaubs das Departement Vosges besuchen? Dann entscheiden Sie sich doch f\u00fcr einen Campingplatz in der N\u00e4he von La Bresse und seinen Skigebieten. Ihr Urlaub auf einem Campingplatz in der N\u00e4he von La Bresse Au Clos de la Chaume, ist ein Campingplatz in der N\u00e4he der [&hellip;]<\/p>\n","protected":false},"author":1,"featured_media":0,"parent":0,"menu_order":0,"comment_status":"open","ping_status":"open","template":"","meta":{"_acf_changed":false,"footnotes":""},"acf":[],"_links":{"self":[{"href":"https:\/\/www.camping-closdelachaume.com\/de\/wp-json\/wp\/v2\/pages\/2408"}],"collection":[{"href":"https:\/\/www.camping-closdelachaume.com\/de\/wp-json\/wp\/v2\/pages"}],"about":[{"href":"https:\/\/www.camping-closdelachaume.com\/de\/wp-json\/wp\/v2\/types\/page"}],"author":[{"embeddable":true,"href":"https:\/\/www.camping-closdelachaume.com\/de\/wp-json\/wp\/v2\/users\/1"}],"replies":[{"embeddable":true,"href":"https:\/\/www.camping-closdelachaume.com\/de\/wp-json\/wp\/v2\/comments?post=2408"}],"version-history":[{"count":2,"href":"https:\/\/www.camping-closdelachaume.com\/de\/wp-json\/wp\/v2\/pages\/2408\/revisions"}],"predecessor-version":[{"id":2547,"href":"https:\/\/www.camping-closdelachaume.com\/de\/wp-json\/wp\/v2\/pages\/2408\/revisions\/2547"}],"wp:attachment":[{"href":"https:\/\/www.camping-closdelachaume.com\/de\/wp-json\/wp\/v2\/media?parent=2408"}],"curies":[{"name":"wp","href":"https:\/\/api.w.org\/{rel}","templated":true}]}}