{"id":2364,"date":"2024-10-16T16:30:32","date_gmt":"2024-10-16T14:30:32","guid":{"rendered":"https:\/\/www.camping-closdelachaume.com\/camping-vosges-pas-cher\/"},"modified":"2025-02-10T15:14:50","modified_gmt":"2025-02-10T14:14:50","slug":"camping-vogesen-gunstig","status":"publish","type":"page","link":"https:\/\/www.camping-closdelachaume.com\/de\/camping-vogesen-gunstig\/","title":{"rendered":"SEO Sonderangebote"},"content":{"rendered":"<div class=\"diaporama-header align-full\"><div class=\"gallery\"><figure class=\"gallery__item\"><picture><source srcset=\"https:\/\/www.camping-closdelachaume.com\/wp-content\/uploads\/2024\/10\/emplacement-camping-au-clos-de-la-chaume-850x366.jpg.webp\" media=\"(max-width: 420px)\"><source srcset=\"https:\/\/www.camping-closdelachaume.com\/wp-content\/uploads\/2024\/10\/emplacement-camping-au-clos-de-la-chaume-768x330.jpg.webp\" media=\"(max-width: 850px)\"><source srcset=\"https:\/\/www.camping-closdelachaume.com\/wp-content\/uploads\/2024\/10\/emplacement-camping-au-clos-de-la-chaume-1024x441.jpg.webp\" media=\"(max-width: 1024px)\"><source srcset=\"https:\/\/www.camping-closdelachaume.com\/wp-content\/uploads\/2024\/10\/emplacement-camping-au-clos-de-la-chaume.jpg.webp\" media=\"(min-width: 1025px)\"><img loading=\"lazy\" decoding=\"async\" src=\"https:\/\/www.camping-closdelachaume.com\/wp-content\/uploads\/2024\/10\/emplacement-camping-au-clos-de-la-chaume-600x258.jpg.webp\" width=\"420\" height=\"210\" title=\"emplacement-camping-au-clos-de-la-chaume\" alt=\"\"><\/picture><\/figure><\/div><div class=\"diaporama-header__inner\"><div class=\"buttons display-flex \" style=\"justify-content:center;\"><span class=\"buttons__btn btn_resa is-style-resa\"><span class=\"fc-icon\"><svg xmlns=\"http:\/\/www.w3.org\/2000\/svg\"  viewBox=\"0 0 512 512\" width=\"16px\" height=\"16px\"><!--! Font Awesome Pro 6.4.2 by @fontawesome - https:\/\/fontawesome.com License - https:\/\/fontawesome.com\/license (Commercial License) Copyright 2023 Fonticons, Inc.--><path d=\"M224 0c-17.7 0-32 14.3-32 32V64H144c-26.5 0-48 21.5-48 48v48H512V112c0-26.5-21.5-48-48-48H416V32c0-17.7-14.3-32-32-32s-32 14.3-32 32V64H256V32c0-17.7-14.3-32-32-32zM96 192V368c0 26.5 21.5 48 48 48H464c26.5 0 48-21.5 48-48V192H96zm-48-8c0-13.3-10.7-24-24-24s-24 10.7-24 24V392c0 66.3 53.7 120 120 120H392c13.3 0 24-10.7 24-24s-10.7-24-24-24H120c-39.8 0-72-32.2-72-72V184z\"\/><\/svg><\/span>  Buchen Sie jetzt!<\/span><\/div><figure class=\"diaporama-header__deco\"><picture><source srcset=\"https:\/\/www.camping-closdelachaume.com\/wp-content\/uploads\/2024\/10\/vague-diapoheader.svg\" media=\"(max-width: 420px)\"><source srcset=\"https:\/\/www.camping-closdelachaume.com\/wp-content\/uploads\/2024\/10\/vague-diapoheader.svg\" media=\"(max-width: 850px)\"><source srcset=\"https:\/\/www.camping-closdelachaume.com\/wp-content\/uploads\/2024\/10\/vague-diapoheader.svg\" media=\"(max-width: 1024px)\"><source srcset=\"https:\/\/www.camping-closdelachaume.com\/wp-content\/uploads\/2024\/10\/vague-diapoheader.svg\" media=\"(min-width: 1025px)\"><img loading=\"lazy\" decoding=\"async\" src=\"https:\/\/www.camping-closdelachaume.com\/wp-content\/uploads\/2024\/10\/vague-diapoheader.svg\" width=\"420\" height=\"210\" title=\"vague-diapoheader\" alt=\"\"><\/picture><\/figure><\/div><\/div><div class=\"columns\"><div class=\"columns__item fade-up\"><h1>Entdecken Sie die Sonderangebote <span class=\"fc-span\">unseres g\u00fcnstigen Campingplatzes in den Vogesen<\/span>.<\/h1><p   id=\"73\" >Entdecken Sie alle Sonderangebote <strong>unseres 3-Sterne-Campingplatzes<\/strong> <a href=\"https:\/\/www.camping-closdelachaume.com\/de\/\" data-type=\"page\" data-id=\"73\">Au Clos de la Chaume in Corcieux<\/a>. Verbringen Sie Ihren Aufenthalt <strong>auf einem g\u00fcnstigen Campingplatz in den Vogesen<\/strong>, auf dem Sie optimalen Komfort und eine au\u00dfergew\u00f6hnliche Umgebung genie\u00dfen k\u00f6nnen. Entdecken Sie die Region von <a href=\"https:\/\/www.camping-closdelachaume.com\/alentours\/lac-de-gerardmer\/\" data-type=\"alentours\" data-id=\"207\">G\u00e9rardmer<\/a> und die <a href=\"https:\/\/www.camping-closdelachaume.com\/alentours\/promenades-autour-des-lacs-des-vosges\/\" data-type=\"alentours\" data-id=\"209\">vielen Seen im Herzen der Vogesen<\/a>.  <\/p><h2>Machen Sie einen <span class=\"fc-span\">g\u00fcnstigen Urlaub im Herzen der Vogesen.<\/span><\/h2><p   id=\"241\" >Auf dem <strong>Campingplatz Au Clos de la Chaume<\/strong> k\u00f6nnen Sie eine reiche nat\u00fcrliche Umgebung mit W\u00e4ldern, Bergen und <a href=\"https:\/\/www.camping-closdelachaume.com\/de\/ferienwohnungen-vogesen\/\" data-type=\"page\" data-id=\"241\">Gebirgsk\u00e4mmen<\/a> genie\u00dfen.<\/p><div class=\"lireplus fc-desk\"><p    >Lesen Sie mehr<\/p><div class=\"group\"><p    ><\/p><p    >Finden Sie alle unsere Angebote, um von <strong>zahlreichen Unterk\u00fcnften <\/strong>zu profitieren, wie z.B. :<\/p><ul><li>Vermietung von Mobilheimen,\n<\/li><li>Chalets\n<\/li><li>Bungalows,\n<\/li><li>Cottages\n<\/li><li>oder Safari-Zelte.\n<\/li><\/ul><p    >Unser <strong>g\u00fcnstiger Campingplatz Vosges <\/strong>bietet jedem die M\u00f6glichkeit, sich zu erholen und wieder mit der Natur in Kontakt zu kommen, ohne sich dabei zu ruinieren. Kurz gesagt, verbinden Sie Abenteuer und Komfort w\u00e4hrend Ihres g\u00fcnstigen Aufenthalts in den Vogesen. <\/p><\/div><\/div><\/div><div class=\"columns__item fade-right\"><div class=\"gallery height-adapt\"><figure class=\"gallery__item\"><picture><source srcset=\"https:\/\/www.camping-closdelachaume.com\/wp-content\/uploads\/2024\/10\/camping-sites-et-paysages-au-clos-de-la-chaume-1-850x366.jpg.webp\" media=\"(max-width: 420px)\"><source srcset=\"https:\/\/www.camping-closdelachaume.com\/wp-content\/uploads\/2024\/10\/camping-sites-et-paysages-au-clos-de-la-chaume-1-768x330.jpg.webp\" media=\"(max-width: 850px)\"><source srcset=\"https:\/\/www.camping-closdelachaume.com\/wp-content\/uploads\/2024\/10\/camping-sites-et-paysages-au-clos-de-la-chaume-1-1024x441.jpg.webp\" media=\"(max-width: 1024px)\"><source srcset=\"https:\/\/www.camping-closdelachaume.com\/wp-content\/uploads\/2024\/10\/camping-sites-et-paysages-au-clos-de-la-chaume-1.jpg.webp\" media=\"(min-width: 1025px)\"><img decoding=\"async\" src=\"https:\/\/www.camping-closdelachaume.com\/wp-content\/uploads\/2024\/10\/camping-sites-et-paysages-au-clos-de-la-chaume-1-600x258.jpg.webp\" width=\"420\" height=\"210\" title=\"camping-sites-et-paysages-au-clos-de-la-chaume\" loading=\"lazy\" alt=\"\"><\/picture><\/figure><\/div><figure class=\"deco decou002du002d3\"><picture><source srcset=\"https:\/\/www.camping-closdelachaume.com\/wp-content\/uploads\/2024\/10\/herbe2.svg\" media=\"(max-width: 420px)\"><source srcset=\"https:\/\/www.camping-closdelachaume.com\/wp-content\/uploads\/2024\/10\/herbe2.svg\" media=\"(max-width: 850px)\"><source srcset=\"https:\/\/www.camping-closdelachaume.com\/wp-content\/uploads\/2024\/10\/herbe2.svg\" media=\"(max-width: 1024px)\"><source srcset=\"https:\/\/www.camping-closdelachaume.com\/wp-content\/uploads\/2024\/10\/herbe2.svg\" media=\"(min-width: 1025px)\"><img decoding=\"async\" src=\"https:\/\/www.camping-closdelachaume.com\/wp-content\/uploads\/2024\/10\/herbe2.svg\" width=\"420\" height=\"210\" title=\"herbe2\" loading=\"lazy\" alt=\"\"><\/picture><\/figure><\/div><\/div><div class=\"columns sec-30\"><div class=\"columns__item fade-left\"><div class=\"gallery col-2 f-carousel fc-diapo-mob\"><figure class=\"gallery__item\"><picture><source srcset=\"https:\/\/www.camping-closdelachaume.com\/wp-content\/uploads\/2024\/10\/2-piscine-couverte-temperature-moyenne-27-camping-sites-et-paysages-au-clos-de-la-chaume-vosges-alsace-lorraine-850x366.jpg.webp\" media=\"(max-width: 420px)\"><source srcset=\"https:\/\/www.camping-closdelachaume.com\/wp-content\/uploads\/2024\/10\/2-piscine-couverte-temperature-moyenne-27-camping-sites-et-paysages-au-clos-de-la-chaume-vosges-alsace-lorraine-768x330.jpg.webp\" media=\"(max-width: 850px)\"><source srcset=\"https:\/\/www.camping-closdelachaume.com\/wp-content\/uploads\/2024\/10\/2-piscine-couverte-temperature-moyenne-27-camping-sites-et-paysages-au-clos-de-la-chaume-vosges-alsace-lorraine-1024x441.jpg.webp\" media=\"(max-width: 1024px)\"><source srcset=\"https:\/\/www.camping-closdelachaume.com\/wp-content\/uploads\/2024\/10\/2-piscine-couverte-temperature-moyenne-27-camping-sites-et-paysages-au-clos-de-la-chaume-vosges-alsace-lorraine.jpg.webp\" media=\"(min-width: 1025px)\"><img decoding=\"async\" src=\"https:\/\/www.camping-closdelachaume.com\/wp-content\/uploads\/2024\/10\/2-piscine-couverte-temperature-moyenne-27-camping-sites-et-paysages-au-clos-de-la-chaume-vosges-alsace-lorraine-600x258.jpg.webp\" width=\"420\" height=\"210\" title=\"piscine-couverte-temperature-moyenne-27-camping-sites-et-paysages-au-clos-de-la-chaume-vosges-alsace-lorraine\" loading=\"lazy\" alt=\"\"><\/picture><\/figure><figure class=\"gallery__item\"><picture><source srcset=\"https:\/\/www.camping-closdelachaume.com\/wp-content\/uploads\/2024\/10\/aire-de-jeux-camping-sites-et-paysages-au-clos-de-la-chaume-850x366.jpg.webp\" media=\"(max-width: 420px)\"><source srcset=\"https:\/\/www.camping-closdelachaume.com\/wp-content\/uploads\/2024\/10\/aire-de-jeux-camping-sites-et-paysages-au-clos-de-la-chaume-768x330.jpg.webp\" media=\"(max-width: 850px)\"><source srcset=\"https:\/\/www.camping-closdelachaume.com\/wp-content\/uploads\/2024\/10\/aire-de-jeux-camping-sites-et-paysages-au-clos-de-la-chaume-1024x441.jpg.webp\" media=\"(max-width: 1024px)\"><source srcset=\"https:\/\/www.camping-closdelachaume.com\/wp-content\/uploads\/2024\/10\/aire-de-jeux-camping-sites-et-paysages-au-clos-de-la-chaume.jpg.webp\" media=\"(min-width: 1025px)\"><img decoding=\"async\" src=\"https:\/\/www.camping-closdelachaume.com\/wp-content\/uploads\/2024\/10\/aire-de-jeux-camping-sites-et-paysages-au-clos-de-la-chaume-600x258.jpg.webp\" width=\"420\" height=\"210\" title=\"aire-de-jeux-camping-sites-et-paysages-au-clos-de-la-chaume\" loading=\"lazy\" alt=\"\"><\/picture><\/figure><figure class=\"gallery__item\"><picture><source srcset=\"https:\/\/www.camping-closdelachaume.com\/wp-content\/uploads\/2024\/10\/parcours-pieds-nus-petit-bois-850x478.jpg.webp\" media=\"(max-width: 420px)\"><source srcset=\"https:\/\/www.camping-closdelachaume.com\/wp-content\/uploads\/2024\/10\/parcours-pieds-nus-petit-bois-768x432.jpg.webp\" media=\"(max-width: 850px)\"><source srcset=\"https:\/\/www.camping-closdelachaume.com\/wp-content\/uploads\/2024\/10\/parcours-pieds-nus-petit-bois.jpg.webp\" media=\"(max-width: 1024px)\"><source srcset=\"https:\/\/www.camping-closdelachaume.com\/wp-content\/uploads\/2024\/10\/parcours-pieds-nus-petit-bois.jpg.webp\" media=\"(min-width: 1025px)\"><img decoding=\"async\" src=\"https:\/\/www.camping-closdelachaume.com\/wp-content\/uploads\/2024\/10\/parcours-pieds-nus-petit-bois-600x338.jpg.webp\" width=\"420\" height=\"210\" title=\"parcours-pieds-nus-petit-bois\" loading=\"lazy\" alt=\"\"><\/picture><\/figure><\/div><figure class=\"deco decou002du002d2\"><picture><source srcset=\"https:\/\/www.camping-closdelachaume.com\/wp-content\/uploads\/2024\/10\/herbe3.svg\" media=\"(max-width: 420px)\"><source srcset=\"https:\/\/www.camping-closdelachaume.com\/wp-content\/uploads\/2024\/10\/herbe3.svg\" media=\"(max-width: 850px)\"><source srcset=\"https:\/\/www.camping-closdelachaume.com\/wp-content\/uploads\/2024\/10\/herbe3.svg\" media=\"(max-width: 1024px)\"><source srcset=\"https:\/\/www.camping-closdelachaume.com\/wp-content\/uploads\/2024\/10\/herbe3.svg\" media=\"(min-width: 1025px)\"><img decoding=\"async\" src=\"https:\/\/www.camping-closdelachaume.com\/wp-content\/uploads\/2024\/10\/herbe3.svg\" width=\"420\" height=\"210\" title=\"herbe3\" loading=\"lazy\" alt=\"\"><\/picture><\/figure><\/div><div class=\"columns__item texte fade-up\"><h2>Profitieren Sie von einer <span class=\"fc-span\">hochwertigen<\/span> Infrastruktur<\/h2><p   id=\"233\" >Auf unserem g\u00fcnstigen Campingplatz Vosges k\u00f6nnen Sie von einer<strong>hochwertigen Infrastruktur<\/strong> profitieren. In der Saison k\u00f6nnen Sie in einem <strong>beheizten Hallenbad<\/strong> mit einer Temperatur von 26\u00b0C schwimmen, was Gro\u00df und Klein begeistert. Unser <a href=\"https:\/\/www.camping-closdelachaume.com\/de\/camping-vogesen-schwimmbad\/\" data-type=\"page\" data-id=\"233\">beheiztes Hallenbad in den Vogesen<\/a> verf\u00fcgt auch \u00fcber ein <strong>Solarium<\/strong>. Genie\u00dfen Sie einen Moment des Nichtstuns auf den Liegest\u00fchlen des Campingplatzes. Im Herzen <strong>unseres Naturcampingplatzes<\/strong> finden Sie eine gr\u00fcne Natur mit einem <strong>Bach<\/strong> und einem <strong>kleinen Wald<\/strong>. Hier k\u00f6nnen Sie mit Ihren Kindern spielen und f\u00fcr einen Moment <strong>im Rhythmus des Wassers<\/strong> leben. F\u00fcr die Kleinsten gibt es einen speziellen <strong>Spielplatz<\/strong>. Die \u00e4lteren Kinder k\u00f6nnen sich in unserem <strong>Spielzimmer<\/strong> vergn\u00fcgen.       <\/p><h2>3-Sterne-Service <span class=\"fc-span\">und Aktivit\u00e4ten in der Natur<\/span><\/h2><p    ><strong>Auf dem Campingplatz Clos de la Chaume<\/strong> empfangen wir Sie mit <strong>Freundlichkeit und guter Laune<\/strong> in einer naturverbundenen Umgebung. Genie\u00dfen Sie die zahlreichen Serviceleistungen wie W\u00e4scherei, Brotverkauf, Wifi, Bettw\u00e4scheverleih&#8230; Au\u00dferdem bietet Ihnen unser <strong>g\u00fcnstiger Campingplatz in den Vogesen<\/strong> <strong>verschiedene Aktivit\u00e4ten<\/strong> f\u00fcr die ganze Familie an. In der Hochsaison k\u00f6nnen Sie sich mit Astronomie und Entspannung vertraut machen. Schauen Sie sich <strong>unsere Angebote an <\/strong>und genie\u00dfen Sie Ihren<strong> Campingurlaub<\/strong> in den Vogesen zu<strong> g\u00fcnstigen Preisen<\/strong>.   <\/p><\/div><\/div>","protected":false},"excerpt":{"rendered":"<p>Entdecken Sie die Sonderangebote unseres g\u00fcnstigen Campingplatzes in den Vogesen. Entdecken Sie alle Sonderangebote unseres 3-Sterne-Campingplatzes Au Clos de la Chaume in Corcieux. Verbringen Sie Ihren Aufenthalt auf einem g\u00fcnstigen Campingplatz in den Vogesen, auf dem Sie optimalen Komfort und eine au\u00dfergew\u00f6hnliche Umgebung genie\u00dfen k\u00f6nnen. Entdecken Sie die Region von G\u00e9rardmer und die vielen Seen [&hellip;]<\/p>\n","protected":false},"author":1,"featured_media":0,"parent":0,"menu_order":0,"comment_status":"open","ping_status":"open","template":"","meta":{"_acf_changed":false,"footnotes":""},"acf":[],"_links":{"self":[{"href":"https:\/\/www.camping-closdelachaume.com\/de\/wp-json\/wp\/v2\/pages\/2364"}],"collection":[{"href":"https:\/\/www.camping-closdelachaume.com\/de\/wp-json\/wp\/v2\/pages"}],"about":[{"href":"https:\/\/www.camping-closdelachaume.com\/de\/wp-json\/wp\/v2\/types\/page"}],"author":[{"embeddable":true,"href":"https:\/\/www.camping-closdelachaume.com\/de\/wp-json\/wp\/v2\/users\/1"}],"replies":[{"embeddable":true,"href":"https:\/\/www.camping-closdelachaume.com\/de\/wp-json\/wp\/v2\/comments?post=2364"}],"version-history":[{"count":2,"href":"https:\/\/www.camping-closdelachaume.com\/de\/wp-json\/wp\/v2\/pages\/2364\/revisions"}],"predecessor-version":[{"id":2568,"href":"https:\/\/www.camping-closdelachaume.com\/de\/wp-json\/wp\/v2\/pages\/2364\/revisions\/2568"}],"wp:attachment":[{"href":"https:\/\/www.camping-closdelachaume.com\/de\/wp-json\/wp\/v2\/media?parent=2364"}],"curies":[{"name":"wp","href":"https:\/\/api.w.org\/{rel}","templated":true}]}}