{"id":2338,"date":"2024-10-16T16:30:32","date_gmt":"2024-10-16T14:30:32","guid":{"rendered":"https:\/\/www.camping-closdelachaume.com\/glamping-vosges\/"},"modified":"2025-02-13T14:57:23","modified_gmt":"2025-02-13T13:57:23","slug":"glamping-vogesen","status":"publish","type":"page","link":"https:\/\/www.camping-closdelachaume.com\/de\/glamping-vogesen\/","title":{"rendered":"SEO Glamping"},"content":{"rendered":"<div class=\"diaporama-header align-full\"><div class=\"gallery\"><figure class=\"gallery__item\"><picture><source srcset=\"https:\/\/www.camping-closdelachaume.com\/wp-content\/uploads\/2024\/10\/00000626210-850x567.webp\" media=\"(max-width: 420px)\"><source srcset=\"https:\/\/www.camping-closdelachaume.com\/wp-content\/uploads\/2024\/10\/00000626210-768x512.webp\" media=\"(max-width: 850px)\"><source srcset=\"https:\/\/www.camping-closdelachaume.com\/wp-content\/uploads\/2024\/10\/00000626210-1024x683.webp\" media=\"(max-width: 1024px)\"><source srcset=\"https:\/\/www.camping-closdelachaume.com\/wp-content\/uploads\/2024\/10\/00000626210-scaled.webp\" media=\"(min-width: 1025px)\"><img loading=\"lazy\" decoding=\"async\" src=\"https:\/\/www.camping-closdelachaume.com\/wp-content\/uploads\/2024\/10\/00000626210-600x400.webp\" width=\"420\" height=\"210\" title=\"location insolite dans les vosges\" alt=\"\"><\/picture><\/figure><\/div><div class=\"diaporama-header__inner\"><div class=\"buttons display-flex \" style=\"justify-content:center;\"><span class=\"buttons__btn btn_resa is-style-resa\"><span class=\"fc-icon\"><svg xmlns=\"http:\/\/www.w3.org\/2000\/svg\"  viewBox=\"0 0 512 512\" width=\"16px\" height=\"16px\"><!--! Font Awesome Pro 6.4.2 by @fontawesome - https:\/\/fontawesome.com License - https:\/\/fontawesome.com\/license (Commercial License) Copyright 2023 Fonticons, Inc.--><path d=\"M224 0c-17.7 0-32 14.3-32 32V64H144c-26.5 0-48 21.5-48 48v48H512V112c0-26.5-21.5-48-48-48H416V32c0-17.7-14.3-32-32-32s-32 14.3-32 32V64H256V32c0-17.7-14.3-32-32-32zM96 192V368c0 26.5 21.5 48 48 48H464c26.5 0 48-21.5 48-48V192H96zm-48-8c0-13.3-10.7-24-24-24s-24 10.7-24 24V392c0 66.3 53.7 120 120 120H392c13.3 0 24-10.7 24-24s-10.7-24-24-24H120c-39.8 0-72-32.2-72-72V184z\"\/><\/svg><\/span>  Buchen Sie jetzt!<\/span><\/div><figure class=\"diaporama-header__deco\"><picture><source srcset=\"https:\/\/www.camping-closdelachaume.com\/wp-content\/uploads\/2024\/10\/vague-diapoheader.svg\" media=\"(max-width: 420px)\"><source srcset=\"https:\/\/www.camping-closdelachaume.com\/wp-content\/uploads\/2024\/10\/vague-diapoheader.svg\" media=\"(max-width: 850px)\"><source srcset=\"https:\/\/www.camping-closdelachaume.com\/wp-content\/uploads\/2024\/10\/vague-diapoheader.svg\" media=\"(max-width: 1024px)\"><source srcset=\"https:\/\/www.camping-closdelachaume.com\/wp-content\/uploads\/2024\/10\/vague-diapoheader.svg\" media=\"(min-width: 1025px)\"><img loading=\"lazy\" decoding=\"async\" src=\"https:\/\/www.camping-closdelachaume.com\/wp-content\/uploads\/2024\/10\/vague-diapoheader.svg\" width=\"420\" height=\"210\" title=\"vague-diapoheader\" alt=\"\"><\/picture><\/figure><\/div><\/div>\n\n<div class=\"columns sec-00\" style=\"align-items:center;\"><div class=\"columns__item texte fade-up\" style=\"align-self:center;\"><h1>Glamping in den Vogesen <span class=\"fc-span\">auf Clos de la Chaume<\/span><\/h1><p   id=\"246\" >Die <a href=\"https:\/\/www.camping-closdelachaume.com\/de\/tourismus\/\" data-type=\"page\" data-id=\"246\">Vogesen<\/a>, ideal im Herzen Europas gelegen, bieten ungeahnte touristische Attraktionen: W\u00e4lder, Seen und Moore, Abteien und charaktervolle D\u00f6rfer werden Sie begeistern. Sie lieben die Natur und m\u00f6chten in ihrem Herzen wohnen, ohne Kompromisse bei Ihrem Komfort eingehen zu m\u00fcssen? Z\u00f6gern Sie nicht l\u00e4nger und probieren Sie das <strong>Glamping in den Vogesen<\/strong> auf dem <a href=\"https:\/\/www.camping-closdelachaume.com\/de\/\" data-type=\"page\" data-id=\"73\">3* Campingplatz Clos de la Chaume<\/a> aus?  <\/p><h2>Entdecken Sie die Vogesen <span class=\"fc-span\">im Sommer an einem Wochenende<\/span><\/h2><p   id=\"239\" ><strong>Glamping in den Vogesen<\/strong>: Was ist <strong>Glamping<\/strong>? Glamping ist eine Alternative zum &#8222;klassischen&#8220; Camping und bietet den Luxus einer <strong>qualitativ hochwertigen Unterkunft<\/strong> in Verbindung mit der <strong>N\u00e4he zur Natur<\/strong>. Diese Art von Urlaub bietet Ihnen Mobilheime, Chalets und viele <a href=\"https:\/\/www.camping-closdelachaume.com\/de\/ungewohnlicher-ort-vogesen\/\" data-type=\"page\" data-id=\"239\">ungew\u00f6hnliche Unterk\u00fcnfte<\/a> wie Glamping-Zelte oder Zigeunerwagen. Eine echte R\u00fcckkehr zu den Wurzeln, bei der Ihr Wohlbefinden erhalten bleibt.   <\/p><div class=\"lireplus fc-desk\"><p    >Lesen Sie mehr<\/p><div class=\"group\"><p    >Sie haben Lust auf einen naturnahen Urlaub, aber Ihr Komfort und Ihr Wohlbefinden stehen an erster Stelle? Dann ist <strong>Glamping in den Vogesen<\/strong> genau das Richtige f\u00fcr Sie! Die Vogesen liegen im gleichnamigen Massiv und bieten Ihnen einen idealen Rahmen f\u00fcr einen<strong> Urlaub<\/strong> im<strong> Freien<\/strong>. Im Kontakt mit der Flora und Fauna und mit atemberaubenden Panoramen werden Sie sich nach Freiheit sehnen und <strong>ruhige Tage in<\/strong> aller <strong>Ruhe<\/strong> verbringen. F\u00fcr Familien sind die Vogesen eine ideale nat\u00fcrliche Umgebung, um unvergessliche Momente zu erleben und jeden Augenblick zu genie\u00dfen. Das Kulturerbe, die Kultur und die Gastronomie der Vogesen sind reich; Sie werden sich w\u00e4hrend Ihres <strong>Glamping-Urlaubs in den Vogesen<\/strong> nicht langweilen. Im Sommer sind die Tage hei\u00df, aber es ist immer m\u00f6glich, ein k\u00fchles Pl\u00e4tzchen zu finden.      <\/p><\/div><\/div><\/div><div class=\"columns__item fade-right\" style=\"align-self:center;\"><div class=\"gallery col-2 f-carousel fc-diapo-mob\"><figure class=\"gallery__item\"><picture><source srcset=\"https:\/\/www.camping-closdelachaume.com\/wp-content\/uploads\/2024\/10\/00001127034-850x478.jpg.webp\" media=\"(max-width: 420px)\"><source srcset=\"https:\/\/www.camping-closdelachaume.com\/wp-content\/uploads\/2024\/10\/00001127034-768x432.jpg.webp\" media=\"(max-width: 850px)\"><source srcset=\"https:\/\/www.camping-closdelachaume.com\/wp-content\/uploads\/2024\/10\/00001127034-1024x576.jpg.webp\" media=\"(max-width: 1024px)\"><source srcset=\"https:\/\/www.camping-closdelachaume.com\/wp-content\/uploads\/2024\/10\/00001127034.jpg.webp\" media=\"(min-width: 1025px)\"><img decoding=\"async\" src=\"https:\/\/www.camping-closdelachaume.com\/wp-content\/uploads\/2024\/10\/00001127034-600x338.jpg.webp\" width=\"420\" height=\"210\" title=\"location dans les vosges\" loading=\"lazy\" alt=\"\"><\/picture><\/figure><figure class=\"gallery__item\"><picture><source srcset=\"https:\/\/www.camping-closdelachaume.com\/wp-content\/uploads\/2024\/10\/00000963335-850x638.webp\" media=\"(max-width: 420px)\"><source srcset=\"https:\/\/www.camping-closdelachaume.com\/wp-content\/uploads\/2024\/10\/00000963335-768x576.webp\" media=\"(max-width: 850px)\"><source srcset=\"https:\/\/www.camping-closdelachaume.com\/wp-content\/uploads\/2024\/10\/00000963335-1024x768.webp\" media=\"(max-width: 1024px)\"><source srcset=\"https:\/\/www.camping-closdelachaume.com\/wp-content\/uploads\/2024\/10\/00000963335.webp\" media=\"(min-width: 1025px)\"><img decoding=\"async\" src=\"https:\/\/www.camping-closdelachaume.com\/wp-content\/uploads\/2024\/10\/00000963335-600x450.webp\" width=\"420\" height=\"210\" title=\"location de mobil-home dans les vosges\" loading=\"lazy\" alt=\"\"><\/picture><\/figure><figure class=\"gallery__item\"><a href=\"https:\/\/www.camping-closdelachaume.com\/wp-content\/uploads\/2024\/10\/logement-insolite-vosges-615x350-1.jpg\"><picture><source srcset=\"https:\/\/www.camping-closdelachaume.com\/wp-content\/uploads\/2024\/10\/logement-insolite-vosges-615x350-1.jpg.webp\" media=\"(max-width: 420px)\"><source srcset=\"https:\/\/www.camping-closdelachaume.com\/wp-content\/uploads\/2024\/10\/logement-insolite-vosges-615x350-1.jpg.webp\" media=\"(max-width: 850px)\"><source srcset=\"https:\/\/www.camping-closdelachaume.com\/wp-content\/uploads\/2024\/10\/logement-insolite-vosges-615x350-1.jpg.webp\" media=\"(max-width: 1024px)\"><source srcset=\"https:\/\/www.camping-closdelachaume.com\/wp-content\/uploads\/2024\/10\/logement-insolite-vosges-615x350-1.jpg.webp\" media=\"(min-width: 1025px)\"><img decoding=\"async\" src=\"https:\/\/www.camping-closdelachaume.com\/wp-content\/uploads\/2024\/10\/logement-insolite-vosges-615x350-1-600x341.jpg.webp\" width=\"420\" height=\"210\" title=\"logement-insolite-vosges-\" loading=\"lazy\" alt=\"\"><\/picture><\/a><\/figure><figure class=\"gallery__item\"><picture><source srcset=\"https:\/\/www.camping-closdelachaume.com\/wp-content\/uploads\/2024\/10\/00000657997-850x565.jpg.webp\" media=\"(max-width: 420px)\"><source srcset=\"https:\/\/www.camping-closdelachaume.com\/wp-content\/uploads\/2024\/10\/00000657997-768x511.jpg.webp\" media=\"(max-width: 850px)\"><source srcset=\"https:\/\/www.camping-closdelachaume.com\/wp-content\/uploads\/2024\/10\/00000657997-1024x681.jpg.webp\" media=\"(max-width: 1024px)\"><source srcset=\"https:\/\/www.camping-closdelachaume.com\/wp-content\/uploads\/2024\/10\/00000657997-scaled.jpg.webp\" media=\"(min-width: 1025px)\"><img decoding=\"async\" src=\"https:\/\/www.camping-closdelachaume.com\/wp-content\/uploads\/2024\/10\/00000657997-600x399.jpg.webp\" width=\"420\" height=\"210\" title=\"location dans les vosges\" loading=\"lazy\" alt=\"\"><\/picture><\/figure><\/div><figure class=\"deco deco--1\"><picture><source srcset=\"https:\/\/www.camping-closdelachaume.com\/wp-content\/uploads\/2024\/10\/herbe1.svg\" media=\"(max-width: 420px)\"><source srcset=\"https:\/\/www.camping-closdelachaume.com\/wp-content\/uploads\/2024\/10\/herbe1.svg\" media=\"(max-width: 850px)\"><source srcset=\"https:\/\/www.camping-closdelachaume.com\/wp-content\/uploads\/2024\/10\/herbe1.svg\" media=\"(max-width: 1024px)\"><source srcset=\"https:\/\/www.camping-closdelachaume.com\/wp-content\/uploads\/2024\/10\/herbe1.svg\" media=\"(min-width: 1025px)\"><img decoding=\"async\" src=\"https:\/\/www.camping-closdelachaume.com\/wp-content\/uploads\/2024\/10\/herbe1.svg\" width=\"420\" height=\"210\" title=\"herbe1\" loading=\"lazy\" alt=\"\"><\/picture><\/figure><\/div><\/div>\n\n<figure class=\"deco-vague deco-vague-haut\"><picture><source srcset=\"https:\/\/www.camping-closdelachaume.com\/wp-content\/uploads\/2024\/10\/vague-gauche-haut.svg\" media=\"(max-width: 420px)\"><source srcset=\"https:\/\/www.camping-closdelachaume.com\/wp-content\/uploads\/2024\/10\/vague-gauche-haut.svg\" media=\"(max-width: 850px)\"><source srcset=\"https:\/\/www.camping-closdelachaume.com\/wp-content\/uploads\/2024\/10\/vague-gauche-haut.svg\" media=\"(max-width: 1024px)\"><source srcset=\"https:\/\/www.camping-closdelachaume.com\/wp-content\/uploads\/2024\/10\/vague-gauche-haut.svg\" media=\"(min-width: 1025px)\"><img decoding=\"async\" src=\"https:\/\/www.camping-closdelachaume.com\/wp-content\/uploads\/2024\/10\/vague-gauche-haut.svg\" width=\"420\" height=\"210\" title=\"vague-gauche-haut\" loading=\"lazy\" alt=\"\"><\/picture><\/figure>\n\n<div class=\"group sec-55 align-full has-background\" style=\"background-color:var(--vert-clair);\"><h2 style=\"text-align: center;\"><span class=\"fc-span\">Was kann man in<\/span> den Vogesen unternehmen?<\/h2><p   id=\"2405\" >Stellen Sie Ihre Koffer ab und erkunden Sie die <strong>Vogesen mit Glamping<\/strong>. Was auch immer Ihr Temperament ist, hier werden Sie etwas finden, das Ihre Neugierde befriedigt. Unser <a href=\"https:\/\/www.camping-closdelachaume.com\/de\/camping-lorraine-wasserpark\/\" data-type=\"page\" data-id=\"2405\">Campingplatz in Lothringen mit Wasserpark<\/a> verf\u00fcgt \u00fcber ein beheiztes Hallenbad, das Gro\u00df und Klein begeistern wird. Nachdem Sie die zahlreichen Aktivit\u00e4ten in der Region ausprobiert haben, k\u00f6nnen Sie sich hier mit Ihrer Familie entspannen!<\/p><div class=\"lireplus fc-desk\"><p  style=\"text-align: center;\"  >Lesen Sie mehr  <span class=\"fc-icon\"><svg xmlns=\"http:\/\/www.w3.org\/2000\/svg\" viewBox=\"0 0 384 512\"><!--!Font Awesome Free 6.6.0 by @fontawesome - https:\/\/fontawesome.com License - https:\/\/fontawesome.com\/license\/free Copyright 2024 Fonticons, Inc.--><path d=\"M169.4 470.6c12.5 12.5 32.8 12.5 45.3 0l160-160c12.5-12.5 12.5-32.8 0-45.3s-32.8-12.5-45.3 0L224 370.8 224 64c0-17.7-14.3-32-32-32s-32 14.3-32 32l0 306.7L54.6 265.4c-12.5-12.5-32.8-12.5-45.3 0s-12.5 32.8 0 45.3l160 160z\"\/><\/svg><\/span><\/p><div class=\"group\"><p   id=\"242\" >Wenn Sie gerne <a href=\"https:\/\/www.camping-closdelachaume.com\/de\/angeln-in-den-vogesen\/\" data-type=\"page\" data-id=\"242\">angeln<\/a>, finden Sie Ihr Gl\u00fcck nicht weit von Epinal am Lac de Bouzey, dem gr\u00f6\u00dften Wasserreservoir der Vogesen, oder in Socourt, wo Sie das Fliegenfischen entdecken k\u00f6nnen. In den Vogesen gibt es mehr als 4000 km markierte Wanderwege f\u00fcr Wanderfreunde. Vom <a href=\"https:\/\/www.camping-closdelachaume.com\/de\/alentours\/lake-of-gerardmer\/\" data-type=\"link\" data-id=\"https:\/\/www.camping-closdelachaume.com\/de\/alentours\/lake-of-gerardmer\/\">Lac de G\u00e9rardmer<\/a> aus k\u00f6nnen Sie den Wasserfall Saut de la Bourrique erreichen, der Ihnen einen atemberaubenden Panoramablick bietet. Der Lac de G\u00e9rardmer, der gr\u00f6\u00dfte nat\u00fcrliche See der Vogesen, bietet Ihnen eine Reihe von Aktivit\u00e4ten: Wandern, Radfahren, Rollerfahren, aber auch <strong>Wassersportarten<\/strong> wie Segeln, Rudern, Kanu und Kajak sowie eine solarbetriebene Bootsfahrt.<\/p><p   id=\"https:\/\/www.camping-closdelachaume.com\/de\/alentours\/regionaler-naturpark-der-ballons-des-vosges\/\" >Der <a href=\"https:\/\/www.camping-closdelachaume.com\/de\/alentours\/regionaler-naturpark-der-ballons-des-vosges\/\" data-type=\"link\" data-id=\"https:\/\/www.camping-closdelachaume.com\/de\/alentours\/regionaler-naturpark-der-ballons-des-vosges\/\">regionale Naturpark Ballon des Vosges<\/a>, einer der gr\u00f6\u00dften Frankreichs, bietet die Gelegenheit zu zahlreichen Wanderungen und Radtouren sowie zur Entdeckung der Natur unter fachkundiger Anleitung. Das ganze Jahr \u00fcber werden zahlreiche kulturelle Veranstaltungen angeboten, bei denen Sie das reiche Kulturerbe und das K\u00f6nnen der Menschen entdecken k\u00f6nnen.<\/p><\/div><\/div><div class=\"gallery fade-up f-carousel fc-diapo-mob\"><figure class=\"gallery__item\"><picture><source srcset=\"https:\/\/www.camping-closdelachaume.com\/wp-content\/uploads\/2024\/10\/AdobeStock_53739642-850x567.jpg.webp\" media=\"(max-width: 420px)\"><source srcset=\"https:\/\/www.camping-closdelachaume.com\/wp-content\/uploads\/2024\/10\/AdobeStock_53739642-768x512.jpg.webp\" media=\"(max-width: 850px)\"><source srcset=\"https:\/\/www.camping-closdelachaume.com\/wp-content\/uploads\/2024\/10\/AdobeStock_53739642-1024x683.jpg.webp\" media=\"(max-width: 1024px)\"><source srcset=\"https:\/\/www.camping-closdelachaume.com\/wp-content\/uploads\/2024\/10\/AdobeStock_53739642.jpg.webp\" media=\"(min-width: 1025px)\"><img decoding=\"async\" src=\"https:\/\/www.camping-closdelachaume.com\/wp-content\/uploads\/2024\/10\/AdobeStock_53739642-600x400.jpg.webp\" width=\"420\" height=\"210\" alt=\"P\u00eacheurs au bord d'un lac de moyennes montagnes\" title=\"P\u00eacheurs au bord d&#8217;un lac de moyennes montagnes\" loading=\"lazy\"><\/picture><\/figure><figure class=\"gallery__item\"><picture><source srcset=\"https:\/\/www.camping-closdelachaume.com\/wp-content\/uploads\/2024\/10\/Clos-AdobeStock_3127880691-850x567.jpg.webp\" media=\"(max-width: 420px)\"><source srcset=\"https:\/\/www.camping-closdelachaume.com\/wp-content\/uploads\/2024\/10\/Clos-AdobeStock_3127880691-768x512.jpg.webp\" media=\"(max-width: 850px)\"><source srcset=\"https:\/\/www.camping-closdelachaume.com\/wp-content\/uploads\/2024\/10\/Clos-AdobeStock_3127880691-1024x683.jpg.webp\" media=\"(max-width: 1024px)\"><source srcset=\"https:\/\/www.camping-closdelachaume.com\/wp-content\/uploads\/2024\/10\/Clos-AdobeStock_3127880691.jpg.webp\" media=\"(min-width: 1025px)\"><img decoding=\"async\" src=\"https:\/\/www.camping-closdelachaume.com\/wp-content\/uploads\/2024\/10\/Clos-AdobeStock_3127880691-600x400.jpg.webp\" width=\"420\" height=\"210\" alt=\"Young woman cycling on road along vineyards from Riquewihr to Kaysersberg village, Alsace Wine Route, France Young woman cycling on road along vineyards from Riquewihr to Kaysersberg village, Alsace Wine Route, France\" title=\"balade en v\u00e9lo camping au clos de la chaume\" loading=\"lazy\"><\/picture><\/figure><figure class=\"gallery__item\"><picture><source srcset=\"https:\/\/www.camping-closdelachaume.com\/wp-content\/uploads\/2024\/10\/balade-nature-en-famille-accompagnee-au-camping-au-clos-de-la-chaume-850x365.jpg.webp\" media=\"(max-width: 420px)\"><source srcset=\"https:\/\/www.camping-closdelachaume.com\/wp-content\/uploads\/2024\/10\/balade-nature-en-famille-accompagnee-au-camping-au-clos-de-la-chaume-768x330.jpg.webp\" media=\"(max-width: 850px)\"><source srcset=\"https:\/\/www.camping-closdelachaume.com\/wp-content\/uploads\/2024\/10\/balade-nature-en-famille-accompagnee-au-camping-au-clos-de-la-chaume-1024x440.jpg.webp\" media=\"(max-width: 1024px)\"><source srcset=\"https:\/\/www.camping-closdelachaume.com\/wp-content\/uploads\/2024\/10\/balade-nature-en-famille-accompagnee-au-camping-au-clos-de-la-chaume.jpg.webp\" media=\"(min-width: 1025px)\"><img decoding=\"async\" src=\"https:\/\/www.camping-closdelachaume.com\/wp-content\/uploads\/2024\/10\/balade-nature-en-famille-accompagnee-au-camping-au-clos-de-la-chaume-600x258.jpg.webp\" width=\"420\" height=\"210\" title=\"balade-nature-en-famille-accompagnee-au-camping-au-clos-de-la-chaume\" loading=\"lazy\" alt=\"\"><\/picture><\/figure><\/div><\/div>\n\n<figure class=\"deco-vague deco-vague-bas\"><picture><source srcset=\"https:\/\/www.camping-closdelachaume.com\/wp-content\/uploads\/2024\/10\/vague-droite-bas.svg\" media=\"(max-width: 420px)\"><source srcset=\"https:\/\/www.camping-closdelachaume.com\/wp-content\/uploads\/2024\/10\/vague-droite-bas.svg\" media=\"(max-width: 850px)\"><source srcset=\"https:\/\/www.camping-closdelachaume.com\/wp-content\/uploads\/2024\/10\/vague-droite-bas.svg\" media=\"(max-width: 1024px)\"><source srcset=\"https:\/\/www.camping-closdelachaume.com\/wp-content\/uploads\/2024\/10\/vague-droite-bas.svg\" media=\"(min-width: 1025px)\"><img decoding=\"async\" src=\"https:\/\/www.camping-closdelachaume.com\/wp-content\/uploads\/2024\/10\/vague-droite-bas.svg\" width=\"420\" height=\"210\" title=\"vague-droite-bas\" loading=\"lazy\" alt=\"\"><\/picture><\/figure>\n\n<div class=\"columns sec-30\"><div class=\"columns__item fade-left\"><div class=\"gallery col-2 f-carousel fc-diapo-mob\"><figure class=\"gallery__item\"><picture><source srcset=\"https:\/\/www.camping-closdelachaume.com\/wp-content\/uploads\/2024\/10\/00001127035-850x478.webp\" media=\"(max-width: 420px)\"><source srcset=\"https:\/\/www.camping-closdelachaume.com\/wp-content\/uploads\/2024\/10\/00001127035-768x432.webp\" media=\"(max-width: 850px)\"><source srcset=\"https:\/\/www.camping-closdelachaume.com\/wp-content\/uploads\/2024\/10\/00001127035-1024x576.webp\" media=\"(max-width: 1024px)\"><source srcset=\"https:\/\/www.camping-closdelachaume.com\/wp-content\/uploads\/2024\/10\/00001127035.webp\" media=\"(min-width: 1025px)\"><img decoding=\"async\" src=\"https:\/\/www.camping-closdelachaume.com\/wp-content\/uploads\/2024\/10\/00001127035-600x338.webp\" width=\"420\" height=\"210\" title=\"location insolite dans les vosges\" loading=\"lazy\" alt=\"\"><\/picture><\/figure><figure class=\"gallery__item\"><picture><source srcset=\"https:\/\/www.camping-closdelachaume.com\/wp-content\/uploads\/2024\/10\/00000963313-850x638.jpg.webp\" media=\"(max-width: 420px)\"><source srcset=\"https:\/\/www.camping-closdelachaume.com\/wp-content\/uploads\/2024\/10\/00000963313-768x576.jpg.webp\" media=\"(max-width: 850px)\"><source srcset=\"https:\/\/www.camping-closdelachaume.com\/wp-content\/uploads\/2024\/10\/00000963313-1024x768.jpg.webp\" media=\"(max-width: 1024px)\"><source srcset=\"https:\/\/www.camping-closdelachaume.com\/wp-content\/uploads\/2024\/10\/00000963313-scaled.jpg.webp\" media=\"(min-width: 1025px)\"><img decoding=\"async\" src=\"https:\/\/www.camping-closdelachaume.com\/wp-content\/uploads\/2024\/10\/00000963313-600x450.jpg.webp\" width=\"420\" height=\"210\" title=\"location dans les vosges\" loading=\"lazy\" alt=\"\"><\/picture><\/figure><figure class=\"gallery__item\"><picture><source srcset=\"https:\/\/www.camping-closdelachaume.com\/wp-content\/uploads\/2024\/10\/00001127038-850x478.jpg.webp\" media=\"(max-width: 420px)\"><source srcset=\"https:\/\/www.camping-closdelachaume.com\/wp-content\/uploads\/2024\/10\/00001127038-768x432.jpg.webp\" media=\"(max-width: 850px)\"><source srcset=\"https:\/\/www.camping-closdelachaume.com\/wp-content\/uploads\/2024\/10\/00001127038-1024x576.jpg.webp\" media=\"(max-width: 1024px)\"><source srcset=\"https:\/\/www.camping-closdelachaume.com\/wp-content\/uploads\/2024\/10\/00001127038.jpg.webp\" media=\"(min-width: 1025px)\"><img decoding=\"async\" src=\"https:\/\/www.camping-closdelachaume.com\/wp-content\/uploads\/2024\/10\/00001127038-600x338.jpg.webp\" width=\"420\" height=\"210\" title=\"location dans les vosges\" loading=\"lazy\" alt=\"\"><\/picture><\/figure><\/div><figure class=\"deco deco--2\"><picture><source srcset=\"https:\/\/www.camping-closdelachaume.com\/wp-content\/uploads\/2024\/10\/herbe3.svg\" media=\"(max-width: 420px)\"><source srcset=\"https:\/\/www.camping-closdelachaume.com\/wp-content\/uploads\/2024\/10\/herbe3.svg\" media=\"(max-width: 850px)\"><source srcset=\"https:\/\/www.camping-closdelachaume.com\/wp-content\/uploads\/2024\/10\/herbe3.svg\" media=\"(max-width: 1024px)\"><source srcset=\"https:\/\/www.camping-closdelachaume.com\/wp-content\/uploads\/2024\/10\/herbe3.svg\" media=\"(min-width: 1025px)\"><img decoding=\"async\" src=\"https:\/\/www.camping-closdelachaume.com\/wp-content\/uploads\/2024\/10\/herbe3.svg\" width=\"420\" height=\"210\" title=\"herbe3\" loading=\"lazy\" alt=\"\"><\/picture><\/figure><\/div><div class=\"columns__item texte fade-up\"><h2 class=\"h2\">Wo kann man <span class=\"fc-span\">in den Vogesen glamping ?<\/span><\/h2><p   id=\"244\" >Der 3* Campingplatz Au Clos de la Chaume ist stolz darauf, Camping Sites et Paysages zu sein und ist der ideale Ort f\u00fcr <strong>Glamping in den Vogesen<\/strong>. Unser Campingplatz liegt in <a href=\"https:\/\/www.camping-closdelachaume.com\/de\/wanderungen-corcieux-vogesen\/\" data-type=\"page\" data-id=\"244\">Corcieux<\/a>, 15 km von G\u00e9rardmer entfernt. Hier k\u00f6nnen Sie <a href=\"https:\/\/www.camping-closdelachaume.com\/de\/ferienwohnungen-vogesen\/\" data-type=\"page\" data-id=\"241\">Mobilheime oder Chalets in G\u00e9rardmer mieten<\/a>, aber vor allem unsere Glamping-Zelte Cotton Lodge Nature, um einen Urlaub in der Natur zu genie\u00dfen. Diese Unterk\u00fcnfte bieten maximalen Komfort. Sie sind komplett ausgestattet und verf\u00fcgen \u00fcber eine gro\u00dfe Terrasse und zwei separate Schlafzimmer. Zur Erfrischung gibt es ein <a href=\"https:\/\/www.camping-closdelachaume.com\/de\/camping-vogesen-schwimmbad\/\" data-type=\"page\" data-id=\"233\">beheiztes Hallenbad<\/a> und einen kleinen Bach, der durch den Campingplatz flie\u00dft und eine Vielzahl von<a href=\"https:\/\/www.camping-closdelachaume.com\/de\/aktivitaten\/\" data-type=\"page\" data-id=\"223\">Aktivit\u00e4ten<\/a> am Wasser erm\u00f6glicht (Wasserdamm, Wasserm\u00fchle, Bootsrennen). Der <a href=\"https:\/\/www.camping-closdelachaume.com\/de\/dienstleistungen\/\" data-type=\"page\" data-id=\"245\">3-Sterne-Service <\/a>unseres Hauses wird Ihnen das Leben w\u00e4hrend Ihres Aufenthalts erleichtern und die N\u00e4he zum <strong>Dorf Corcieux<\/strong> erm\u00f6glicht es Ihnen, in einem der Partnerrestaurants zu essen oder die Einkaufsm\u00f6glichkeiten zu nutzen.     <\/p><p    >Z\u00f6gern Sie nicht l\u00e4nger! Begleiten Sie uns bei Ihrem n\u00e4chsten Glampingurlaub in den Vogesen! <\/p><div class=\"buttons\"><a href=\"https:\/\/www.camping-closdelachaume.com\/de\/aktivitaten\/\" rel=\"noreferrer noopener\" rel=\"noreferrer noopener\" rel=\"noreferrer noopener\" rel=\"noreferrer noopener\" class=\"buttons__btn\"><span class=\"fc-icon\"><svg xmlns=\"http:\/\/www.w3.org\/2000\/svg\"  viewBox=\"0 0 384 512\" width=\"16px\" height=\"16px\"><!--! Font Awesome Pro 6.4.2 by @fontawesome - https:\/\/fontawesome.com License - https:\/\/fontawesome.com\/license (Commercial License) Copyright 2023 Fonticons, Inc.--><path d=\"M192 48a48 48 0 1 1 96 0 48 48 0 1 1 -96 0zm51.3 182.7L224.2 307l49.7 49.7c9 9 14.1 21.2 14.1 33.9V480c0 17.7-14.3 32-32 32s-32-14.3-32-32V397.3l-73.9-73.9c-15.8-15.8-22.2-38.6-16.9-60.3l20.4-84c8.3-34.1 42.7-54.9 76.7-46.4c19 4.8 35.6 16.4 46.4 32.7L305.1 208H336V184c0-13.3 10.7-24 24-24s24 10.7 24 24v55.8c0 .1 0 .2 0 .2s0 .2 0 .2V488c0 13.3-10.7 24-24 24s-24-10.7-24-24V272H296.6c-16 0-31-8-39.9-21.4l-13.3-20zM81.1 471.9L117.3 334c3 4.2 6.4 8.2 10.1 11.9l41.9 41.9L142.9 488.1c-4.5 17.1-22 27.3-39.1 22.8s-27.3-22-22.8-39.1zm55.5-346L101.4 266.5c-3 12.1-14.9 19.9-27.2 17.9l-47.9-8c-14-2.3-22.9-16.3-19.2-30L31.9 155c9.5-34.8 41.1-59 77.2-59h4.2c15.6 0 27.1 14.7 23.3 29.8z\"\/><\/svg><\/span>  Entdecken Sie die Animationen<\/a><\/div><\/div><\/div>","protected":false},"excerpt":{"rendered":"<p>Glamping in den Vogesen auf Clos de la Chaume Die Vogesen, ideal im Herzen Europas gelegen, bieten ungeahnte touristische Attraktionen: W\u00e4lder, Seen und Moore, Abteien und charaktervolle D\u00f6rfer werden Sie begeistern. Sie lieben die Natur und m\u00f6chten in ihrem Herzen wohnen, ohne Kompromisse bei Ihrem Komfort eingehen zu m\u00fcssen? Z\u00f6gern Sie nicht l\u00e4nger und probieren [&hellip;]<\/p>\n","protected":false},"author":1,"featured_media":0,"parent":0,"menu_order":0,"comment_status":"open","ping_status":"open","template":"","meta":{"_acf_changed":false,"footnotes":""},"acf":[],"_links":{"self":[{"href":"https:\/\/www.camping-closdelachaume.com\/de\/wp-json\/wp\/v2\/pages\/2338"}],"collection":[{"href":"https:\/\/www.camping-closdelachaume.com\/de\/wp-json\/wp\/v2\/pages"}],"about":[{"href":"https:\/\/www.camping-closdelachaume.com\/de\/wp-json\/wp\/v2\/types\/page"}],"author":[{"embeddable":true,"href":"https:\/\/www.camping-closdelachaume.com\/de\/wp-json\/wp\/v2\/users\/1"}],"replies":[{"embeddable":true,"href":"https:\/\/www.camping-closdelachaume.com\/de\/wp-json\/wp\/v2\/comments?post=2338"}],"version-history":[{"count":4,"href":"https:\/\/www.camping-closdelachaume.com\/de\/wp-json\/wp\/v2\/pages\/2338\/revisions"}],"predecessor-version":[{"id":3051,"href":"https:\/\/www.camping-closdelachaume.com\/de\/wp-json\/wp\/v2\/pages\/2338\/revisions\/3051"}],"wp:attachment":[{"href":"https:\/\/www.camping-closdelachaume.com\/de\/wp-json\/wp\/v2\/media?parent=2338"}],"curies":[{"name":"wp","href":"https:\/\/api.w.org\/{rel}","templated":true}]}}