{"id":2336,"date":"2024-10-16T16:30:32","date_gmt":"2024-10-16T14:30:32","guid":{"rendered":"https:\/\/www.camping-closdelachaume.com\/location-chalet-vosges-gerardmer-week-end\/"},"modified":"2025-02-11T11:04:58","modified_gmt":"2025-02-11T10:04:58","slug":"vermietung-chalet-vogesen-gerardmer-wochenende","status":"publish","type":"page","link":"https:\/\/www.camping-closdelachaume.com\/de\/vermietung-chalet-vogesen-gerardmer-wochenende\/","title":{"rendered":"Vermietung f\u00fcr das Wochenende"},"content":{"rendered":"<div class=\"diaporama-header align-full\"><div class=\"gallery\"><figure class=\"gallery__item\"><picture><source srcset=\"https:\/\/www.camping-closdelachaume.com\/wp-content\/uploads\/2024\/10\/chalet-cosy-camping-vosges-au-clos-de-la-chaume-850x366.jpg.webp\" media=\"(max-width: 420px)\"><source srcset=\"https:\/\/www.camping-closdelachaume.com\/wp-content\/uploads\/2024\/10\/chalet-cosy-camping-vosges-au-clos-de-la-chaume-768x330.jpg.webp\" media=\"(max-width: 850px)\"><source srcset=\"https:\/\/www.camping-closdelachaume.com\/wp-content\/uploads\/2024\/10\/chalet-cosy-camping-vosges-au-clos-de-la-chaume-1024x441.jpg.webp\" media=\"(max-width: 1024px)\"><source srcset=\"https:\/\/www.camping-closdelachaume.com\/wp-content\/uploads\/2024\/10\/chalet-cosy-camping-vosges-au-clos-de-la-chaume.jpg.webp\" media=\"(min-width: 1025px)\"><img loading=\"lazy\" decoding=\"async\" src=\"https:\/\/www.camping-closdelachaume.com\/wp-content\/uploads\/2024\/10\/chalet-cosy-camping-vosges-au-clos-de-la-chaume-600x258.jpg.webp\" width=\"420\" height=\"210\" title=\"chalet-cosy-camping-vosges-au-clos-de-la-chaume\" alt=\"\"><\/picture><\/figure><\/div><div class=\"diaporama-header__inner\"><div class=\"buttons display-flex \" style=\"justify-content:center;\"><span class=\"buttons__btn btn_resa is-style-resa\"><span class=\"fc-icon\"><svg xmlns=\"http:\/\/www.w3.org\/2000\/svg\"  viewBox=\"0 0 512 512\" width=\"16px\" height=\"16px\"><!--! Font Awesome Pro 6.4.2 by @fontawesome - https:\/\/fontawesome.com License - https:\/\/fontawesome.com\/license (Commercial License) Copyright 2023 Fonticons, Inc.--><path d=\"M224 0c-17.7 0-32 14.3-32 32V64H144c-26.5 0-48 21.5-48 48v48H512V112c0-26.5-21.5-48-48-48H416V32c0-17.7-14.3-32-32-32s-32 14.3-32 32V64H256V32c0-17.7-14.3-32-32-32zM96 192V368c0 26.5 21.5 48 48 48H464c26.5 0 48-21.5 48-48V192H96zm-48-8c0-13.3-10.7-24-24-24s-24 10.7-24 24V392c0 66.3 53.7 120 120 120H392c13.3 0 24-10.7 24-24s-10.7-24-24-24H120c-39.8 0-72-32.2-72-72V184z\"\/><\/svg><\/span>  Buchen Sie jetzt!<\/span><\/div><figure class=\"diaporama-header__deco\"><picture><source srcset=\"https:\/\/www.camping-closdelachaume.com\/wp-content\/uploads\/2024\/10\/vague-diapoheader.svg\" media=\"(max-width: 420px)\"><source srcset=\"https:\/\/www.camping-closdelachaume.com\/wp-content\/uploads\/2024\/10\/vague-diapoheader.svg\" media=\"(max-width: 850px)\"><source srcset=\"https:\/\/www.camping-closdelachaume.com\/wp-content\/uploads\/2024\/10\/vague-diapoheader.svg\" media=\"(max-width: 1024px)\"><source srcset=\"https:\/\/www.camping-closdelachaume.com\/wp-content\/uploads\/2024\/10\/vague-diapoheader.svg\" media=\"(min-width: 1025px)\"><img loading=\"lazy\" decoding=\"async\" src=\"https:\/\/www.camping-closdelachaume.com\/wp-content\/uploads\/2024\/10\/vague-diapoheader.svg\" width=\"420\" height=\"210\" title=\"vague-diapoheader\" alt=\"\"><\/picture><\/figure><\/div><\/div>\n\n<div class=\"columns sec-30\"><div class=\"columns__item fade-left\"><div class=\"gallery col-2 f-carousel fc-diapo-mob\"><figure class=\"gallery__item\"><picture><source srcset=\"https:\/\/www.camping-closdelachaume.com\/wp-content\/uploads\/2024\/10\/chalet-cosy-32m2-exterieur-615x350-1.jpg.webp\" media=\"(max-width: 420px)\"><source srcset=\"https:\/\/www.camping-closdelachaume.com\/wp-content\/uploads\/2024\/10\/chalet-cosy-32m2-exterieur-615x350-1.jpg.webp\" media=\"(max-width: 850px)\"><source srcset=\"https:\/\/www.camping-closdelachaume.com\/wp-content\/uploads\/2024\/10\/chalet-cosy-32m2-exterieur-615x350-1.jpg.webp\" media=\"(max-width: 1024px)\"><source srcset=\"https:\/\/www.camping-closdelachaume.com\/wp-content\/uploads\/2024\/10\/chalet-cosy-32m2-exterieur-615x350-1.jpg.webp\" media=\"(min-width: 1025px)\"><img decoding=\"async\" src=\"https:\/\/www.camping-closdelachaume.com\/wp-content\/uploads\/2024\/10\/chalet-cosy-32m2-exterieur-615x350-1-600x341.jpg.webp\" width=\"420\" height=\"210\" title=\"chalet-cosy-32m2-clos de la chaume\" loading=\"lazy\" alt=\"\"><\/picture><\/figure><figure class=\"gallery__item\"><picture><source srcset=\"https:\/\/www.camping-closdelachaume.com\/wp-content\/uploads\/2024\/10\/chalet-cosy-clos-de-la-chaume-615x350-1.jpg.webp\" media=\"(max-width: 420px)\"><source srcset=\"https:\/\/www.camping-closdelachaume.com\/wp-content\/uploads\/2024\/10\/chalet-cosy-clos-de-la-chaume-615x350-1.jpg.webp\" media=\"(max-width: 850px)\"><source srcset=\"https:\/\/www.camping-closdelachaume.com\/wp-content\/uploads\/2024\/10\/chalet-cosy-clos-de-la-chaume-615x350-1.jpg.webp\" media=\"(max-width: 1024px)\"><source srcset=\"https:\/\/www.camping-closdelachaume.com\/wp-content\/uploads\/2024\/10\/chalet-cosy-clos-de-la-chaume-615x350-1.jpg.webp\" media=\"(min-width: 1025px)\"><img decoding=\"async\" src=\"https:\/\/www.camping-closdelachaume.com\/wp-content\/uploads\/2024\/10\/chalet-cosy-clos-de-la-chaume-615x350-1-600x341.jpg.webp\" width=\"420\" height=\"210\" title=\"chalet-cosy-clos-de-la-chaume\" loading=\"lazy\" alt=\"\"><\/picture><\/figure><figure class=\"gallery__item\"><picture><source srcset=\"https:\/\/www.camping-closdelachaume.com\/wp-content\/uploads\/2024\/10\/chalet-bois-35m2.jpg.webp\" media=\"(max-width: 420px)\"><source srcset=\"https:\/\/www.camping-closdelachaume.com\/wp-content\/uploads\/2024\/10\/chalet-bois-35m2.jpg.webp\" media=\"(max-width: 850px)\"><source srcset=\"https:\/\/www.camping-closdelachaume.com\/wp-content\/uploads\/2024\/10\/chalet-bois-35m2.jpg.webp\" media=\"(max-width: 1024px)\"><source srcset=\"https:\/\/www.camping-closdelachaume.com\/wp-content\/uploads\/2024\/10\/chalet-bois-35m2.jpg.webp\" media=\"(min-width: 1025px)\"><img decoding=\"async\" src=\"https:\/\/www.camping-closdelachaume.com\/wp-content\/uploads\/2024\/10\/chalet-bois-35m2-600x341.jpg.webp\" width=\"420\" height=\"210\" title=\"chalet-bois-35m2-dans les vosges\" loading=\"lazy\" alt=\"\"><\/picture><\/figure><\/div><figure class=\"deco deco--2\"><picture><source srcset=\"https:\/\/www.camping-closdelachaume.com\/wp-content\/uploads\/2024\/10\/herbe3.svg\" media=\"(max-width: 420px)\"><source srcset=\"https:\/\/www.camping-closdelachaume.com\/wp-content\/uploads\/2024\/10\/herbe3.svg\" media=\"(max-width: 850px)\"><source srcset=\"https:\/\/www.camping-closdelachaume.com\/wp-content\/uploads\/2024\/10\/herbe3.svg\" media=\"(max-width: 1024px)\"><source srcset=\"https:\/\/www.camping-closdelachaume.com\/wp-content\/uploads\/2024\/10\/herbe3.svg\" media=\"(min-width: 1025px)\"><img decoding=\"async\" src=\"https:\/\/www.camping-closdelachaume.com\/wp-content\/uploads\/2024\/10\/herbe3.svg\" width=\"420\" height=\"210\" title=\"herbe3\" loading=\"lazy\" alt=\"\"><\/picture><\/figure><\/div><div class=\"columns__item texte fade-up\"><h1>Ein Wochenende in einem Chalet in <span class=\"fc-span\">den Vogesen in der N\u00e4he von G\u00e9rardmer<\/span> verbringen<\/h1><p   id=\"73\" >Ob Sie nun in der Hochsaison ein Familienwochenende brauchen, um der Stadt zu entfliehen, oder ob Sie im Sp\u00e4tsommer einen romantischen Ausflug mit Ihrem Partner machen m\u00f6chten, ein <strong>Chalet in den Vogesen<\/strong> ist eine charmante Option. Es gibt keinen besseren Ort als unseren <a href=\"https:\/\/www.camping-closdelachaume.com\/de\/\" data-type=\"page\" data-id=\"73\">Campingplatz in den Vogesen in der N\u00e4he von G\u00e9rardmer<\/a>, um ein Chalet zu buchen. Inmitten dieser atemberaubenden Landschaft haben Sie alles, was Sie brauchen, um unvergessliche Momente der Entspannung zu verbringen&#8230;  <\/p><h2>Entdecken Sie die Vogesen <span class=\"fc-span\">im Sommer an einem Wochenende<\/span><\/h2><p    >Wie sch\u00f6n, dass Sie sich <strong>an einem Sommerwochenende <\/strong> in den Vogesen erholen k\u00f6nnen! Das Mieten eines Chalets ist kinderleicht. Wie w\u00e4re es mit einem entspannenden Spaziergang oder einer Radtour in der Natur oder einem Abenteuer mit dem Kanu, Mountainbike oder einer Wanderung? Oder genie\u00dfen Sie einfach die Sonne auf Ihrer eigenen Terrasse?  <\/p><div class=\"lireplus fc-desk\"><p    >Lesen Sie mehr<\/p><div class=\"group\"><p    ><\/p><p   id=\"246\" >Die <a href=\"https:\/\/www.camping-closdelachaume.com\/de\/tourismus\/\" data-type=\"page\" data-id=\"246\">Vogesen in der Region Grand Est<\/a> bieten ein intensives Erlebnis von unumg\u00e4nglichen Aktivit\u00e4ten im Freien.<\/p><p    >Es gibt nichts Sch\u00f6neres, als drau\u00dfen zu leben und die Naturwunder der Vogesen zu entdecken. Die Zeit von Mai bis September ist ideal, um die Landschaften der Vogesen zu genie\u00dfen. Von den W\u00e4ldern der Vogesen \u00fcber die <strong>Berge<\/strong> der Vogesen, die T\u00e4ler der Vogesen bis hin zu den <strong>Seen<\/strong> und S\u00fcmpfen ist alles vorhanden, damit Sie Ihr Sommerwochenende ganz nah an Mutter Natur verbringen k\u00f6nnen.  <\/p><\/div><\/div><\/div><\/div>\n\n<figure class=\"deco-vague deco-vague-haut\"><picture><source srcset=\"https:\/\/www.camping-closdelachaume.com\/wp-content\/uploads\/2024\/10\/vague-droite-haut.svg\" media=\"(max-width: 420px)\"><source srcset=\"https:\/\/www.camping-closdelachaume.com\/wp-content\/uploads\/2024\/10\/vague-droite-haut.svg\" media=\"(max-width: 850px)\"><source srcset=\"https:\/\/www.camping-closdelachaume.com\/wp-content\/uploads\/2024\/10\/vague-droite-haut.svg\" media=\"(max-width: 1024px)\"><source srcset=\"https:\/\/www.camping-closdelachaume.com\/wp-content\/uploads\/2024\/10\/vague-droite-haut.svg\" media=\"(min-width: 1025px)\"><img decoding=\"async\" src=\"https:\/\/www.camping-closdelachaume.com\/wp-content\/uploads\/2024\/10\/vague-droite-haut.svg\" width=\"420\" height=\"210\" title=\"vague-droite-haut\" loading=\"lazy\" alt=\"\"><\/picture><\/figure>\n\n<div class=\"group sec-10 align-full has-background\" style=\"background-color:var(--vert-clair);\"><h2 style=\"text-align: center;\">Barrierefreie Chalets <span class=\"fc-span\">in G\u00e9rardmer zum Wochenausklang<\/span><\/h2><p  style=\"text-align: center;\"  >Die <strong>Ferienh\u00e4user in G\u00e9rardmer<\/strong> stehen f\u00fcr ein Leben inmitten der Natur. Sie bieten einen R\u00fcckzugsort, einen Hauch von Sauerstoff aus dem Alltag. F\u00fcr Ihren Urlaub mit der Familie oder zu zweit haben unsere <strong>Campingunterk\u00fcnfte in G\u00e9rardmer <\/strong>etwas Besonderes zu bieten.  <\/p><div class=\"lireplus fc-desk\"><p  style=\"text-align: center;\"  >Lesen Sie mehr  <span class=\"fc-icon\"><svg xmlns=\"http:\/\/www.w3.org\/2000\/svg\" viewBox=\"0 0 384 512\"><!--!Font Awesome Free 6.6.0 by @fontawesome - https:\/\/fontawesome.com License - https:\/\/fontawesome.com\/license\/free Copyright 2024 Fonticons, Inc.--><path d=\"M169.4 470.6c12.5 12.5 32.8 12.5 45.3 0l160-160c12.5-12.5 12.5-32.8 0-45.3s-32.8-12.5-45.3 0L224 370.8 224 64c0-17.7-14.3-32-32-32s-32 14.3-32 32l0 306.7L54.6 265.4c-12.5-12.5-32.8-12.5-45.3 0s-12.5 32.8 0 45.3l160 160z\"\/><\/svg><\/span><\/p><div class=\"group\"><p   id=\"237\" >Ihr <a href=\"https:\/\/www.camping-closdelachaume.com\/de\/vermietung-chalet-vogesen\/\" data-type=\"page\" data-id=\"237\">Chalet in den Vogesen<\/a> auf Clos de la Chaume bietet Ihnen einen erfrischenden Urlaub am Ufer eines Baches in einer nat\u00fcrlichen und gesch\u00fctzten Umgebung. 15 km von <a href=\"https:\/\/www.camping-closdelachaume.com\/de\/alentours\/lake-of-gerardmer\/\" data-type=\"link\" data-id=\"https:\/\/www.camping-closdelachaume.com\/de\/alentours\/lake-of-gerardmer\/\">G\u00e9rardmer<\/a> entfernt, im Herzen der <strong>Ballon des Vosges<\/strong>, bietet die Atmosph\u00e4re unseres Campingplatzes viele M\u00f6glichkeiten f\u00fcr Aktivit\u00e4ten im Freien. Dazu geh\u00f6ren Angeln, Schwimmen und andere Wassersportarten. Unser <strong>3-Sterne-Campingplatz Vosges in Corcieux<\/strong> freut sich, Sie und Ihre Familie w\u00e4hrend der Sommersaison begr\u00fc\u00dfen zu d\u00fcrfen. Sie k\u00f6nnen eine Unterkunft <strong>in der N\u00e4he des Sees von G\u00e9rardmer<\/strong> f\u00fcr mindestens zwei N\u00e4chte von Donnerstag bis Dienstag buchen.<\/p><p    >Genie\u00dfen Sie die Vorteile eines Aufenthalts in den Vogesen und mieten Sie Ihr eigenes Chalet f\u00fcr eine Woche oder ein Wochenende im Sommer. Unsere erschwinglichen Preise erm\u00f6glichen es Ihnen, die Umgebung in einer ruhigen Umgebung zu genie\u00dfen. Ob mit der Familie oder mit Freunden, finden Sie die passende Unterkunft zu einem <strong>guten Preis-Leistungs-Verh\u00e4ltnis<\/strong>.  <\/p><\/div><\/div><h2 style=\"text-align: center;\">Vermietung von Chalets in den Vogesen <span class=\"fc-span\">f\u00fcr ein Wochenende zu zweit oder mit der Familie.<\/span><\/h2><p  style=\"text-align: center;\"  >Das Chalet ist ein herzerw\u00e4rmender Ort f\u00fcr einen erholsamen Abend zu zweit oder mit der Familie. Die <strong>W\u00e4rme und der Charme des Chalets in den Vogesen <\/strong>werden durch eine berauschende und bukolische Dekoration unterstrichen. <\/p><div class=\"gallery fade-right col-2 f-carousel fc-diapo\"><figure class=\"gallery__item\"><picture><source srcset=\"https:\/\/www.camping-closdelachaume.com\/wp-content\/uploads\/2024\/10\/00000657997-850x565.jpg.webp\" media=\"(max-width: 420px)\"><source srcset=\"https:\/\/www.camping-closdelachaume.com\/wp-content\/uploads\/2024\/10\/00000657997-768x511.jpg.webp\" media=\"(max-width: 850px)\"><source srcset=\"https:\/\/www.camping-closdelachaume.com\/wp-content\/uploads\/2024\/10\/00000657997-1024x681.jpg.webp\" media=\"(max-width: 1024px)\"><source srcset=\"https:\/\/www.camping-closdelachaume.com\/wp-content\/uploads\/2024\/10\/00000657997-scaled.jpg.webp\" media=\"(min-width: 1025px)\"><img decoding=\"async\" src=\"https:\/\/www.camping-closdelachaume.com\/wp-content\/uploads\/2024\/10\/00000657997-600x399.jpg.webp\" width=\"420\" height=\"210\" title=\"location dans les vosges\" loading=\"lazy\" alt=\"\"><\/picture><\/figure><figure class=\"gallery__item\"><picture><source srcset=\"https:\/\/www.camping-closdelachaume.com\/wp-content\/uploads\/2024\/10\/00000742130-850x638.jpg.webp\" media=\"(max-width: 420px)\"><source srcset=\"https:\/\/www.camping-closdelachaume.com\/wp-content\/uploads\/2024\/10\/00000742130-768x576.jpg.webp\" media=\"(max-width: 850px)\"><source srcset=\"https:\/\/www.camping-closdelachaume.com\/wp-content\/uploads\/2024\/10\/00000742130-1024x768.jpg.webp\" media=\"(max-width: 1024px)\"><source srcset=\"https:\/\/www.camping-closdelachaume.com\/wp-content\/uploads\/2024\/10\/00000742130-scaled.jpg.webp\" media=\"(min-width: 1025px)\"><img decoding=\"async\" src=\"https:\/\/www.camping-closdelachaume.com\/wp-content\/uploads\/2024\/10\/00000742130-600x450.jpg.webp\" width=\"420\" height=\"210\" title=\"location dans les vosges\" loading=\"lazy\" alt=\"\"><\/picture><\/figure><figure class=\"gallery__item\"><picture><source srcset=\"https:\/\/www.camping-closdelachaume.com\/wp-content\/uploads\/2024\/10\/00000484361-850x578.jpg.webp\" media=\"(max-width: 420px)\"><source srcset=\"https:\/\/www.camping-closdelachaume.com\/wp-content\/uploads\/2024\/10\/00000484361-768x522.jpg.webp\" media=\"(max-width: 850px)\"><source srcset=\"https:\/\/www.camping-closdelachaume.com\/wp-content\/uploads\/2024\/10\/00000484361-1024x697.jpg.webp\" media=\"(max-width: 1024px)\"><source srcset=\"https:\/\/www.camping-closdelachaume.com\/wp-content\/uploads\/2024\/10\/00000484361-scaled.jpg.webp\" media=\"(min-width: 1025px)\"><img decoding=\"async\" src=\"https:\/\/www.camping-closdelachaume.com\/wp-content\/uploads\/2024\/10\/00000484361-600x408.jpg.webp\" width=\"420\" height=\"210\" title=\"location dans les vosges\" loading=\"lazy\" alt=\"\"><\/picture><\/figure><figure class=\"gallery__item\"><picture><source srcset=\"https:\/\/www.camping-closdelachaume.com\/wp-content\/uploads\/2024\/10\/00000742132-850x638.jpg.webp\" media=\"(max-width: 420px)\"><source srcset=\"https:\/\/www.camping-closdelachaume.com\/wp-content\/uploads\/2024\/10\/00000742132-768x576.jpg.webp\" media=\"(max-width: 850px)\"><source srcset=\"https:\/\/www.camping-closdelachaume.com\/wp-content\/uploads\/2024\/10\/00000742132-1024x768.jpg.webp\" media=\"(max-width: 1024px)\"><source srcset=\"https:\/\/www.camping-closdelachaume.com\/wp-content\/uploads\/2024\/10\/00000742132-scaled.jpg.webp\" media=\"(min-width: 1025px)\"><img decoding=\"async\" src=\"https:\/\/www.camping-closdelachaume.com\/wp-content\/uploads\/2024\/10\/00000742132-600x450.jpg.webp\" width=\"420\" height=\"210\" title=\"location dans les vosges\" loading=\"lazy\" alt=\"\"><\/picture><\/figure><\/div><\/div>\n\n<figure class=\"deco-vague deco-vague-bas\"><picture><source srcset=\"https:\/\/www.camping-closdelachaume.com\/wp-content\/uploads\/2024\/10\/vague-gauche-bas.svg\" media=\"(max-width: 420px)\"><source srcset=\"https:\/\/www.camping-closdelachaume.com\/wp-content\/uploads\/2024\/10\/vague-gauche-bas.svg\" media=\"(max-width: 850px)\"><source srcset=\"https:\/\/www.camping-closdelachaume.com\/wp-content\/uploads\/2024\/10\/vague-gauche-bas.svg\" media=\"(max-width: 1024px)\"><source srcset=\"https:\/\/www.camping-closdelachaume.com\/wp-content\/uploads\/2024\/10\/vague-gauche-bas.svg\" media=\"(min-width: 1025px)\"><img decoding=\"async\" src=\"https:\/\/www.camping-closdelachaume.com\/wp-content\/uploads\/2024\/10\/vague-gauche-bas.svg\" width=\"420\" height=\"210\" title=\"vague-gauche-bas\" loading=\"lazy\" alt=\"\"><\/picture><\/figure>\n\n<div class=\"columns\"><div class=\"columns__item fade-up\"><h3><span class=\"fc-span\">Ein Aufenthalt in den Vogesen f\u00fcr die ganze Familie<\/span><\/h3><p   id=\"241\" >Verf\u00fcgen Sie \u00fcber eine gro\u00dfe Auswahl an Unterk\u00fcnften in der Hochsaison, die <strong>f\u00fcr Familien<\/strong> geeignet sind, mit Aktivit\u00e4ten und angepassten Unterk\u00fcnften. Mehr als 25 <a href=\"https:\/\/www.camping-closdelachaume.com\/de\/ferienwohnungen-vogesen\/\" data-type=\"page\" data-id=\"241\">Ferienh\u00e4user in den Vogesen<\/a> bieten Platz f\u00fcr 2 bis 6 Personen. Zwischen ungew\u00f6hnlichen Zelten, klassischen Mobilheimen oder Wohnwagenpl\u00e4tzen, <strong>die Authentizit\u00e4t unserer Cottages<\/strong> wird Sie in eine fremde Atmosph\u00e4re eintauchen lassen, in der Sie die Frische behalten, um <strong>Ihr Sommerwochenende in der N\u00e4he von G\u00e9rardmer<\/strong> zu genie\u00dfen.  <\/p><p    >Alle<strong> unsere Chalets in den Vogesen<\/strong> sind modern oder mit nat\u00fcrlichen Materialien wie Holz gebaut. Die Chalets verf\u00fcgen \u00fcber eine voll ausgestattete K\u00fcche, einen Essbereich und ein Wohnzimmer mit Fernseher, Wifi und ein Badezimmer. In dieser idyllischen Umgebung <strong>zwischen W\u00e4ldern und Bergen<\/strong> bietet Ihnen unser Campingplatz Sites et Paysages entspannende und unterhaltsame Aktivit\u00e4ten im kleinen Wald, w\u00e4hrend Sie Zugang zu einem angenehmen beheizten Hallenbad haben.  <\/p><\/div><div class=\"columns__item fade-right\"><div class=\"gallery height-adapt\"><figure class=\"gallery__item\"><picture><source srcset=\"https:\/\/www.camping-closdelachaume.com\/wp-content\/uploads\/2024\/10\/4ruisseau-camping-au-clos-de-la-chaume-850x366.jpg.webp\" media=\"(max-width: 420px)\"><source srcset=\"https:\/\/www.camping-closdelachaume.com\/wp-content\/uploads\/2024\/10\/4ruisseau-camping-au-clos-de-la-chaume-768x330.jpg.webp\" media=\"(max-width: 850px)\"><source srcset=\"https:\/\/www.camping-closdelachaume.com\/wp-content\/uploads\/2024\/10\/4ruisseau-camping-au-clos-de-la-chaume-1024x441.jpg.webp\" media=\"(max-width: 1024px)\"><source srcset=\"https:\/\/www.camping-closdelachaume.com\/wp-content\/uploads\/2024\/10\/4ruisseau-camping-au-clos-de-la-chaume.jpg.webp\" media=\"(min-width: 1025px)\"><img decoding=\"async\" src=\"https:\/\/www.camping-closdelachaume.com\/wp-content\/uploads\/2024\/10\/4ruisseau-camping-au-clos-de-la-chaume-600x258.jpg.webp\" width=\"420\" height=\"210\" title=\"ruisseau-camping-au-clos-de-la-chaume\" loading=\"lazy\" alt=\"\"><\/picture><\/figure><\/div><figure class=\"deco deco--3\"><picture><source srcset=\"https:\/\/www.camping-closdelachaume.com\/wp-content\/uploads\/2024\/10\/herbe2.svg\" media=\"(max-width: 420px)\"><source srcset=\"https:\/\/www.camping-closdelachaume.com\/wp-content\/uploads\/2024\/10\/herbe2.svg\" media=\"(max-width: 850px)\"><source srcset=\"https:\/\/www.camping-closdelachaume.com\/wp-content\/uploads\/2024\/10\/herbe2.svg\" media=\"(max-width: 1024px)\"><source srcset=\"https:\/\/www.camping-closdelachaume.com\/wp-content\/uploads\/2024\/10\/herbe2.svg\" media=\"(min-width: 1025px)\"><img decoding=\"async\" src=\"https:\/\/www.camping-closdelachaume.com\/wp-content\/uploads\/2024\/10\/herbe2.svg\" width=\"420\" height=\"210\" title=\"herbe2\" loading=\"lazy\" alt=\"\"><\/picture><\/figure><\/div><\/div>\n\n<div class=\"columns\"><div class=\"columns__item fade-left\"><div class=\"gallery col-2 f-carousel fc-diapo-mob\"><figure class=\"gallery__item\"><picture><source srcset=\"https:\/\/www.camping-closdelachaume.com\/wp-content\/uploads\/2024\/10\/2-piscine-couverte-temperature-moyenne-27-camping-sites-et-paysages-au-clos-de-la-chaume-vosges-alsace-lorraine-850x366.jpg.webp\" media=\"(max-width: 420px)\"><source srcset=\"https:\/\/www.camping-closdelachaume.com\/wp-content\/uploads\/2024\/10\/2-piscine-couverte-temperature-moyenne-27-camping-sites-et-paysages-au-clos-de-la-chaume-vosges-alsace-lorraine-768x330.jpg.webp\" media=\"(max-width: 850px)\"><source srcset=\"https:\/\/www.camping-closdelachaume.com\/wp-content\/uploads\/2024\/10\/2-piscine-couverte-temperature-moyenne-27-camping-sites-et-paysages-au-clos-de-la-chaume-vosges-alsace-lorraine-1024x441.jpg.webp\" media=\"(max-width: 1024px)\"><source srcset=\"https:\/\/www.camping-closdelachaume.com\/wp-content\/uploads\/2024\/10\/2-piscine-couverte-temperature-moyenne-27-camping-sites-et-paysages-au-clos-de-la-chaume-vosges-alsace-lorraine.jpg.webp\" media=\"(min-width: 1025px)\"><img decoding=\"async\" src=\"https:\/\/www.camping-closdelachaume.com\/wp-content\/uploads\/2024\/10\/2-piscine-couverte-temperature-moyenne-27-camping-sites-et-paysages-au-clos-de-la-chaume-vosges-alsace-lorraine-600x258.jpg.webp\" width=\"420\" height=\"210\" title=\"piscine-couverte-temperature-moyenne-27-camping-sites-et-paysages-au-clos-de-la-chaume-vosges-alsace-lorraine\" loading=\"lazy\" alt=\"\"><\/picture><\/figure><\/div><figure class=\"deco deco--2\"><picture><source srcset=\"https:\/\/www.camping-closdelachaume.com\/wp-content\/uploads\/2024\/10\/herbe3.svg\" media=\"(max-width: 420px)\"><source srcset=\"https:\/\/www.camping-closdelachaume.com\/wp-content\/uploads\/2024\/10\/herbe3.svg\" media=\"(max-width: 850px)\"><source srcset=\"https:\/\/www.camping-closdelachaume.com\/wp-content\/uploads\/2024\/10\/herbe3.svg\" media=\"(max-width: 1024px)\"><source srcset=\"https:\/\/www.camping-closdelachaume.com\/wp-content\/uploads\/2024\/10\/herbe3.svg\" media=\"(min-width: 1025px)\"><img decoding=\"async\" src=\"https:\/\/www.camping-closdelachaume.com\/wp-content\/uploads\/2024\/10\/herbe3.svg\" width=\"420\" height=\"210\" title=\"herbe3\" loading=\"lazy\" alt=\"\"><\/picture><\/figure><\/div><div class=\"columns__item texte fade-up\"><h3><span class=\"fc-span\">Genie\u00dfen Sie eine einzigartige Umgebung, um den Sommer zu zweit zu verl\u00e4ngern.<\/span><\/h3><p    >F\u00fcr ein <strong>Wochenende zu zweit<\/strong> halten die Vogesen viele \u00dcberraschungen f\u00fcr Sie bereit. <strong>In G\u00e9rardmer und Umgebung<\/strong> gibt es viele Aktivit\u00e4ten in der Natur, die Sie als Paar unternehmen k\u00f6nnen. Im September bereiten sich die Vogesenlandschaften auf die Herbstfarben vor und machen Platz f\u00fcr angenehmere Temperaturen. Es gibt keine romantischere Art, <strong>den Sommer zu verl\u00e4ngern<\/strong>, als durch die verschiedenen Parks zu spazieren, den Sonnenuntergang \u00fcber einem See zu beobachten oder die els\u00e4ssischen Weine zur Zeit der Weinlese zu probieren.  <\/p><div class=\"lireplus fc-desk\"><p    >Lesen Sie mehr<\/p><div class=\"group\"><p    >Um Ihr <strong>Wochenende in einem Chalet in den Vogesen<\/strong> so gut wie m\u00f6glich zu gestalten, empf\u00e4ngt Sie unser Team von April bis September mit Begeisterung und Sorgfalt. Seit \u00fcber 20 Jahren bietet Le Clos de la Chaume einen einzigartigen Service auf einem <strong>Campingplatz in den Vogesen, in der N\u00e4he von G\u00e9rardmer<\/strong>. <\/p><p    >Kurz gesagt, ein Chalet zu mieten, anstatt in einem Hotel zu \u00fcbernachten, ist eine praktische, preiswerte und charmante Idee. Genie\u00dfen Sie ein Sommerwochenende zu zweit oder eine Woche Familienurlaub in den Vogesen. <\/p><\/div><\/div><\/div><\/div>","protected":false},"excerpt":{"rendered":"<p>Ein Wochenende in einem Chalet in den Vogesen in der N\u00e4he von G\u00e9rardmer verbringen Ob Sie nun in der Hochsaison ein Familienwochenende brauchen, um der Stadt zu entfliehen, oder ob Sie im Sp\u00e4tsommer einen romantischen Ausflug mit Ihrem Partner machen m\u00f6chten, ein Chalet in den Vogesen ist eine charmante Option. Es gibt keinen besseren Ort [&hellip;]<\/p>\n","protected":false},"author":1,"featured_media":0,"parent":0,"menu_order":0,"comment_status":"closed","ping_status":"closed","template":"","meta":{"_acf_changed":false,"footnotes":""},"acf":[],"_links":{"self":[{"href":"https:\/\/www.camping-closdelachaume.com\/de\/wp-json\/wp\/v2\/pages\/2336"}],"collection":[{"href":"https:\/\/www.camping-closdelachaume.com\/de\/wp-json\/wp\/v2\/pages"}],"about":[{"href":"https:\/\/www.camping-closdelachaume.com\/de\/wp-json\/wp\/v2\/types\/page"}],"author":[{"embeddable":true,"href":"https:\/\/www.camping-closdelachaume.com\/de\/wp-json\/wp\/v2\/users\/1"}],"replies":[{"embeddable":true,"href":"https:\/\/www.camping-closdelachaume.com\/de\/wp-json\/wp\/v2\/comments?post=2336"}],"version-history":[{"count":3,"href":"https:\/\/www.camping-closdelachaume.com\/de\/wp-json\/wp\/v2\/pages\/2336\/revisions"}],"predecessor-version":[{"id":2972,"href":"https:\/\/www.camping-closdelachaume.com\/de\/wp-json\/wp\/v2\/pages\/2336\/revisions\/2972"}],"wp:attachment":[{"href":"https:\/\/www.camping-closdelachaume.com\/de\/wp-json\/wp\/v2\/media?parent=2336"}],"curies":[{"name":"wp","href":"https:\/\/api.w.org\/{rel}","templated":true}]}}